{"id":1810,"date":"2023-04-03T19:01:57","date_gmt":"2023-04-03T22:01:57","guid":{"rendered":"https:\/\/rsalog.com\/solucoes\/"},"modified":"2024-07-31T16:24:40","modified_gmt":"2024-07-31T19:24:40","slug":"soluciones","status":"publish","type":"page","link":"https:\/\/rsalog.com\/es\/soluciones\/","title":{"rendered":"Soluciones"},"content":{"rendered":"<div class=\"wpb-content-wrapper\">[vc_row thb_full_width=\u00bbtrue\u00bb thb_row_padding=\u00bbtrue\u00bb thb_column_padding=\u00bbtrue\u00bb thb_shape_divider=\u00bbtrue\u00bb css=\u00bb.vc_custom_1680565235325{padding-bottom: 45px !important;background-position: center !important;background-repeat: no-repeat !important;background-size: cover !important;}\u00bb divider_shape=\u00bbtilt_v2&#8243; thb_divider_color=\u00bb#ffffff\u00bb thb_divider_height=\u00bb50&#8243; bg_gradient1=\u00bb#297ea1&#8243; bg_gradient2=\u00bb#6cc4c7&#8243;][vc_column][vc_row_inner css=\u00bb.vc_custom_1680565255274{padding-top: 60px !important;}\u00bb][vc_column_inner]\t<div id=\"thb-autotype-69ea4b958cd34\" class=\"thb-autotype \">\n\t\t\n<h1><strong><span class=\"thb-autotype-entry\" data-thb-cursor=\"\" data-thb-loop=\"\" data-strings=\"[&quot;Soluciones&quot;]\" data-speed=\"50\"><\/span><\/strong><\/h1>\n\t\t\t\t<style>\n\t\t\t#thb-autotype-69ea4b958cd34 .thb-autotype-entry {\n\t\t\t\tcolor: #ffffff;\n\t\t\t}\n\t\t<\/style>\n\t\t\t<\/div>\n\n\t[\/vc_column_inner][\/vc_row_inner][\/vc_column][\/vc_row][vc_row thb_full_width=\u00bbtrue\u00bb thb_row_padding=\u00bbtrue\u00bb thb_column_padding=\u00bbtrue\u00bb content_placement=\u00bbmiddle\u00bb css=\u00bb.vc_custom_1686595883359{padding-top: 90px !important;padding-bottom: 30px !important;background-color: #ffffff !important;}\u00bb el_class=\u00bbalign-center\u00bb][vc_column][vc_row_inner content_placement=\u00bbmiddle\u00bb css=\u00bb.vc_custom_1686594719074{padding-bottom: 6vh !important;}\u00bb el_class=\u00bbalign-center\u00bb][vc_column_inner width=\u00bb2\/3&#8243; css=\u00bb.vc_custom_1686594750574{padding-right: 15% !important;padding-left: 15% !important;}\u00bb]\t<div id=\"thb-gradienttype-69ea4b958ceb4\" class=\"thb-gradienttype   on-hover-\">\n\t\t\n<h2>RSA Log\u00edstica Internacional: Su socio integral en comercio exterior<\/h2>\n\t\t\t<style>\n\t\t\t\t\t\t#thb-gradienttype-69ea4b958ceb4 * {\n\t\t\t\tbackground:#49c2cb;background:linear-gradient( -135deg,#267da0,#49c2cb );\t}\n\t\t\t\t<\/style>\n\t<\/div>\n\n\t[vc_separator align=\u00bbalign_left\u00bb border_width=\u00bb9&#8243; el_width=\u00bb30&#8243; css=\u00bb.vc_custom_1681856434937{padding-bottom: 30px !important;}\u00bb][vc_column_text css=\u00bb\u00bb]En RSA, no nos limitamos a ofrecer soluciones; creamos colaboraciones. Ofrecemos un servicio completo, desde los meticulosos procesos de despacho aduanero hasta la cotizaci\u00f3n y el transporte de sus mercanc\u00edas, garantizando que cada detalle se gestione con maestr\u00eda.<\/p>\n<p>Nuestro trabajo va m\u00e1s all\u00e1 de la ejecuci\u00f3n. Actuamos estrat\u00e9gicamente, asesorando sobre la correcta clasificaci\u00f3n fiscal de su producto, gestionando la documentaci\u00f3n necesaria e incluso dialogando con su proveedor para garantizar una log\u00edstica internacional cohesionada y eficiente.<\/p>\n<p>Imag\u00ednese disponer de un departamento especializado en comercio exterior, sin los costes fijos de mantenerlo internamente. As\u00ed es como nos gustar\u00eda que nos viera. Tratamos cada env\u00edo con el mismo cuidado y atenci\u00f3n que si fuera nuestro, permiti\u00e9ndole concentrarse en lo que mejor sabe hacer, al tiempo que garantizamos que su comercio exterior funcione a la perfecci\u00f3n.<\/p>\n<p>Compromiso, transparencia y precios competitivos son las piedras angulares de nuestro trabajo.<\/p>\n<p>Le invitamos a explorar un trabajo en cooperaci\u00f3n que redefine las expectativas. Cont\u00e1ctenos, reserve una visita y descubra por qu\u00e9 RSA no tiene rival.[\/vc_column_text][vc_separator align=\u00bbalign_left\u00bb border_width=\u00bb9&#8243; el_width=\u00bb30&#8243; css=\u00bb.vc_custom_1681853683031{padding-top: 30px !important;}\u00bb][\/vc_column_inner][vc_column_inner width=\u00bb1\/3&#8243;]\t<div id=\"thb-image-69ea4b958cffa\" class=\"caption-style1  aligncenter full  thb_image_link wp-caption \">\n\t\t\t<div class=\"thb-image-inner size_100\">\n\t\t\t<img loading=\"lazy\" decoding=\"async\" width=\"694\" height=\"1116\" src=\"https:\/\/rsalog.com\/wp-content\/uploads\/2023\/06\/solucoes1.webp\" class=\"thb_image retina_size medium-shadow  attachment-full\" alt=\"\" title=\"solucoes1\" \/>\t\t\t\t\t<\/div>\n\t\t\t\t\t<\/div>\n\t[\/vc_column_inner][\/vc_row_inner][\/vc_column][\/vc_row][vc_row content_placement=\u00bbmiddle\u00bb css=\u00bb.vc_custom_1686595763121{padding-top: 15vh !important;padding-bottom: 15vh !important;}\u00bb][vc_column width=\u00bb1\/2&#8243;]\t<div class=\"thb_cascading_images \">\n\t\t\t<figure class=\"cascading_image\">\n\t\t<div class=\"cascading_inner animation fade-in\">\n\t\t\t<img decoding=\"async\" src=\"https:\/\/rsalog.com\/wp-content\/uploads\/2023\/04\/fundo12.webp\" alt=\"\" style=\"transform: translateX(-15%) translateY(0%); \" width=\"1180\" class=\" retina_size\"\/>\n\t\t<\/div>\n\t<\/figure>\n\t\t<figure class=\"cascading_image\">\n\t\t<div class=\"cascading_inner animation bottom-to-top-3d\">\n\t\t\t<img decoding=\"async\" src=\"https:\/\/rsalog.com\/wp-content\/uploads\/2023\/04\/fundo2.webp\" alt=\"\" style=\"transform: translateX(45%) translateY(10%); \" width=\"786\" class=\" retina_size\"\/>\n\t\t<\/div>\n\t<\/figure>\n\t\t<figure class=\"cascading_image\">\n\t\t<div class=\"cascading_inner animation top-to-bottom-3d\">\n\t\t\t<img decoding=\"async\" src=\"https:\/\/rsalog.com\/wp-content\/uploads\/2023\/04\/fundo3-3.webp\" alt=\"\" style=\"transform: translateX(-75%) translateY(-50%); \" width=\"580\" class=\" retina_size\"\/>\n\t\t<\/div>\n\t<\/figure>\n\t\t<\/div>\n\t[\/vc_column][vc_column width=\u00bb1\/2&#8243; css=\u00bb.vc_custom_1589980701439{padding-left: 5% !important;}\u00bb]\t<div id=\"thb-slidetype-69ea4b9596835\" class=\"thb-slidetype thb-section-subtitle\" data-style=\"style2\">\n\t\t<span class=\"thb-slidetype-entry\"><span class=\"lines\">SERVICIOS<\/span><\/span>\t\t\t\t<style>\n\t\t\t#thb-slidetype-69ea4b9596835 .thb-slidetype-entry {\n\t\t\t\tcolor: #297ea1;\n\t\t\t}\n\t\t<\/style>\n\t\t\t<\/div>\n\n\t[vc_empty_space height=\u00bb30px\u00bb][vc_row_inner thb_max_width=\u00bb\u00bb][vc_column_inner]\t<div id=\"thb-accordion-69ea4b95968c5\" class=\"thb-accordion style1 \" data-scroll=\"true\" data-index=\"0\">\n\t\t[vc_tta_section title=\u00bbDespacho Aduanero\u00bb tab_id=\u00bbdesembaracoaduaneiro\u00bb][vc_empty_space height=\u00bb15px\u00bb][vc_column_text css=\u00bb\u00bb]Sus operaciones de comercio exterior pueden realizarse de forma m\u00e1s sencilla y correcta.<\/p>\n<p>Tanto para las importaciones como para las exportaciones, el tr\u00e1mite m\u00e1s importante al cruzar pa\u00edses es el despacho aduanero.[\/vc_column_text]\t<a class=\"btn-text   style1\" href=\"\/solucoes\/desembaraco-aduaneiro\/\" target=\"_self\" role=\"button\" title=\"M\u00c1S INFORMACIONES\">\n\t\t<span>M\u00c1S INFORMACIONES<\/span>\n\t\t\t\t<\/a>\n\n\t[vc_empty_space height=\u00bb15px\u00bb][\/vc_tta_section][vc_tta_section title=\u00bbAsesoramiento aduanero\u00bb tab_id=\u00bbassessoriaaduaneira\u00bb][vc_empty_space height=\u00bb15px\u00bb][vc_column_text css=\u00bb\u00bb]El servicio de asesoramiento aduanero de RSA LOG guiar\u00e1 sus operaciones de comercio exterior por un camino m\u00e1s fiable y r\u00e1pido.[\/vc_column_text]\t<a class=\"btn-text   style1\" href=\"\/solucoes\/assessoria-aduaneira\/\" target=\"_self\" role=\"button\" title=\"M\u00c1S INFORMACIONES\">\n\t\t<span>M\u00c1S INFORMACIONES<\/span>\n\t\t\t\t<\/a>\n\n\t[vc_empty_space height=\u00bb15px\u00bb][\/vc_tta_section][vc_tta_section title=\u00bbLog\u00edstica Internacional\u00bb tab_id=\u00bblogisticainternacional\u00bb][vc_empty_space height=\u00bb15px\u00bb][vc_column_text css=\u00bb\u00bb]Cuando hablamos de log\u00edstica internacional, adoptamos un punto de vista diferenciado. Esto se debe a que RSA LOG trabaja con operaciones puerta a puerta, es decir, encarg\u00e1ndose de todas las etapas, desde el origen hasta el destino.[\/vc_column_text]\t<a class=\"btn-text   style1\" href=\"\/solucoes\/logistica-internacional\/\" target=\"_self\" role=\"button\" title=\"M\u00c1S INFORMACIONES\">\n\t\t<span>M\u00c1S INFORMACIONES<\/span>\n\t\t\t\t<\/a>\n\n\t[vc_empty_space height=\u00bb15px\u00bb][\/vc_tta_section][vc_tta_section title=\u00bbReg\u00edmenes Especiales\u00bb tab_id=\u00bbregimesespeciais\u00bb][vc_empty_space height=\u00bb15px\u00bb][vc_column_text css=\u00bb\u00bb]Los reg\u00edmenes aduaneros especiales son ampliamente utilizados en Brasil, principalmente porque los estados brasile\u00f1os compiten entre s\u00ed, ofreciendo oportunidades para que las empresas establezcan sus operaciones de importaci\u00f3n y exportaci\u00f3n en cada regi\u00f3n.[\/vc_column_text]\t<a class=\"btn-text   style1\" href=\"\/solucoes\/regimes-especiais\/\" target=\"_self\" role=\"button\" title=\"M\u00c1S INFORMACIONES\">\n\t\t<span>M\u00c1S INFORMACIONES<\/span>\n\t\t\t\t<\/a>\n\n\t[vc_empty_space height=\u00bb15px\u00bb][\/vc_tta_section][vc_tta_section title=\u00bbDrawback\u00bb tab_id=\u00bbdrawback\u00bb][vc_empty_space height=\u00bb15px\u00bb][vc_column_text css=\u00bb\u00bb]El r\u00e9gimen de drawback es uno de los reg\u00edmenes aduaneros especiales m\u00e1s comunes y es utilizado por las empresas que importan insumos o materias primas para la producci\u00f3n de bienes que posteriormente ser\u00e1n exportados.[\/vc_column_text]\t<a class=\"btn-text   style1\" href=\"\/solucoes\/drawback\/\" target=\"_self\" role=\"button\" title=\"M\u00c1S INFORMACIONES\">\n\t\t<span>M\u00c1S INFORMACIONES<\/span>\n\t\t\t\t<\/a>\n\n\t[vc_empty_space height=\u00bb15px\u00bb][\/vc_tta_section][vc_tta_section title=\u00bbEx-Arancelario\u00bb tab_id=\u00bbextarifario\u00bb][vc_empty_space height=\u00bb15px\u00bb][vc_column_text css=\u00bb\u00bb]El ex-arancelario (ex tariff) es un r\u00e9gimen especial utilizado por el gobierno federal brasile\u00f1o para fomentar la importaci\u00f3n de bienes de capital (maquinaria y equipo) que no tengan producci\u00f3n nacional equivalente.[\/vc_column_text]\t<a class=\"btn-text   style1\" href=\"\/solucoes\/ex-tarifario\/\" target=\"_self\" role=\"button\" title=\"M\u00c1S INFORMACIONES\">\n\t\t<span>M\u00c1S INFORMACIONES<\/span>\n\t\t\t\t<\/a>\n\n\t[vc_empty_space height=\u00bb15px\u00bb][\/vc_tta_section][vc_tta_section title=\u00bbImportaci\u00f3n de Maquinaria Usada\u00bb tab_id=\u00bbimportacaomaquinausada\u00bb][vc_empty_space height=\u00bb15px\u00bb][vc_column_text css=\u00bb\u00bb]La importaci\u00f3n de maquinaria usada est\u00e1 permitida en Brasil, siempre que cumpla determinados requisitos legales y t\u00e9cnicos.[\/vc_column_text]\t<a class=\"btn-text   style1\" href=\"\/solucoes\/importacao-maquina-usada\/\" target=\"_self\" role=\"button\" title=\"M\u00c1S INFORMACIONES\">\n\t\t<span>M\u00c1S INFORMACIONES<\/span>\n\t\t\t\t<\/a>\n\n\t[vc_empty_space height=\u00bb15px\u00bb][\/vc_tta_section][vc_tta_section title=\u00bbR\u00e9gimen de Importaci\u00f3n Temporal \u00bb tab_id=\u00bbimportacaoregimetemporario\u00bb][vc_empty_space height=\u00bb15px\u00bb][vc_column_text css=\u00bb\u00bb]\u00bfConoce el r\u00e9gimen de importaci\u00f3n temporal?<\/p>\n<p>Normalmente, los productos que son importantes en este r\u00e9gimen especial tienen un periodo de tiempo limitado y una finalidad espec\u00edfica.[\/vc_column_text]\t<a class=\"btn-text   style1\" href=\"\/solucoes\/importacao-regime-temporario\/\" target=\"_self\" role=\"button\" title=\"M\u00c1S INFORMACIONES\">\n\t\t<span>M\u00c1S INFORMACIONES<\/span>\n\t\t\t\t<\/a>\n\n\t[vc_empty_space height=\u00bb15px\u00bb][\/vc_tta_section]\t<\/div>\n\t[\/vc_column_inner][\/vc_row_inner][\/vc_column][\/vc_row]\n<\/div>","protected":false},"excerpt":{"rendered":"<p>[vc_row thb_full_width=\u00bbtrue\u00bb thb_row_padding=\u00bbtrue\u00bb thb_column_padding=\u00bbtrue\u00bb thb_shape_divider=\u00bbtrue\u00bb css=\u00bb.vc_custom_1680565235325{padding-bottom: 45px !important;background-position: center !important;background-repeat: no-repeat !important;background-size: cover !important;}\u00bb divider_shape=\u00bbtilt_v2&#8243; thb_divider_color=\u00bb#ffffff\u00bb thb_divider_height=\u00bb50&#8243; bg_gradient1=\u00bb#297ea1&#8243; bg_gradient2=\u00bb#6cc4c7&#8243;][vc_column][vc_row_inner css=\u00bb.vc_custom_1680565255274{padding-top: 60px !important;}\u00bb][vc_column_inner][\/vc_column_inner][\/vc_row_inner][\/vc_column][\/vc_row][vc_row thb_full_width=\u00bbtrue\u00bb thb_row_padding=\u00bbtrue\u00bb thb_column_padding=\u00bbtrue\u00bb content_placement=\u00bbmiddle\u00bb css=\u00bb.vc_custom_1686595883359{padding-top: 90px !important;padding-bottom: 30px !important;background-color: #ffffff !important;}\u00bb el_class=\u00bbalign-center\u00bb][vc_column][vc_row_inner content_placement=\u00bbmiddle\u00bb css=\u00bb.vc_custom_1686594719074{padding-bottom: 6vh !important;}\u00bb el_class=\u00bbalign-center\u00bb][vc_column_inner width=\u00bb2\/3&#8243; css=\u00bb.vc_custom_1686594750574{padding-right: 15% !important;padding-left: 15% !important;}\u00bb][vc_separator align=\u00bbalign_left\u00bb border_width=\u00bb9&#8243; el_width=\u00bb30&#8243; css=\u00bb.vc_custom_1681856434937{padding-bottom: 30px !important;}\u00bb][vc_column_text css=\u00bb\u00bb]En RSA, no nos&hellip;<\/p>\n","protected":false},"author":1,"featured_media":0,"parent":0,"menu_order":0,"comment_status":"closed","ping_status":"closed","template":"","meta":{"footnotes":""},"class_list":["post-1810","page","type-page","status-publish","hentry"],"yoast_head":"<!-- This site is optimized with the Yoast SEO plugin v26.7 - https:\/\/yoast.com\/wordpress\/plugins\/seo\/ -->\n<title>Soluciones - RSA<\/title>\n<meta name=\"robots\" content=\"index, follow, max-snippet:-1, max-image-preview:large, max-video-preview:-1\" \/>\n<link rel=\"canonical\" href=\"https:\/\/rsalog.com\/es\/soluciones\/\" \/>\n<meta property=\"og:locale\" content=\"es_ES\" \/>\n<meta property=\"og:type\" content=\"article\" \/>\n<meta property=\"og:title\" content=\"Soluciones - RSA\" \/>\n<meta property=\"og:description\" content=\"[vc_row thb_full_width=\u00bbtrue\u00bb thb_row_padding=\u00bbtrue\u00bb thb_column_padding=\u00bbtrue\u00bb thb_shape_divider=\u00bbtrue\u00bb css=\u00bb.vc_custom_1680565235325{padding-bottom: 45px !important;background-position: center !important;background-repeat: no-repeat !important;background-size: cover !important;}\u00bb divider_shape=\u00bbtilt_v2&#8243; thb_divider_color=\u00bb#ffffff\u00bb thb_divider_height=\u00bb50&#8243; bg_gradient1=\u00bb#297ea1&#8243; bg_gradient2=\u00bb#6cc4c7&#8243;][vc_column][vc_row_inner css=\u00bb.vc_custom_1680565255274{padding-top: 60px !important;}\u00bb][vc_column_inner][\/vc_column_inner][\/vc_row_inner][\/vc_column][\/vc_row][vc_row thb_full_width=\u00bbtrue\u00bb thb_row_padding=\u00bbtrue\u00bb thb_column_padding=\u00bbtrue\u00bb content_placement=\u00bbmiddle\u00bb css=\u00bb.vc_custom_1686595883359{padding-top: 90px !important;padding-bottom: 30px !important;background-color: #ffffff !important;}\u00bb el_class=\u00bbalign-center\u00bb][vc_column][vc_row_inner content_placement=\u00bbmiddle\u00bb css=\u00bb.vc_custom_1686594719074{padding-bottom: 6vh !important;}\u00bb el_class=\u00bbalign-center\u00bb][vc_column_inner width=\u00bb2\/3&#8243; css=\u00bb.vc_custom_1686594750574{padding-right: 15% !important;padding-left: 15% !important;}\u00bb][vc_separator align=\u00bbalign_left\u00bb border_width=\u00bb9&#8243; el_width=\u00bb30&#8243; css=\u00bb.vc_custom_1681856434937{padding-bottom: 30px !important;}\u00bb][vc_column_text css=\u00bb\u00bb]En RSA, no nos&hellip;\" \/>\n<meta property=\"og:url\" content=\"https:\/\/rsalog.com\/es\/soluciones\/\" \/>\n<meta property=\"og:site_name\" content=\"RSA\" \/>\n<meta property=\"article:modified_time\" content=\"2024-07-31T19:24:40+00:00\" \/>\n<meta property=\"og:image\" content=\"https:\/\/rsalog.com\/wp-content\/uploads\/2023\/11\/rsafooter.webp\" \/>\n\t<meta property=\"og:image:width\" content=\"1600\" \/>\n\t<meta property=\"og:image:height\" content=\"1300\" \/>\n\t<meta property=\"og:image:type\" content=\"image\/webp\" \/>\n<meta name=\"twitter:card\" content=\"summary_large_image\" \/>\n<meta name=\"twitter:label1\" content=\"Tiempo de lectura\" \/>\n\t<meta name=\"twitter:data1\" content=\"4 minutos\" \/>\n<script type=\"application\/ld+json\" class=\"yoast-schema-graph\">{\"@context\":\"https:\/\/schema.org\",\"@graph\":[{\"@type\":\"WebPage\",\"@id\":\"https:\/\/rsalog.com\/es\/soluciones\/\",\"url\":\"https:\/\/rsalog.com\/es\/soluciones\/\",\"name\":\"Soluciones - RSA\",\"isPartOf\":{\"@id\":\"https:\/\/rsalog.com\/es\/#website\"},\"datePublished\":\"2023-04-03T22:01:57+00:00\",\"dateModified\":\"2024-07-31T19:24:40+00:00\",\"breadcrumb\":{\"@id\":\"https:\/\/rsalog.com\/es\/soluciones\/#breadcrumb\"},\"inLanguage\":\"es\",\"potentialAction\":[{\"@type\":\"ReadAction\",\"target\":[\"https:\/\/rsalog.com\/es\/soluciones\/\"]}]},{\"@type\":\"BreadcrumbList\",\"@id\":\"https:\/\/rsalog.com\/es\/soluciones\/#breadcrumb\",\"itemListElement\":[{\"@type\":\"ListItem\",\"position\":1,\"name\":\"In\u00edcio\",\"item\":\"https:\/\/rsalog.com\/es\/\"},{\"@type\":\"ListItem\",\"position\":2,\"name\":\"Soluciones\"}]},{\"@type\":\"WebSite\",\"@id\":\"https:\/\/rsalog.com\/es\/#website\",\"url\":\"https:\/\/rsalog.com\/es\/\",\"name\":\"RSA Log\u00edstica Internacional\",\"description\":\"Logistica Internacional\",\"publisher\":{\"@id\":\"https:\/\/rsalog.com\/es\/#organization\"},\"alternateName\":\"RSA Log\u00edstica\",\"potentialAction\":[{\"@type\":\"SearchAction\",\"target\":{\"@type\":\"EntryPoint\",\"urlTemplate\":\"https:\/\/rsalog.com\/es\/?s={search_term_string}\"},\"query-input\":{\"@type\":\"PropertyValueSpecification\",\"valueRequired\":true,\"valueName\":\"search_term_string\"}}],\"inLanguage\":\"es\"},{\"@type\":\"Organization\",\"@id\":\"https:\/\/rsalog.com\/es\/#organization\",\"name\":\"RSA Log\u00edstica Internacional\",\"alternateName\":\"RSA Log\u00edstica\",\"url\":\"https:\/\/rsalog.com\/es\/\",\"logo\":{\"@type\":\"ImageObject\",\"inLanguage\":\"es\",\"@id\":\"https:\/\/rsalog.com\/es\/#\/schema\/logo\/image\/\",\"url\":\"https:\/\/rsalog.com\/wp-content\/uploads\/2023\/04\/rsa-logistica-3.svg\",\"contentUrl\":\"https:\/\/rsalog.com\/wp-content\/uploads\/2023\/04\/rsa-logistica-3.svg\",\"width\":\"1024\",\"height\":\"1024\",\"caption\":\"RSA Log\u00edstica Internacional\"},\"image\":{\"@id\":\"https:\/\/rsalog.com\/es\/#\/schema\/logo\/image\/\"},\"sameAs\":[\"https:\/\/www.instagram.com\/rsalogisticsbr\/\",\"https:\/\/www.linkedin.com\/company\/10004558\/admin\/\"]}]}<\/script>\n<!-- \/ Yoast SEO plugin. -->","yoast_head_json":{"title":"Soluciones - RSA","robots":{"index":"index","follow":"follow","max-snippet":"max-snippet:-1","max-image-preview":"max-image-preview:large","max-video-preview":"max-video-preview:-1"},"canonical":"https:\/\/rsalog.com\/es\/soluciones\/","og_locale":"es_ES","og_type":"article","og_title":"Soluciones - RSA","og_description":"[vc_row thb_full_width=\u00bbtrue\u00bb thb_row_padding=\u00bbtrue\u00bb thb_column_padding=\u00bbtrue\u00bb thb_shape_divider=\u00bbtrue\u00bb css=\u00bb.vc_custom_1680565235325{padding-bottom: 45px !important;background-position: center !important;background-repeat: no-repeat !important;background-size: cover !important;}\u00bb divider_shape=\u00bbtilt_v2&#8243; thb_divider_color=\u00bb#ffffff\u00bb thb_divider_height=\u00bb50&#8243; bg_gradient1=\u00bb#297ea1&#8243; bg_gradient2=\u00bb#6cc4c7&#8243;][vc_column][vc_row_inner css=\u00bb.vc_custom_1680565255274{padding-top: 60px !important;}\u00bb][vc_column_inner][\/vc_column_inner][\/vc_row_inner][\/vc_column][\/vc_row][vc_row thb_full_width=\u00bbtrue\u00bb thb_row_padding=\u00bbtrue\u00bb thb_column_padding=\u00bbtrue\u00bb content_placement=\u00bbmiddle\u00bb css=\u00bb.vc_custom_1686595883359{padding-top: 90px !important;padding-bottom: 30px !important;background-color: #ffffff !important;}\u00bb el_class=\u00bbalign-center\u00bb][vc_column][vc_row_inner content_placement=\u00bbmiddle\u00bb css=\u00bb.vc_custom_1686594719074{padding-bottom: 6vh !important;}\u00bb el_class=\u00bbalign-center\u00bb][vc_column_inner width=\u00bb2\/3&#8243; css=\u00bb.vc_custom_1686594750574{padding-right: 15% !important;padding-left: 15% !important;}\u00bb][vc_separator align=\u00bbalign_left\u00bb border_width=\u00bb9&#8243; el_width=\u00bb30&#8243; css=\u00bb.vc_custom_1681856434937{padding-bottom: 30px !important;}\u00bb][vc_column_text css=\u00bb\u00bb]En RSA, no nos&hellip;","og_url":"https:\/\/rsalog.com\/es\/soluciones\/","og_site_name":"RSA","article_modified_time":"2024-07-31T19:24:40+00:00","og_image":[{"width":1600,"height":1300,"url":"https:\/\/rsalog.com\/wp-content\/uploads\/2023\/11\/rsafooter.webp","type":"image\/webp"}],"twitter_card":"summary_large_image","twitter_misc":{"Tiempo de lectura":"4 minutos"},"schema":{"@context":"https:\/\/schema.org","@graph":[{"@type":"WebPage","@id":"https:\/\/rsalog.com\/es\/soluciones\/","url":"https:\/\/rsalog.com\/es\/soluciones\/","name":"Soluciones - RSA","isPartOf":{"@id":"https:\/\/rsalog.com\/es\/#website"},"datePublished":"2023-04-03T22:01:57+00:00","dateModified":"2024-07-31T19:24:40+00:00","breadcrumb":{"@id":"https:\/\/rsalog.com\/es\/soluciones\/#breadcrumb"},"inLanguage":"es","potentialAction":[{"@type":"ReadAction","target":["https:\/\/rsalog.com\/es\/soluciones\/"]}]},{"@type":"BreadcrumbList","@id":"https:\/\/rsalog.com\/es\/soluciones\/#breadcrumb","itemListElement":[{"@type":"ListItem","position":1,"name":"In\u00edcio","item":"https:\/\/rsalog.com\/es\/"},{"@type":"ListItem","position":2,"name":"Soluciones"}]},{"@type":"WebSite","@id":"https:\/\/rsalog.com\/es\/#website","url":"https:\/\/rsalog.com\/es\/","name":"RSA Log\u00edstica Internacional","description":"Logistica Internacional","publisher":{"@id":"https:\/\/rsalog.com\/es\/#organization"},"alternateName":"RSA Log\u00edstica","potentialAction":[{"@type":"SearchAction","target":{"@type":"EntryPoint","urlTemplate":"https:\/\/rsalog.com\/es\/?s={search_term_string}"},"query-input":{"@type":"PropertyValueSpecification","valueRequired":true,"valueName":"search_term_string"}}],"inLanguage":"es"},{"@type":"Organization","@id":"https:\/\/rsalog.com\/es\/#organization","name":"RSA Log\u00edstica Internacional","alternateName":"RSA Log\u00edstica","url":"https:\/\/rsalog.com\/es\/","logo":{"@type":"ImageObject","inLanguage":"es","@id":"https:\/\/rsalog.com\/es\/#\/schema\/logo\/image\/","url":"https:\/\/rsalog.com\/wp-content\/uploads\/2023\/04\/rsa-logistica-3.svg","contentUrl":"https:\/\/rsalog.com\/wp-content\/uploads\/2023\/04\/rsa-logistica-3.svg","width":"1024","height":"1024","caption":"RSA Log\u00edstica Internacional"},"image":{"@id":"https:\/\/rsalog.com\/es\/#\/schema\/logo\/image\/"},"sameAs":["https:\/\/www.instagram.com\/rsalogisticsbr\/","https:\/\/www.linkedin.com\/company\/10004558\/admin\/"]}]}},"_links":{"self":[{"href":"https:\/\/rsalog.com\/es\/wp-json\/wp\/v2\/pages\/1810","targetHints":{"allow":["GET"]}}],"collection":[{"href":"https:\/\/rsalog.com\/es\/wp-json\/wp\/v2\/pages"}],"about":[{"href":"https:\/\/rsalog.com\/es\/wp-json\/wp\/v2\/types\/page"}],"author":[{"embeddable":true,"href":"https:\/\/rsalog.com\/es\/wp-json\/wp\/v2\/users\/1"}],"replies":[{"embeddable":true,"href":"https:\/\/rsalog.com\/es\/wp-json\/wp\/v2\/comments?post=1810"}],"version-history":[{"count":0,"href":"https:\/\/rsalog.com\/es\/wp-json\/wp\/v2\/pages\/1810\/revisions"}],"wp:attachment":[{"href":"https:\/\/rsalog.com\/es\/wp-json\/wp\/v2\/media?parent=1810"}],"curies":[{"name":"wp","href":"https:\/\/api.w.org\/{rel}","templated":true}]}}