{"id":1817,"date":"2023-04-03T19:02:04","date_gmt":"2023-04-03T22:02:04","guid":{"rendered":"https:\/\/rsalog.com\/tracking\/"},"modified":"2024-07-31T16:27:01","modified_gmt":"2024-07-31T19:27:01","slug":"rastreo","status":"publish","type":"page","link":"https:\/\/rsalog.com\/es\/rastreo\/","title":{"rendered":"Rastreo"},"content":{"rendered":"<div class=\"wpb-content-wrapper\">[vc_row thb_full_width=\u00bbtrue\u00bb thb_row_padding=\u00bbtrue\u00bb thb_column_padding=\u00bbtrue\u00bb thb_shape_divider=\u00bbtrue\u00bb css=\u00bb.vc_custom_1680565235325{padding-bottom: 45px !important;background-position: center !important;background-repeat: no-repeat !important;background-size: cover !important;}\u00bb divider_shape=\u00bbtilt_v2&#8243; thb_divider_color=\u00bb#ffffff\u00bb thb_divider_height=\u00bb50&#8243; bg_gradient1=\u00bb#297ea1&#8243; bg_gradient2=\u00bb#6cc4c7&#8243;][vc_column][vc_row_inner css=\u00bb.vc_custom_1680565255274{padding-top: 60px !important;}\u00bb][vc_column_inner]\t<div id=\"thb-autotype-69d4dddd02de5\" class=\"thb-autotype \">\n\t\t\n<h1><strong><span class=\"thb-autotype-entry\" data-thb-cursor=\"\" data-thb-loop=\"\" data-strings=\"[&quot;Rastreo&quot;]\" data-speed=\"50\"><\/span><\/strong><\/h1>\n\t\t\t\t<style>\n\t\t\t#thb-autotype-69d4dddd02de5 .thb-autotype-entry {\n\t\t\t\tcolor: #ffffff;\n\t\t\t}\n\t\t<\/style>\n\t\t\t<\/div>\n\n\t[\/vc_column_inner][\/vc_row_inner][\/vc_column][\/vc_row][vc_row thb_full_width=\u00bbtrue\u00bb thb_row_padding=\u00bbtrue\u00bb thb_column_padding=\u00bbtrue\u00bb content_placement=\u00bbmiddle\u00bb css=\u00bb.vc_custom_1686594790695{padding-top: 90px !important;padding-bottom: 90px !important;background-color: #ffffff !important;}\u00bb el_class=\u00bbalign-center\u00bb][vc_column][vc_row_inner content_placement=\u00bbmiddle\u00bb css=\u00bb.vc_custom_1686594719074{padding-bottom: 6vh !important;}\u00bb el_class=\u00bbalign-center\u00bb][vc_column_inner width=\u00bb1\/2&#8243;]\t<div id=\"thb-image-69d4dddd02edb\" class=\"caption-style1  aligncenter full  thb_image_link wp-caption \">\n\t\t\t<div class=\"thb-image-inner size_100\">\n\t\t\t<img loading=\"lazy\" decoding=\"async\" width=\"1160\" height=\"1304\" src=\"https:\/\/rsalog.com\/wp-content\/uploads\/2023\/11\/rsatracking.webp\" class=\"thb_image    attachment-full\" alt=\"\" title=\"rsatracking\" \/>\t\t\t\t\t<\/div>\n\t\t\t\t\t<\/div>\n\t[\/vc_column_inner][vc_column_inner width=\u00bb1\/2&#8243; css=\u00bb.vc_custom_1700246199126{padding-right: 15% !important;padding-left: 15% !important;}\u00bb]\t<div id=\"thb-gradienttype-69d4dddd09f6b\" class=\"thb-gradienttype   on-hover-\">\n\t\t\n<h2>Seguimiento en tiempo real: Rastreo RSA Log\u00edstica International<\/h2>\n\t\t\t<style>\n\t\t\t\t\t\t#thb-gradienttype-69d4dddd09f6b * {\n\t\t\t\tbackground:#49c2cb;background:linear-gradient( -135deg,#267da0,#49c2cb );\t}\n\t\t\t\t<\/style>\n\t<\/div>\n\n\t[vc_separator align=\u00bbalign_left\u00bb border_width=\u00bb9&#8243; el_width=\u00bb30&#8243; css=\u00bb.vc_custom_1681856434937{padding-bottom: 30px !important;}\u00bb][vc_column_text css=\u00bb\u00bb]En el mundo actual, la informaci\u00f3n es tan valiosa como el oro negro de anta\u00f1o: el petr\u00f3leo. Comprendiendo la importancia cr\u00edtica de mantenerse informado, RSA Log\u00edstica Internacional le proporciona un sistema de seguimiento avanzado y preciso.<\/p>\n<p>No es s\u00f3lo una herramienta, es nuestra promesa de transparencia y compromiso. Sabemos que cada detalle cuenta cuando se trata de log\u00edstica internacional. Por eso trabajamos sin descanso para garantizar que tenga acceso en tiempo real al estado y la ubicaci\u00f3n de sus procesos, desde el inicio hasta la entrega final.<\/p>\n<p>Con RSA, siempre tendr\u00e1 el control, a un solo clic de la informaci\u00f3n que necesita.[\/vc_column_text][vc_empty_space height=\u00bb15px\u00bb]\t<a id=\"thb-button-69d4dddd0a043\" class=\"btn style1 large  accent small-radius    \" href=\"https:\/\/tracking.uxcomex.com.br\/?code=f0dc3f5e-99eb-4a9d-8773-7d74763405e2\" target=\"_blank\" role=\"button\">\n\t\t\t\t\t<span>\u00c1rea de clientes<\/span>\n\t\t\t<\/a>\n\t\t[vc_empty_space height=\u00bb15px\u00bb][vc_separator align=\u00bbalign_left\u00bb border_width=\u00bb9&#8243; el_width=\u00bb30&#8243; css=\u00bb.vc_custom_1681853683031{padding-top: 30px !important;}\u00bb][\/vc_column_inner][\/vc_row_inner][\/vc_column][\/vc_row]\n<\/div>","protected":false},"excerpt":{"rendered":"<p>[vc_row thb_full_width=\u00bbtrue\u00bb thb_row_padding=\u00bbtrue\u00bb thb_column_padding=\u00bbtrue\u00bb thb_shape_divider=\u00bbtrue\u00bb css=\u00bb.vc_custom_1680565235325{padding-bottom: 45px !important;background-position: center !important;background-repeat: no-repeat !important;background-size: cover !important;}\u00bb divider_shape=\u00bbtilt_v2&#8243; thb_divider_color=\u00bb#ffffff\u00bb thb_divider_height=\u00bb50&#8243; bg_gradient1=\u00bb#297ea1&#8243; bg_gradient2=\u00bb#6cc4c7&#8243;][vc_column][vc_row_inner css=\u00bb.vc_custom_1680565255274{padding-top: 60px !important;}\u00bb][vc_column_inner][\/vc_column_inner][\/vc_row_inner][\/vc_column][\/vc_row][vc_row thb_full_width=\u00bbtrue\u00bb thb_row_padding=\u00bbtrue\u00bb thb_column_padding=\u00bbtrue\u00bb content_placement=\u00bbmiddle\u00bb css=\u00bb.vc_custom_1686594790695{padding-top: 90px !important;padding-bottom: 90px !important;background-color: #ffffff !important;}\u00bb el_class=\u00bbalign-center\u00bb][vc_column][vc_row_inner content_placement=\u00bbmiddle\u00bb css=\u00bb.vc_custom_1686594719074{padding-bottom: 6vh !important;}\u00bb el_class=\u00bbalign-center\u00bb][vc_column_inner width=\u00bb1\/2&#8243;][\/vc_column_inner][vc_column_inner width=\u00bb1\/2&#8243; css=\u00bb.vc_custom_1700246199126{padding-right: 15% !important;padding-left: 15% !important;}\u00bb][vc_separator align=\u00bbalign_left\u00bb border_width=\u00bb9&#8243; el_width=\u00bb30&#8243; css=\u00bb.vc_custom_1681856434937{padding-bottom: 30px !important;}\u00bb][vc_column_text css=\u00bb\u00bb]En el mundo&hellip;<\/p>\n","protected":false},"author":1,"featured_media":0,"parent":0,"menu_order":0,"comment_status":"closed","ping_status":"closed","template":"","meta":{"footnotes":""},"class_list":["post-1817","page","type-page","status-publish","hentry"],"yoast_head":"<!-- This site is optimized with the Yoast SEO plugin v26.7 - https:\/\/yoast.com\/wordpress\/plugins\/seo\/ -->\n<title>Rastreo - RSA<\/title>\n<meta name=\"robots\" content=\"index, follow, max-snippet:-1, max-image-preview:large, max-video-preview:-1\" \/>\n<link rel=\"canonical\" href=\"https:\/\/rsalog.com\/es\/rastreo\/\" \/>\n<meta property=\"og:locale\" content=\"es_ES\" \/>\n<meta property=\"og:type\" content=\"article\" \/>\n<meta property=\"og:title\" content=\"Rastreo - RSA\" \/>\n<meta property=\"og:description\" content=\"[vc_row thb_full_width=\u00bbtrue\u00bb thb_row_padding=\u00bbtrue\u00bb thb_column_padding=\u00bbtrue\u00bb thb_shape_divider=\u00bbtrue\u00bb css=\u00bb.vc_custom_1680565235325{padding-bottom: 45px !important;background-position: center !important;background-repeat: no-repeat !important;background-size: cover !important;}\u00bb divider_shape=\u00bbtilt_v2&#8243; thb_divider_color=\u00bb#ffffff\u00bb thb_divider_height=\u00bb50&#8243; bg_gradient1=\u00bb#297ea1&#8243; bg_gradient2=\u00bb#6cc4c7&#8243;][vc_column][vc_row_inner css=\u00bb.vc_custom_1680565255274{padding-top: 60px !important;}\u00bb][vc_column_inner][\/vc_column_inner][\/vc_row_inner][\/vc_column][\/vc_row][vc_row thb_full_width=\u00bbtrue\u00bb thb_row_padding=\u00bbtrue\u00bb thb_column_padding=\u00bbtrue\u00bb content_placement=\u00bbmiddle\u00bb css=\u00bb.vc_custom_1686594790695{padding-top: 90px !important;padding-bottom: 90px !important;background-color: #ffffff !important;}\u00bb el_class=\u00bbalign-center\u00bb][vc_column][vc_row_inner content_placement=\u00bbmiddle\u00bb css=\u00bb.vc_custom_1686594719074{padding-bottom: 6vh !important;}\u00bb el_class=\u00bbalign-center\u00bb][vc_column_inner width=\u00bb1\/2&#8243;][\/vc_column_inner][vc_column_inner width=\u00bb1\/2&#8243; css=\u00bb.vc_custom_1700246199126{padding-right: 15% !important;padding-left: 15% !important;}\u00bb][vc_separator align=\u00bbalign_left\u00bb border_width=\u00bb9&#8243; el_width=\u00bb30&#8243; css=\u00bb.vc_custom_1681856434937{padding-bottom: 30px !important;}\u00bb][vc_column_text css=\u00bb\u00bb]En el mundo&hellip;\" \/>\n<meta property=\"og:url\" content=\"https:\/\/rsalog.com\/es\/rastreo\/\" \/>\n<meta property=\"og:site_name\" content=\"RSA\" \/>\n<meta property=\"article:modified_time\" content=\"2024-07-31T19:27:01+00:00\" \/>\n<meta property=\"og:image\" content=\"https:\/\/rsalog.com\/wp-content\/uploads\/2023\/11\/rsafooter.webp\" \/>\n\t<meta property=\"og:image:width\" content=\"1600\" \/>\n\t<meta property=\"og:image:height\" content=\"1300\" \/>\n\t<meta property=\"og:image:type\" content=\"image\/webp\" \/>\n<meta name=\"twitter:card\" content=\"summary_large_image\" \/>\n<meta name=\"twitter:label1\" content=\"Tiempo de lectura\" \/>\n\t<meta name=\"twitter:data1\" content=\"2 minutos\" \/>\n<script type=\"application\/ld+json\" class=\"yoast-schema-graph\">{\"@context\":\"https:\/\/schema.org\",\"@graph\":[{\"@type\":\"WebPage\",\"@id\":\"https:\/\/rsalog.com\/es\/rastreo\/\",\"url\":\"https:\/\/rsalog.com\/es\/rastreo\/\",\"name\":\"Rastreo - RSA\",\"isPartOf\":{\"@id\":\"https:\/\/rsalog.com\/es\/#website\"},\"datePublished\":\"2023-04-03T22:02:04+00:00\",\"dateModified\":\"2024-07-31T19:27:01+00:00\",\"breadcrumb\":{\"@id\":\"https:\/\/rsalog.com\/es\/rastreo\/#breadcrumb\"},\"inLanguage\":\"es\",\"potentialAction\":[{\"@type\":\"ReadAction\",\"target\":[\"https:\/\/rsalog.com\/es\/rastreo\/\"]}]},{\"@type\":\"BreadcrumbList\",\"@id\":\"https:\/\/rsalog.com\/es\/rastreo\/#breadcrumb\",\"itemListElement\":[{\"@type\":\"ListItem\",\"position\":1,\"name\":\"In\u00edcio\",\"item\":\"https:\/\/rsalog.com\/es\/\"},{\"@type\":\"ListItem\",\"position\":2,\"name\":\"Rastreo\"}]},{\"@type\":\"WebSite\",\"@id\":\"https:\/\/rsalog.com\/es\/#website\",\"url\":\"https:\/\/rsalog.com\/es\/\",\"name\":\"RSA Log\u00edstica Internacional\",\"description\":\"Logistica Internacional\",\"publisher\":{\"@id\":\"https:\/\/rsalog.com\/es\/#organization\"},\"alternateName\":\"RSA Log\u00edstica\",\"potentialAction\":[{\"@type\":\"SearchAction\",\"target\":{\"@type\":\"EntryPoint\",\"urlTemplate\":\"https:\/\/rsalog.com\/es\/?s={search_term_string}\"},\"query-input\":{\"@type\":\"PropertyValueSpecification\",\"valueRequired\":true,\"valueName\":\"search_term_string\"}}],\"inLanguage\":\"es\"},{\"@type\":\"Organization\",\"@id\":\"https:\/\/rsalog.com\/es\/#organization\",\"name\":\"RSA Log\u00edstica Internacional\",\"alternateName\":\"RSA Log\u00edstica\",\"url\":\"https:\/\/rsalog.com\/es\/\",\"logo\":{\"@type\":\"ImageObject\",\"inLanguage\":\"es\",\"@id\":\"https:\/\/rsalog.com\/es\/#\/schema\/logo\/image\/\",\"url\":\"https:\/\/rsalog.com\/wp-content\/uploads\/2023\/04\/rsa-logistica-3.svg\",\"contentUrl\":\"https:\/\/rsalog.com\/wp-content\/uploads\/2023\/04\/rsa-logistica-3.svg\",\"width\":\"1024\",\"height\":\"1024\",\"caption\":\"RSA Log\u00edstica Internacional\"},\"image\":{\"@id\":\"https:\/\/rsalog.com\/es\/#\/schema\/logo\/image\/\"},\"sameAs\":[\"https:\/\/www.instagram.com\/rsalogisticsbr\/\",\"https:\/\/www.linkedin.com\/company\/10004558\/admin\/\"]}]}<\/script>\n<!-- \/ Yoast SEO plugin. -->","yoast_head_json":{"title":"Rastreo - RSA","robots":{"index":"index","follow":"follow","max-snippet":"max-snippet:-1","max-image-preview":"max-image-preview:large","max-video-preview":"max-video-preview:-1"},"canonical":"https:\/\/rsalog.com\/es\/rastreo\/","og_locale":"es_ES","og_type":"article","og_title":"Rastreo - RSA","og_description":"[vc_row thb_full_width=\u00bbtrue\u00bb thb_row_padding=\u00bbtrue\u00bb thb_column_padding=\u00bbtrue\u00bb thb_shape_divider=\u00bbtrue\u00bb css=\u00bb.vc_custom_1680565235325{padding-bottom: 45px !important;background-position: center !important;background-repeat: no-repeat !important;background-size: cover !important;}\u00bb divider_shape=\u00bbtilt_v2&#8243; thb_divider_color=\u00bb#ffffff\u00bb thb_divider_height=\u00bb50&#8243; bg_gradient1=\u00bb#297ea1&#8243; bg_gradient2=\u00bb#6cc4c7&#8243;][vc_column][vc_row_inner css=\u00bb.vc_custom_1680565255274{padding-top: 60px !important;}\u00bb][vc_column_inner][\/vc_column_inner][\/vc_row_inner][\/vc_column][\/vc_row][vc_row thb_full_width=\u00bbtrue\u00bb thb_row_padding=\u00bbtrue\u00bb thb_column_padding=\u00bbtrue\u00bb content_placement=\u00bbmiddle\u00bb css=\u00bb.vc_custom_1686594790695{padding-top: 90px !important;padding-bottom: 90px !important;background-color: #ffffff !important;}\u00bb el_class=\u00bbalign-center\u00bb][vc_column][vc_row_inner content_placement=\u00bbmiddle\u00bb css=\u00bb.vc_custom_1686594719074{padding-bottom: 6vh !important;}\u00bb el_class=\u00bbalign-center\u00bb][vc_column_inner width=\u00bb1\/2&#8243;][\/vc_column_inner][vc_column_inner width=\u00bb1\/2&#8243; css=\u00bb.vc_custom_1700246199126{padding-right: 15% !important;padding-left: 15% !important;}\u00bb][vc_separator align=\u00bbalign_left\u00bb border_width=\u00bb9&#8243; el_width=\u00bb30&#8243; css=\u00bb.vc_custom_1681856434937{padding-bottom: 30px !important;}\u00bb][vc_column_text css=\u00bb\u00bb]En el mundo&hellip;","og_url":"https:\/\/rsalog.com\/es\/rastreo\/","og_site_name":"RSA","article_modified_time":"2024-07-31T19:27:01+00:00","og_image":[{"width":1600,"height":1300,"url":"https:\/\/rsalog.com\/wp-content\/uploads\/2023\/11\/rsafooter.webp","type":"image\/webp"}],"twitter_card":"summary_large_image","twitter_misc":{"Tiempo de lectura":"2 minutos"},"schema":{"@context":"https:\/\/schema.org","@graph":[{"@type":"WebPage","@id":"https:\/\/rsalog.com\/es\/rastreo\/","url":"https:\/\/rsalog.com\/es\/rastreo\/","name":"Rastreo - RSA","isPartOf":{"@id":"https:\/\/rsalog.com\/es\/#website"},"datePublished":"2023-04-03T22:02:04+00:00","dateModified":"2024-07-31T19:27:01+00:00","breadcrumb":{"@id":"https:\/\/rsalog.com\/es\/rastreo\/#breadcrumb"},"inLanguage":"es","potentialAction":[{"@type":"ReadAction","target":["https:\/\/rsalog.com\/es\/rastreo\/"]}]},{"@type":"BreadcrumbList","@id":"https:\/\/rsalog.com\/es\/rastreo\/#breadcrumb","itemListElement":[{"@type":"ListItem","position":1,"name":"In\u00edcio","item":"https:\/\/rsalog.com\/es\/"},{"@type":"ListItem","position":2,"name":"Rastreo"}]},{"@type":"WebSite","@id":"https:\/\/rsalog.com\/es\/#website","url":"https:\/\/rsalog.com\/es\/","name":"RSA Log\u00edstica Internacional","description":"Logistica Internacional","publisher":{"@id":"https:\/\/rsalog.com\/es\/#organization"},"alternateName":"RSA Log\u00edstica","potentialAction":[{"@type":"SearchAction","target":{"@type":"EntryPoint","urlTemplate":"https:\/\/rsalog.com\/es\/?s={search_term_string}"},"query-input":{"@type":"PropertyValueSpecification","valueRequired":true,"valueName":"search_term_string"}}],"inLanguage":"es"},{"@type":"Organization","@id":"https:\/\/rsalog.com\/es\/#organization","name":"RSA Log\u00edstica Internacional","alternateName":"RSA Log\u00edstica","url":"https:\/\/rsalog.com\/es\/","logo":{"@type":"ImageObject","inLanguage":"es","@id":"https:\/\/rsalog.com\/es\/#\/schema\/logo\/image\/","url":"https:\/\/rsalog.com\/wp-content\/uploads\/2023\/04\/rsa-logistica-3.svg","contentUrl":"https:\/\/rsalog.com\/wp-content\/uploads\/2023\/04\/rsa-logistica-3.svg","width":"1024","height":"1024","caption":"RSA Log\u00edstica Internacional"},"image":{"@id":"https:\/\/rsalog.com\/es\/#\/schema\/logo\/image\/"},"sameAs":["https:\/\/www.instagram.com\/rsalogisticsbr\/","https:\/\/www.linkedin.com\/company\/10004558\/admin\/"]}]}},"_links":{"self":[{"href":"https:\/\/rsalog.com\/es\/wp-json\/wp\/v2\/pages\/1817","targetHints":{"allow":["GET"]}}],"collection":[{"href":"https:\/\/rsalog.com\/es\/wp-json\/wp\/v2\/pages"}],"about":[{"href":"https:\/\/rsalog.com\/es\/wp-json\/wp\/v2\/types\/page"}],"author":[{"embeddable":true,"href":"https:\/\/rsalog.com\/es\/wp-json\/wp\/v2\/users\/1"}],"replies":[{"embeddable":true,"href":"https:\/\/rsalog.com\/es\/wp-json\/wp\/v2\/comments?post=1817"}],"version-history":[{"count":0,"href":"https:\/\/rsalog.com\/es\/wp-json\/wp\/v2\/pages\/1817\/revisions"}],"wp:attachment":[{"href":"https:\/\/rsalog.com\/es\/wp-json\/wp\/v2\/media?parent=1817"}],"curies":[{"name":"wp","href":"https:\/\/api.w.org\/{rel}","templated":true}]}}