{"id":1860,"date":"2023-04-18T13:46:32","date_gmt":"2023-04-18T16:46:32","guid":{"rendered":"https:\/\/rsalog.com\/embalagens\/"},"modified":"2024-07-31T16:12:41","modified_gmt":"2024-07-31T19:12:41","slug":"embalajes","status":"publish","type":"page","link":"https:\/\/rsalog.com\/es\/embalajes\/","title":{"rendered":"Embalajes"},"content":{"rendered":"<div class=\"wpb-content-wrapper\">[vc_row thb_full_width=\u00bbtrue\u00bb thb_row_padding=\u00bbtrue\u00bb thb_column_padding=\u00bbtrue\u00bb thb_shape_divider=\u00bbtrue\u00bb css=\u00bb.vc_custom_1680565235325{padding-bottom: 45px !important;background-position: center !important;background-repeat: no-repeat !important;background-size: cover !important;}\u00bb divider_shape=\u00bbtilt_v2&#8243; thb_divider_color=\u00bb#ffffff\u00bb thb_divider_height=\u00bb50&#8243; bg_gradient1=\u00bb#297ea1&#8243; bg_gradient2=\u00bb#6cc4c7&#8243;][vc_column][vc_row_inner css=\u00bb.vc_custom_1680565255274{padding-top: 60px !important;}\u00bb][vc_column_inner]\t<div id=\"thb-autotype-69e03c9d44964\" class=\"thb-autotype \">\n\t\t\n<h1><strong><span class=\"thb-autotype-entry\" data-thb-cursor=\"\" data-thb-loop=\"\" data-strings=\"[&quot;Embalajes&quot;]\" data-speed=\"50\"><\/span><\/strong><\/h1>\n\t\t\t\t<style>\n\t\t\t#thb-autotype-69e03c9d44964 .thb-autotype-entry {\n\t\t\t\tcolor: #ffffff;\n\t\t\t}\n\t\t<\/style>\n\t\t\t<\/div>\n\n\t[\/vc_column_inner][\/vc_row_inner][\/vc_column][\/vc_row][vc_row thb_full_width=\u00bbtrue\u00bb thb_row_padding=\u00bbtrue\u00bb thb_column_padding=\u00bbtrue\u00bb css=\u00bb.vc_custom_1687903407104{padding-top: 90px !important;padding-bottom: 21vh !important;background-color: #ffffff !important;}\u00bb][vc_column][vc_row_inner][vc_column_inner width=\u00bb1\/2&#8243; css=\u00bb.vc_custom_1681857265137{padding-right: 15% !important;padding-bottom: 70px !important;padding-left: 15% !important;}\u00bb]\t<div id=\"thb-gradienttype-69e03c9d44ae0\" class=\"thb-gradienttype   on-hover-\">\n\t\t\n<h2>Objetivos del embalaje<\/h2>\n\t\t\t<style>\n\t\t\t\t\t\t#thb-gradienttype-69e03c9d44ae0 * {\n\t\t\t\tbackground:#49c2cb;background:linear-gradient( -135deg,#267da0,#49c2cb );\t}\n\t\t\t\t<\/style>\n\t<\/div>\n\n\t[vc_separator align=\u00bbalign_left\u00bb border_width=\u00bb9&#8243; el_width=\u00bb30&#8243; css=\u00bb.vc_custom_1681856434937{padding-bottom: 30px !important;}\u00bb][vc_column_text css=\u00bb\u00bb]El embalaje de transporte es esencial para proteger el producto transportado. Puede tener diferentes tama\u00f1os y formas y estar fabricado con distintos tipos de materiales. Y todo ello debe tenerse en cuenta para proteger la carga de da\u00f1os y tambi\u00e9n de la perdici\u00f3n, el robo, la contaminaci\u00f3n, etc.[\/vc_column_text][vc_separator align=\u00bbalign_left\u00bb border_width=\u00bb9&#8243; el_width=\u00bb30&#8243; css=\u00bb.vc_custom_1681853683031{padding-top: 30px !important;}\u00bb][\/vc_column_inner][vc_column_inner width=\u00bb1\/2&#8243;]\t<div id=\"thb-gradienttype-69e03c9d44c2b\" class=\"thb-gradienttype   on-hover-\">\n\t\t\n<h2>Protecci\u00f3n de los embalajes<\/h2>\n\t\t\t<style>\n\t\t\t\t\t\t#thb-gradienttype-69e03c9d44c2b * {\n\t\t\t\tbackground:#49c2cb;background:linear-gradient( -135deg,#267da0,#49c2cb );\t}\n\t\t\t\t<\/style>\n\t<\/div>\n\n\t[vc_separator align=\u00bbalign_left\u00bb border_width=\u00bb9&#8243; el_width=\u00bb30&#8243; css=\u00bb.vc_custom_1681856434937{padding-bottom: 30px !important;}\u00bb][vc_column_text css=\u00bb\u00bb]Los embalajes pueden protegerse con pel\u00edculas retr\u00e1ctiles o estirables, o con simples cintas de pl\u00e1stico o met\u00e1licas enrolladas alrededor de la pila. Esta protecci\u00f3n tambi\u00e9n puede hacerse paletizando o unific\u00e1ndolos en contenedores.[\/vc_column_text][vc_separator align=\u00bbalign_left\u00bb border_width=\u00bb9&#8243; el_width=\u00bb30&#8243; css=\u00bb.vc_custom_1681853683031{padding-top: 30px !important;}\u00bb][\/vc_column_inner][\/vc_row_inner][vc_row_inner][vc_column_inner width=\u00bb1\/2&#8243; css=\u00bb.vc_custom_1681857265137{padding-right: 15% !important;padding-bottom: 70px !important;padding-left: 15% !important;}\u00bb]\t<div id=\"thb-gradienttype-69e03c9d44ccb\" class=\"thb-gradienttype   on-hover-\">\n\t\t\n<h2>Factores que pueden afectar el embalaje y los envases<\/h2>\n\t\t\t<style>\n\t\t\t\t\t\t#thb-gradienttype-69e03c9d44ccb * {\n\t\t\t\tbackground:#49c2cb;background:linear-gradient( -135deg,#267da0,#49c2cb );\t}\n\t\t\t\t<\/style>\n\t<\/div>\n\n\t[vc_separator align=\u00bbalign_left\u00bb border_width=\u00bb9&#8243; el_width=\u00bb30&#8243; css=\u00bb.vc_custom_1681856434937{padding-bottom: 30px !important;}\u00bb][vc_column_text css=\u00bb\u00bb]El embalaje puede verse afectado de diversas formas por los movimientos de carga y descarga y por el propio transporte. Tambi\u00e9n hay que tener en cuenta que, en el transporte internacional, la carga puede sufrir variaciones clim\u00e1ticas, vibraciones, etc. En el transporte mar\u00edtimo, por ejemplo, puede estar sometida a movimientos de balanceo y cabeceo.[\/vc_column_text][vc_separator align=\u00bbalign_left\u00bb border_width=\u00bb9&#8243; el_width=\u00bb30&#8243; css=\u00bb.vc_custom_1681853683031{padding-top: 30px !important;}\u00bb][\/vc_column_inner][vc_column_inner width=\u00bb1\/2&#8243;]\t<div id=\"thb-gradienttype-69e03c9d44d7b\" class=\"thb-gradienttype   on-hover-\">\n\t\t\n<h2>Mercanc\u00edas peligrosas<\/h2>\n\t\t\t<style>\n\t\t\t\t\t\t#thb-gradienttype-69e03c9d44d7b * {\n\t\t\t\tbackground:#49c2cb;background:linear-gradient( -135deg,#267da0,#49c2cb );\t}\n\t\t\t\t<\/style>\n\t<\/div>\n\n\t[vc_separator align=\u00bbalign_left\u00bb border_width=\u00bb9&#8243; el_width=\u00bb30&#8243; css=\u00bb.vc_custom_1681856434937{padding-bottom: 30px !important;}\u00bb][vc_column_text css=\u00bb\u00bb]El embalaje de las mercanc\u00edas peligrosas debe ser adecuado para el transporte. Este tipo de transporte est\u00e1 regulado por los siguientes organismos:<\/p>\n<ul>\n<li>Mar\u00edtimo: C\u00f3digo Mar\u00edtimo Internacional de Mercanc\u00edas Peligrosas de la OMI;<\/li>\n<li>A\u00e9reo: Normativa sobre mercanc\u00edas peligrosas de la IATA;<\/li>\n<\/ul>\n[\/vc_column_text][vc_separator align=\u00bbalign_left\u00bb border_width=\u00bb9&#8243; el_width=\u00bb30&#8243; css=\u00bb.vc_custom_1681853683031{padding-top: 30px !important;}\u00bb][\/vc_column_inner][\/vc_row_inner][vc_row_inner][vc_column_inner width=\u00bb1\/2&#8243; css=\u00bb.vc_custom_1681857265137{padding-right: 15% !important;padding-bottom: 70px !important;padding-left: 15% !important;}\u00bb]\t<div id=\"thb-gradienttype-69e03c9d44df9\" class=\"thb-gradienttype   on-hover-\">\n\t\t\n<h2>Simbolog\u00eda e identificaci\u00f3n<\/h2>\n\t\t\t<style>\n\t\t\t\t\t\t#thb-gradienttype-69e03c9d44df9 * {\n\t\t\t\tbackground:#49c2cb;background:linear-gradient( -135deg,#267da0,#49c2cb );\t}\n\t\t\t\t<\/style>\n\t<\/div>\n\n\t[vc_separator align=\u00bbalign_left\u00bb border_width=\u00bb9&#8243; el_width=\u00bb30&#8243; css=\u00bb.vc_custom_1681856434937{padding-bottom: 30px !important;}\u00bb][vc_column_text css=\u00bb\u00bb]El etiquetado de los paquetes consiste en la identificaci\u00f3n de la mercanc\u00eda y del lote que se va a enviar. Es interesante que los paquetes tambi\u00e9n est\u00e9n numerados. Esto permite individualizar la carga y garantiza una mayor seguridad durante el transporte.<\/p>\n<p>Otro punto importante es identificar el peso de cada paquete. Todos los paquetes deben identificarse con etiquetas adecuadas en cuanto a su peligrosidad. Tambi\u00e9n deben identificarse para su manipulaci\u00f3n como carga fr\u00e1gil, etc.[\/vc_column_text][vc_separator align=\u00bbalign_left\u00bb border_width=\u00bb9&#8243; el_width=\u00bb30&#8243; css=\u00bb.vc_custom_1681853683031{padding-top: 30px !important;}\u00bb][\/vc_column_inner][\/vc_row_inner][\/vc_column][\/vc_row]\n<\/div>","protected":false},"excerpt":{"rendered":"<p>[vc_row thb_full_width=\u00bbtrue\u00bb thb_row_padding=\u00bbtrue\u00bb thb_column_padding=\u00bbtrue\u00bb thb_shape_divider=\u00bbtrue\u00bb css=\u00bb.vc_custom_1680565235325{padding-bottom: 45px !important;background-position: center !important;background-repeat: no-repeat !important;background-size: cover !important;}\u00bb divider_shape=\u00bbtilt_v2&#8243; thb_divider_color=\u00bb#ffffff\u00bb thb_divider_height=\u00bb50&#8243; bg_gradient1=\u00bb#297ea1&#8243; bg_gradient2=\u00bb#6cc4c7&#8243;][vc_column][vc_row_inner css=\u00bb.vc_custom_1680565255274{padding-top: 60px !important;}\u00bb][vc_column_inner][\/vc_column_inner][\/vc_row_inner][\/vc_column][\/vc_row][vc_row thb_full_width=\u00bbtrue\u00bb thb_row_padding=\u00bbtrue\u00bb thb_column_padding=\u00bbtrue\u00bb css=\u00bb.vc_custom_1687903407104{padding-top: 90px !important;padding-bottom: 21vh !important;background-color: #ffffff !important;}\u00bb][vc_column][vc_row_inner][vc_column_inner width=\u00bb1\/2&#8243; css=\u00bb.vc_custom_1681857265137{padding-right: 15% !important;padding-bottom: 70px !important;padding-left: 15% !important;}\u00bb][vc_separator align=\u00bbalign_left\u00bb border_width=\u00bb9&#8243; el_width=\u00bb30&#8243; css=\u00bb.vc_custom_1681856434937{padding-bottom: 30px !important;}\u00bb][vc_column_text css=\u00bb\u00bb]El embalaje de transporte es esencial para proteger el&hellip;<\/p>\n","protected":false},"author":1,"featured_media":0,"parent":0,"menu_order":0,"comment_status":"closed","ping_status":"closed","template":"","meta":{"footnotes":""},"class_list":["post-1860","page","type-page","status-publish","hentry"],"yoast_head":"<!-- This site is optimized with the Yoast SEO plugin v26.7 - https:\/\/yoast.com\/wordpress\/plugins\/seo\/ -->\n<title>Embalajes - RSA<\/title>\n<meta name=\"robots\" content=\"index, follow, max-snippet:-1, max-image-preview:large, max-video-preview:-1\" \/>\n<link rel=\"canonical\" href=\"https:\/\/rsalog.com\/es\/embalajes\/\" \/>\n<meta property=\"og:locale\" content=\"es_ES\" \/>\n<meta property=\"og:type\" content=\"article\" \/>\n<meta property=\"og:title\" content=\"Embalajes - RSA\" \/>\n<meta property=\"og:description\" content=\"[vc_row thb_full_width=\u00bbtrue\u00bb thb_row_padding=\u00bbtrue\u00bb thb_column_padding=\u00bbtrue\u00bb thb_shape_divider=\u00bbtrue\u00bb css=\u00bb.vc_custom_1680565235325{padding-bottom: 45px !important;background-position: center !important;background-repeat: no-repeat !important;background-size: cover !important;}\u00bb divider_shape=\u00bbtilt_v2&#8243; thb_divider_color=\u00bb#ffffff\u00bb thb_divider_height=\u00bb50&#8243; bg_gradient1=\u00bb#297ea1&#8243; bg_gradient2=\u00bb#6cc4c7&#8243;][vc_column][vc_row_inner css=\u00bb.vc_custom_1680565255274{padding-top: 60px !important;}\u00bb][vc_column_inner][\/vc_column_inner][\/vc_row_inner][\/vc_column][\/vc_row][vc_row thb_full_width=\u00bbtrue\u00bb thb_row_padding=\u00bbtrue\u00bb thb_column_padding=\u00bbtrue\u00bb css=\u00bb.vc_custom_1687903407104{padding-top: 90px !important;padding-bottom: 21vh !important;background-color: #ffffff !important;}\u00bb][vc_column][vc_row_inner][vc_column_inner width=\u00bb1\/2&#8243; css=\u00bb.vc_custom_1681857265137{padding-right: 15% !important;padding-bottom: 70px !important;padding-left: 15% !important;}\u00bb][vc_separator align=\u00bbalign_left\u00bb border_width=\u00bb9&#8243; el_width=\u00bb30&#8243; css=\u00bb.vc_custom_1681856434937{padding-bottom: 30px !important;}\u00bb][vc_column_text css=\u00bb\u00bb]El embalaje de transporte es esencial para proteger el&hellip;\" \/>\n<meta property=\"og:url\" content=\"https:\/\/rsalog.com\/es\/embalajes\/\" \/>\n<meta property=\"og:site_name\" content=\"RSA\" \/>\n<meta property=\"article:modified_time\" content=\"2024-07-31T19:12:41+00:00\" \/>\n<meta property=\"og:image\" content=\"https:\/\/rsalog.com\/wp-content\/uploads\/2023\/11\/rsafooter.webp\" \/>\n\t<meta property=\"og:image:width\" content=\"1600\" \/>\n\t<meta property=\"og:image:height\" content=\"1300\" \/>\n\t<meta property=\"og:image:type\" content=\"image\/webp\" \/>\n<meta name=\"twitter:card\" content=\"summary_large_image\" \/>\n<meta name=\"twitter:label1\" content=\"Tiempo de lectura\" \/>\n\t<meta name=\"twitter:data1\" content=\"3 minutos\" \/>\n<script type=\"application\/ld+json\" class=\"yoast-schema-graph\">{\"@context\":\"https:\/\/schema.org\",\"@graph\":[{\"@type\":\"WebPage\",\"@id\":\"https:\/\/rsalog.com\/es\/embalajes\/\",\"url\":\"https:\/\/rsalog.com\/es\/embalajes\/\",\"name\":\"Embalajes - RSA\",\"isPartOf\":{\"@id\":\"https:\/\/rsalog.com\/es\/#website\"},\"datePublished\":\"2023-04-18T16:46:32+00:00\",\"dateModified\":\"2024-07-31T19:12:41+00:00\",\"breadcrumb\":{\"@id\":\"https:\/\/rsalog.com\/es\/embalajes\/#breadcrumb\"},\"inLanguage\":\"es\",\"potentialAction\":[{\"@type\":\"ReadAction\",\"target\":[\"https:\/\/rsalog.com\/es\/embalajes\/\"]}]},{\"@type\":\"BreadcrumbList\",\"@id\":\"https:\/\/rsalog.com\/es\/embalajes\/#breadcrumb\",\"itemListElement\":[{\"@type\":\"ListItem\",\"position\":1,\"name\":\"In\u00edcio\",\"item\":\"https:\/\/rsalog.com\/es\/\"},{\"@type\":\"ListItem\",\"position\":2,\"name\":\"Embalajes\"}]},{\"@type\":\"WebSite\",\"@id\":\"https:\/\/rsalog.com\/es\/#website\",\"url\":\"https:\/\/rsalog.com\/es\/\",\"name\":\"RSA Log\u00edstica Internacional\",\"description\":\"Logistica Internacional\",\"publisher\":{\"@id\":\"https:\/\/rsalog.com\/es\/#organization\"},\"alternateName\":\"RSA Log\u00edstica\",\"potentialAction\":[{\"@type\":\"SearchAction\",\"target\":{\"@type\":\"EntryPoint\",\"urlTemplate\":\"https:\/\/rsalog.com\/es\/?s={search_term_string}\"},\"query-input\":{\"@type\":\"PropertyValueSpecification\",\"valueRequired\":true,\"valueName\":\"search_term_string\"}}],\"inLanguage\":\"es\"},{\"@type\":\"Organization\",\"@id\":\"https:\/\/rsalog.com\/es\/#organization\",\"name\":\"RSA Log\u00edstica Internacional\",\"alternateName\":\"RSA Log\u00edstica\",\"url\":\"https:\/\/rsalog.com\/es\/\",\"logo\":{\"@type\":\"ImageObject\",\"inLanguage\":\"es\",\"@id\":\"https:\/\/rsalog.com\/es\/#\/schema\/logo\/image\/\",\"url\":\"https:\/\/rsalog.com\/wp-content\/uploads\/2023\/04\/rsa-logistica-3.svg\",\"contentUrl\":\"https:\/\/rsalog.com\/wp-content\/uploads\/2023\/04\/rsa-logistica-3.svg\",\"width\":\"1024\",\"height\":\"1024\",\"caption\":\"RSA Log\u00edstica Internacional\"},\"image\":{\"@id\":\"https:\/\/rsalog.com\/es\/#\/schema\/logo\/image\/\"},\"sameAs\":[\"https:\/\/www.instagram.com\/rsalogisticsbr\/\",\"https:\/\/www.linkedin.com\/company\/10004558\/admin\/\"]}]}<\/script>\n<!-- \/ Yoast SEO plugin. -->","yoast_head_json":{"title":"Embalajes - RSA","robots":{"index":"index","follow":"follow","max-snippet":"max-snippet:-1","max-image-preview":"max-image-preview:large","max-video-preview":"max-video-preview:-1"},"canonical":"https:\/\/rsalog.com\/es\/embalajes\/","og_locale":"es_ES","og_type":"article","og_title":"Embalajes - RSA","og_description":"[vc_row thb_full_width=\u00bbtrue\u00bb thb_row_padding=\u00bbtrue\u00bb thb_column_padding=\u00bbtrue\u00bb thb_shape_divider=\u00bbtrue\u00bb css=\u00bb.vc_custom_1680565235325{padding-bottom: 45px !important;background-position: center !important;background-repeat: no-repeat !important;background-size: cover !important;}\u00bb divider_shape=\u00bbtilt_v2&#8243; thb_divider_color=\u00bb#ffffff\u00bb thb_divider_height=\u00bb50&#8243; bg_gradient1=\u00bb#297ea1&#8243; bg_gradient2=\u00bb#6cc4c7&#8243;][vc_column][vc_row_inner css=\u00bb.vc_custom_1680565255274{padding-top: 60px !important;}\u00bb][vc_column_inner][\/vc_column_inner][\/vc_row_inner][\/vc_column][\/vc_row][vc_row thb_full_width=\u00bbtrue\u00bb thb_row_padding=\u00bbtrue\u00bb thb_column_padding=\u00bbtrue\u00bb css=\u00bb.vc_custom_1687903407104{padding-top: 90px !important;padding-bottom: 21vh !important;background-color: #ffffff !important;}\u00bb][vc_column][vc_row_inner][vc_column_inner width=\u00bb1\/2&#8243; css=\u00bb.vc_custom_1681857265137{padding-right: 15% !important;padding-bottom: 70px !important;padding-left: 15% !important;}\u00bb][vc_separator align=\u00bbalign_left\u00bb border_width=\u00bb9&#8243; el_width=\u00bb30&#8243; css=\u00bb.vc_custom_1681856434937{padding-bottom: 30px !important;}\u00bb][vc_column_text css=\u00bb\u00bb]El embalaje de transporte es esencial para proteger el&hellip;","og_url":"https:\/\/rsalog.com\/es\/embalajes\/","og_site_name":"RSA","article_modified_time":"2024-07-31T19:12:41+00:00","og_image":[{"width":1600,"height":1300,"url":"https:\/\/rsalog.com\/wp-content\/uploads\/2023\/11\/rsafooter.webp","type":"image\/webp"}],"twitter_card":"summary_large_image","twitter_misc":{"Tiempo de lectura":"3 minutos"},"schema":{"@context":"https:\/\/schema.org","@graph":[{"@type":"WebPage","@id":"https:\/\/rsalog.com\/es\/embalajes\/","url":"https:\/\/rsalog.com\/es\/embalajes\/","name":"Embalajes - RSA","isPartOf":{"@id":"https:\/\/rsalog.com\/es\/#website"},"datePublished":"2023-04-18T16:46:32+00:00","dateModified":"2024-07-31T19:12:41+00:00","breadcrumb":{"@id":"https:\/\/rsalog.com\/es\/embalajes\/#breadcrumb"},"inLanguage":"es","potentialAction":[{"@type":"ReadAction","target":["https:\/\/rsalog.com\/es\/embalajes\/"]}]},{"@type":"BreadcrumbList","@id":"https:\/\/rsalog.com\/es\/embalajes\/#breadcrumb","itemListElement":[{"@type":"ListItem","position":1,"name":"In\u00edcio","item":"https:\/\/rsalog.com\/es\/"},{"@type":"ListItem","position":2,"name":"Embalajes"}]},{"@type":"WebSite","@id":"https:\/\/rsalog.com\/es\/#website","url":"https:\/\/rsalog.com\/es\/","name":"RSA Log\u00edstica Internacional","description":"Logistica Internacional","publisher":{"@id":"https:\/\/rsalog.com\/es\/#organization"},"alternateName":"RSA Log\u00edstica","potentialAction":[{"@type":"SearchAction","target":{"@type":"EntryPoint","urlTemplate":"https:\/\/rsalog.com\/es\/?s={search_term_string}"},"query-input":{"@type":"PropertyValueSpecification","valueRequired":true,"valueName":"search_term_string"}}],"inLanguage":"es"},{"@type":"Organization","@id":"https:\/\/rsalog.com\/es\/#organization","name":"RSA Log\u00edstica Internacional","alternateName":"RSA Log\u00edstica","url":"https:\/\/rsalog.com\/es\/","logo":{"@type":"ImageObject","inLanguage":"es","@id":"https:\/\/rsalog.com\/es\/#\/schema\/logo\/image\/","url":"https:\/\/rsalog.com\/wp-content\/uploads\/2023\/04\/rsa-logistica-3.svg","contentUrl":"https:\/\/rsalog.com\/wp-content\/uploads\/2023\/04\/rsa-logistica-3.svg","width":"1024","height":"1024","caption":"RSA Log\u00edstica Internacional"},"image":{"@id":"https:\/\/rsalog.com\/es\/#\/schema\/logo\/image\/"},"sameAs":["https:\/\/www.instagram.com\/rsalogisticsbr\/","https:\/\/www.linkedin.com\/company\/10004558\/admin\/"]}]}},"_links":{"self":[{"href":"https:\/\/rsalog.com\/es\/wp-json\/wp\/v2\/pages\/1860","targetHints":{"allow":["GET"]}}],"collection":[{"href":"https:\/\/rsalog.com\/es\/wp-json\/wp\/v2\/pages"}],"about":[{"href":"https:\/\/rsalog.com\/es\/wp-json\/wp\/v2\/types\/page"}],"author":[{"embeddable":true,"href":"https:\/\/rsalog.com\/es\/wp-json\/wp\/v2\/users\/1"}],"replies":[{"embeddable":true,"href":"https:\/\/rsalog.com\/es\/wp-json\/wp\/v2\/comments?post=1860"}],"version-history":[{"count":0,"href":"https:\/\/rsalog.com\/es\/wp-json\/wp\/v2\/pages\/1860\/revisions"}],"wp:attachment":[{"href":"https:\/\/rsalog.com\/es\/wp-json\/wp\/v2\/media?parent=1860"}],"curies":[{"name":"wp","href":"https:\/\/api.w.org\/{rel}","templated":true}]}}