{"id":1879,"date":"2023-04-18T13:46:53","date_gmt":"2023-04-18T16:46:53","guid":{"rendered":"https:\/\/rsalog.com\/invoices-packing-list\/"},"modified":"2024-07-31T16:15:25","modified_gmt":"2024-07-31T19:15:25","slug":"facturas-y-lista-de-carga","status":"publish","type":"page","link":"https:\/\/rsalog.com\/es\/facturas-y-lista-de-carga\/","title":{"rendered":"Facturas y Lista de carga"},"content":{"rendered":"<div class=\"wpb-content-wrapper\">[vc_row thb_full_width=\u00bbtrue\u00bb thb_row_padding=\u00bbtrue\u00bb thb_column_padding=\u00bbtrue\u00bb thb_shape_divider=\u00bbtrue\u00bb css=\u00bb.vc_custom_1680565235325{padding-bottom: 45px !important;background-position: center !important;background-repeat: no-repeat !important;background-size: cover !important;}\u00bb divider_shape=\u00bbtilt_v2&#8243; thb_divider_color=\u00bb#ffffff\u00bb thb_divider_height=\u00bb50&#8243; bg_gradient1=\u00bb#297ea1&#8243; bg_gradient2=\u00bb#6cc4c7&#8243;][vc_column][vc_row_inner css=\u00bb.vc_custom_1680565255274{padding-top: 60px !important;}\u00bb][vc_column_inner]\t<div id=\"thb-autotype-69e04183239d0\" class=\"thb-autotype \">\n\t\t\n<h1><strong><span class=\"thb-autotype-entry\" data-thb-cursor=\"\" data-thb-loop=\"\" data-strings=\"[&quot;Invoices &amp; Packing List&quot;]\" data-speed=\"50\"><\/span><\/strong><\/h1>\n\t\t\t\t<style>\n\t\t\t#thb-autotype-69e04183239d0 .thb-autotype-entry {\n\t\t\t\tcolor: #ffffff;\n\t\t\t}\n\t\t<\/style>\n\t\t\t<\/div>\n\n\t[\/vc_column_inner][\/vc_row_inner][\/vc_column][\/vc_row][vc_row thb_full_width=\u00bbtrue\u00bb thb_row_padding=\u00bbtrue\u00bb thb_column_padding=\u00bbtrue\u00bb css=\u00bb.vc_custom_1687901354788{padding-top: 90px !important;padding-bottom: 12vh !important;background-color: #ffffff !important;}\u00bb][vc_column][vc_row_inner content_placement=\u00bbmiddle\u00bb css=\u00bb.vc_custom_1681857226051{padding-bottom: 6vh !important;}\u00bb][vc_column_inner css=\u00bb.vc_custom_1681857265137{padding-right: 15% !important;padding-bottom: 70px !important;padding-left: 15% !important;}\u00bb][vc_column_text css=\u00bb\u00bb]<strong>DE CONFORMIDAD CON LA DISPOSICI\u00d3N TRANSITORIA N\u00ba 135, DE 30 DE OCTUBRE DE 2003 CAP\u00cdTULO III DISPOSICIONES RELATIVAS A LA LEGISLACI\u00d3N ADUANERA BRASILE\u00d1A <\/strong><\/p>\n<p>Los documentos de Factura y Lista de Env\u00edo son obligatorios y deben cumplir con los requisitos de esta Ordenanza o ser\u00e1n objeto de sanci\u00f3n.[\/vc_column_text][vc_separator align=\u00bbalign_left\u00bb border_width=\u00bb9&#8243; el_width=\u00bb30&#8243; css=\u00bb.vc_custom_1681853683031{padding-top: 30px !important;}\u00bb][\/vc_column_inner][\/vc_row_inner][vc_row_inner content_placement=\u00bbmiddle\u00bb css=\u00bb.vc_custom_1681857226051{padding-bottom: 6vh !important;}\u00bb][vc_column_inner width=\u00bb1\/2&#8243; css=\u00bb.vc_custom_1681857265137{padding-right: 15% !important;padding-bottom: 70px !important;padding-left: 15% !important;}\u00bb]\t<div id=\"thb-gradienttype-69e0418323b0d\" class=\"thb-gradienttype   on-hover-\">\n\t\t\n<h2>FACTURA (INVOICE)<\/h2>\n\t\t\t<style>\n\t\t\t\t\t\t#thb-gradienttype-69e0418323b0d * {\n\t\t\t\tbackground:#49c2cb;background:linear-gradient( -135deg,#267da0,#49c2cb );\t}\n\t\t\t\t<\/style>\n\t<\/div>\n\n\t[vc_separator align=\u00bbalign_left\u00bb border_width=\u00bb9&#8243; el_width=\u00bb30&#8243; css=\u00bb.vc_custom_1681856434937{padding-bottom: 30px !important;}\u00bb][vc_column_text css=\u00bb\u00bb]I &#8211; identificaci\u00f3n completa y direcci\u00f3n de las personas que intervienen en la transacci\u00f3n: importador\/exportador; comprador\/proveedor, fabricante, agente de compras o de ventas y representante de ventas (indicando el porcentaje de comisi\u00f3n, en su caso);<\/p>\n<p>II &#8211; destino de las mercanc\u00edas importadas: industrializaci\u00f3n o consumo, incorporaci\u00f3n al patrimonio, reventa u otra finalidad;<\/p>\n<p>III &#8211; descripci\u00f3n completa de los bienes: todas las caracter\u00edsticas necesarias para la clasificaci\u00f3n fiscal, especie, marca, modelo, nombre comercial o cient\u00edfico y dem\u00e1s atributos establecidos por la Receita Federal que confieren identidad comercial a los bienes;<\/p>\n<p>IV &#8211; valor unitario (unidad de venta: docena, par, caja, etc.) y peso neto por art\u00edculo;<\/p>\n<p>V &#8211; forma de pago (por adelantado, a la vista, contra documentos, a 30, 60, 90, 180 y hasta 360 d\u00edas o m\u00e1s)<\/p>\n<p>VI &#8211; membrete con firma en bol\u00edgrafo azul[\/vc_column_text][vc_separator align=\u00bbalign_left\u00bb border_width=\u00bb9&#8243; el_width=\u00bb30&#8243; css=\u00bb.vc_custom_1681853683031{padding-top: 30px !important;}\u00bb][\/vc_column_inner][vc_column_inner width=\u00bb1\/2&#8243;]\t<div id=\"thb-image-69e0418323c26\" class=\"caption-style1  aligncenter full  thb_image_link wp-caption \">\n\t\t\t<div class=\"thb-image-inner size_100\">\n\t\t\t<img loading=\"lazy\" decoding=\"async\" width=\"592\" height=\"618\" src=\"https:\/\/rsalog.com\/wp-content\/uploads\/2023\/06\/documentos01.png\" class=\"thb_image    attachment-full\" alt=\"\" title=\"documentos01\" \/>\t\t\t\t\t<\/div>\n\t\t\t\t\t<\/div>\n\t[\/vc_column_inner][\/vc_row_inner][vc_row_inner content_placement=\u00bbmiddle\u00bb css=\u00bb.vc_custom_1681857226051{padding-bottom: 6vh !important;}\u00bb][vc_column_inner width=\u00bb1\/2&#8243; css=\u00bb.vc_custom_1681857265137{padding-right: 15% !important;padding-bottom: 70px !important;padding-left: 15% !important;}\u00bb]\t<div id=\"thb-gradienttype-69e0418326abe\" class=\"thb-gradienttype   on-hover-\">\n\t\t\n<h2>LISTA DE CARGA (PACKING LIST)<\/h2>\n\t\t\t<style>\n\t\t\t\t\t\t#thb-gradienttype-69e0418326abe * {\n\t\t\t\tbackground:#49c2cb;background:linear-gradient( -135deg,#267da0,#49c2cb );\t}\n\t\t\t\t<\/style>\n\t<\/div>\n\n\t[vc_separator align=\u00bbalign_left\u00bb border_width=\u00bb9&#8243; el_width=\u00bb30&#8243; css=\u00bb.vc_custom_1681856434937{padding-bottom: 30px !important;}\u00bb][vc_column_text css=\u00bb\u00bb]Seg\u00fan la Ordenanza 135, la lista de embarque y la factura comercial son documentos obligatorios para el despacho aduanero en Brasil.<\/p>\n<p>La funci\u00f3n de la lista de embarque es facilitar la comprobaci\u00f3n por muestreo y la identificaci\u00f3n de la ubicaci\u00f3n de un art\u00edculo solicitado.<\/p>\n<p>La lista de carga (packing list) debe contener:<\/p>\n<ul>\n<li>cantidad de vol\u00famenes<\/li>\n<li>tipo de volumen (caja de cart\u00f3n de madera o pl\u00e1stico, pal\u00e9, contenedor met\u00e1lico, tambor, fardo, lata, etc.)<\/li>\n<li>numeraci\u00f3n o marca de los vol\u00famenes<\/li>\n<li>peso neto y bruto de cada volumen en kg (kilos)<\/li>\n<li>contenido de cada volumen<\/li>\n<li>dimensiones de cada volumen<\/li>\n<\/ul>\n[\/vc_column_text][vc_separator align=\u00bbalign_left\u00bb border_width=\u00bb9&#8243; el_width=\u00bb30&#8243; css=\u00bb.vc_custom_1681853683031{padding-top: 30px !important;}\u00bb][\/vc_column_inner][vc_column_inner width=\u00bb1\/2&#8243;]\t<div id=\"thb-image-69e0418326b8a\" class=\"caption-style1  aligncenter full  thb_image_link wp-caption \">\n\t\t\t<div class=\"thb-image-inner size_100\">\n\t\t\t<img loading=\"lazy\" decoding=\"async\" width=\"591\" height=\"532\" src=\"https:\/\/rsalog.com\/wp-content\/uploads\/2023\/06\/documentos02.png\" class=\"thb_image    attachment-full\" alt=\"\" title=\"documentos02\" \/>\t\t\t\t\t<\/div>\n\t\t\t\t\t<\/div>\n\t[\/vc_column_inner][\/vc_row_inner][\/vc_column][\/vc_row]\n<\/div>","protected":false},"excerpt":{"rendered":"<p>[vc_row thb_full_width=\u00bbtrue\u00bb thb_row_padding=\u00bbtrue\u00bb thb_column_padding=\u00bbtrue\u00bb thb_shape_divider=\u00bbtrue\u00bb css=\u00bb.vc_custom_1680565235325{padding-bottom: 45px !important;background-position: center !important;background-repeat: no-repeat !important;background-size: cover !important;}\u00bb divider_shape=\u00bbtilt_v2&#8243; thb_divider_color=\u00bb#ffffff\u00bb thb_divider_height=\u00bb50&#8243; bg_gradient1=\u00bb#297ea1&#8243; bg_gradient2=\u00bb#6cc4c7&#8243;][vc_column][vc_row_inner css=\u00bb.vc_custom_1680565255274{padding-top: 60px !important;}\u00bb][vc_column_inner][\/vc_column_inner][\/vc_row_inner][\/vc_column][\/vc_row][vc_row thb_full_width=\u00bbtrue\u00bb thb_row_padding=\u00bbtrue\u00bb thb_column_padding=\u00bbtrue\u00bb css=\u00bb.vc_custom_1687901354788{padding-top: 90px !important;padding-bottom: 12vh !important;background-color: #ffffff !important;}\u00bb][vc_column][vc_row_inner content_placement=\u00bbmiddle\u00bb css=\u00bb.vc_custom_1681857226051{padding-bottom: 6vh !important;}\u00bb][vc_column_inner css=\u00bb.vc_custom_1681857265137{padding-right: 15% !important;padding-bottom: 70px !important;padding-left: 15% !important;}\u00bb][vc_column_text css=\u00bb\u00bb]DE CONFORMIDAD CON LA DISPOSICI\u00d3N TRANSITORIA N\u00ba 135, DE 30 DE OCTUBRE&hellip;<\/p>\n","protected":false},"author":1,"featured_media":0,"parent":0,"menu_order":0,"comment_status":"closed","ping_status":"closed","template":"","meta":{"footnotes":""},"class_list":["post-1879","page","type-page","status-publish","hentry"],"yoast_head":"<!-- This site is optimized with the Yoast SEO plugin v26.7 - https:\/\/yoast.com\/wordpress\/plugins\/seo\/ -->\n<title>Facturas y Lista de carga - RSA<\/title>\n<meta name=\"robots\" content=\"index, follow, max-snippet:-1, max-image-preview:large, max-video-preview:-1\" \/>\n<link rel=\"canonical\" href=\"https:\/\/rsalog.com\/es\/facturas-y-lista-de-carga\/\" \/>\n<meta property=\"og:locale\" content=\"es_ES\" \/>\n<meta property=\"og:type\" content=\"article\" \/>\n<meta property=\"og:title\" content=\"Facturas y Lista de carga - RSA\" \/>\n<meta property=\"og:description\" content=\"[vc_row thb_full_width=\u00bbtrue\u00bb thb_row_padding=\u00bbtrue\u00bb thb_column_padding=\u00bbtrue\u00bb thb_shape_divider=\u00bbtrue\u00bb css=\u00bb.vc_custom_1680565235325{padding-bottom: 45px !important;background-position: center !important;background-repeat: no-repeat !important;background-size: cover !important;}\u00bb divider_shape=\u00bbtilt_v2&#8243; thb_divider_color=\u00bb#ffffff\u00bb thb_divider_height=\u00bb50&#8243; bg_gradient1=\u00bb#297ea1&#8243; bg_gradient2=\u00bb#6cc4c7&#8243;][vc_column][vc_row_inner css=\u00bb.vc_custom_1680565255274{padding-top: 60px !important;}\u00bb][vc_column_inner][\/vc_column_inner][\/vc_row_inner][\/vc_column][\/vc_row][vc_row thb_full_width=\u00bbtrue\u00bb thb_row_padding=\u00bbtrue\u00bb thb_column_padding=\u00bbtrue\u00bb css=\u00bb.vc_custom_1687901354788{padding-top: 90px !important;padding-bottom: 12vh !important;background-color: #ffffff !important;}\u00bb][vc_column][vc_row_inner content_placement=\u00bbmiddle\u00bb css=\u00bb.vc_custom_1681857226051{padding-bottom: 6vh !important;}\u00bb][vc_column_inner css=\u00bb.vc_custom_1681857265137{padding-right: 15% !important;padding-bottom: 70px !important;padding-left: 15% !important;}\u00bb][vc_column_text css=\u00bb\u00bb]DE CONFORMIDAD CON LA DISPOSICI\u00d3N TRANSITORIA N\u00ba 135, DE 30 DE OCTUBRE&hellip;\" \/>\n<meta property=\"og:url\" content=\"https:\/\/rsalog.com\/es\/facturas-y-lista-de-carga\/\" \/>\n<meta property=\"og:site_name\" content=\"RSA\" \/>\n<meta property=\"article:modified_time\" content=\"2024-07-31T19:15:25+00:00\" \/>\n<meta property=\"og:image\" content=\"https:\/\/rsalog.com\/wp-content\/uploads\/2023\/11\/rsafooter.webp\" \/>\n\t<meta property=\"og:image:width\" content=\"1600\" \/>\n\t<meta property=\"og:image:height\" content=\"1300\" \/>\n\t<meta property=\"og:image:type\" content=\"image\/webp\" \/>\n<meta name=\"twitter:card\" content=\"summary_large_image\" \/>\n<meta name=\"twitter:label1\" content=\"Tiempo de lectura\" \/>\n\t<meta name=\"twitter:data1\" content=\"3 minutos\" \/>\n<script type=\"application\/ld+json\" class=\"yoast-schema-graph\">{\"@context\":\"https:\/\/schema.org\",\"@graph\":[{\"@type\":\"WebPage\",\"@id\":\"https:\/\/rsalog.com\/es\/facturas-y-lista-de-carga\/\",\"url\":\"https:\/\/rsalog.com\/es\/facturas-y-lista-de-carga\/\",\"name\":\"Facturas y Lista de carga - RSA\",\"isPartOf\":{\"@id\":\"https:\/\/rsalog.com\/es\/#website\"},\"datePublished\":\"2023-04-18T16:46:53+00:00\",\"dateModified\":\"2024-07-31T19:15:25+00:00\",\"breadcrumb\":{\"@id\":\"https:\/\/rsalog.com\/es\/facturas-y-lista-de-carga\/#breadcrumb\"},\"inLanguage\":\"es\",\"potentialAction\":[{\"@type\":\"ReadAction\",\"target\":[\"https:\/\/rsalog.com\/es\/facturas-y-lista-de-carga\/\"]}]},{\"@type\":\"BreadcrumbList\",\"@id\":\"https:\/\/rsalog.com\/es\/facturas-y-lista-de-carga\/#breadcrumb\",\"itemListElement\":[{\"@type\":\"ListItem\",\"position\":1,\"name\":\"In\u00edcio\",\"item\":\"https:\/\/rsalog.com\/es\/\"},{\"@type\":\"ListItem\",\"position\":2,\"name\":\"Facturas y Lista de carga\"}]},{\"@type\":\"WebSite\",\"@id\":\"https:\/\/rsalog.com\/es\/#website\",\"url\":\"https:\/\/rsalog.com\/es\/\",\"name\":\"RSA Log\u00edstica Internacional\",\"description\":\"Logistica Internacional\",\"publisher\":{\"@id\":\"https:\/\/rsalog.com\/es\/#organization\"},\"alternateName\":\"RSA Log\u00edstica\",\"potentialAction\":[{\"@type\":\"SearchAction\",\"target\":{\"@type\":\"EntryPoint\",\"urlTemplate\":\"https:\/\/rsalog.com\/es\/?s={search_term_string}\"},\"query-input\":{\"@type\":\"PropertyValueSpecification\",\"valueRequired\":true,\"valueName\":\"search_term_string\"}}],\"inLanguage\":\"es\"},{\"@type\":\"Organization\",\"@id\":\"https:\/\/rsalog.com\/es\/#organization\",\"name\":\"RSA Log\u00edstica Internacional\",\"alternateName\":\"RSA Log\u00edstica\",\"url\":\"https:\/\/rsalog.com\/es\/\",\"logo\":{\"@type\":\"ImageObject\",\"inLanguage\":\"es\",\"@id\":\"https:\/\/rsalog.com\/es\/#\/schema\/logo\/image\/\",\"url\":\"https:\/\/rsalog.com\/wp-content\/uploads\/2023\/04\/rsa-logistica-3.svg\",\"contentUrl\":\"https:\/\/rsalog.com\/wp-content\/uploads\/2023\/04\/rsa-logistica-3.svg\",\"width\":\"1024\",\"height\":\"1024\",\"caption\":\"RSA Log\u00edstica Internacional\"},\"image\":{\"@id\":\"https:\/\/rsalog.com\/es\/#\/schema\/logo\/image\/\"},\"sameAs\":[\"https:\/\/www.instagram.com\/rsalogisticsbr\/\",\"https:\/\/www.linkedin.com\/company\/10004558\/admin\/\"]}]}<\/script>\n<!-- \/ Yoast SEO plugin. -->","yoast_head_json":{"title":"Facturas y Lista de carga - RSA","robots":{"index":"index","follow":"follow","max-snippet":"max-snippet:-1","max-image-preview":"max-image-preview:large","max-video-preview":"max-video-preview:-1"},"canonical":"https:\/\/rsalog.com\/es\/facturas-y-lista-de-carga\/","og_locale":"es_ES","og_type":"article","og_title":"Facturas y Lista de carga - RSA","og_description":"[vc_row thb_full_width=\u00bbtrue\u00bb thb_row_padding=\u00bbtrue\u00bb thb_column_padding=\u00bbtrue\u00bb thb_shape_divider=\u00bbtrue\u00bb css=\u00bb.vc_custom_1680565235325{padding-bottom: 45px !important;background-position: center !important;background-repeat: no-repeat !important;background-size: cover !important;}\u00bb divider_shape=\u00bbtilt_v2&#8243; thb_divider_color=\u00bb#ffffff\u00bb thb_divider_height=\u00bb50&#8243; bg_gradient1=\u00bb#297ea1&#8243; bg_gradient2=\u00bb#6cc4c7&#8243;][vc_column][vc_row_inner css=\u00bb.vc_custom_1680565255274{padding-top: 60px !important;}\u00bb][vc_column_inner][\/vc_column_inner][\/vc_row_inner][\/vc_column][\/vc_row][vc_row thb_full_width=\u00bbtrue\u00bb thb_row_padding=\u00bbtrue\u00bb thb_column_padding=\u00bbtrue\u00bb css=\u00bb.vc_custom_1687901354788{padding-top: 90px !important;padding-bottom: 12vh !important;background-color: #ffffff !important;}\u00bb][vc_column][vc_row_inner content_placement=\u00bbmiddle\u00bb css=\u00bb.vc_custom_1681857226051{padding-bottom: 6vh !important;}\u00bb][vc_column_inner css=\u00bb.vc_custom_1681857265137{padding-right: 15% !important;padding-bottom: 70px !important;padding-left: 15% !important;}\u00bb][vc_column_text css=\u00bb\u00bb]DE CONFORMIDAD CON LA DISPOSICI\u00d3N TRANSITORIA N\u00ba 135, DE 30 DE OCTUBRE&hellip;","og_url":"https:\/\/rsalog.com\/es\/facturas-y-lista-de-carga\/","og_site_name":"RSA","article_modified_time":"2024-07-31T19:15:25+00:00","og_image":[{"width":1600,"height":1300,"url":"https:\/\/rsalog.com\/wp-content\/uploads\/2023\/11\/rsafooter.webp","type":"image\/webp"}],"twitter_card":"summary_large_image","twitter_misc":{"Tiempo de lectura":"3 minutos"},"schema":{"@context":"https:\/\/schema.org","@graph":[{"@type":"WebPage","@id":"https:\/\/rsalog.com\/es\/facturas-y-lista-de-carga\/","url":"https:\/\/rsalog.com\/es\/facturas-y-lista-de-carga\/","name":"Facturas y Lista de carga - RSA","isPartOf":{"@id":"https:\/\/rsalog.com\/es\/#website"},"datePublished":"2023-04-18T16:46:53+00:00","dateModified":"2024-07-31T19:15:25+00:00","breadcrumb":{"@id":"https:\/\/rsalog.com\/es\/facturas-y-lista-de-carga\/#breadcrumb"},"inLanguage":"es","potentialAction":[{"@type":"ReadAction","target":["https:\/\/rsalog.com\/es\/facturas-y-lista-de-carga\/"]}]},{"@type":"BreadcrumbList","@id":"https:\/\/rsalog.com\/es\/facturas-y-lista-de-carga\/#breadcrumb","itemListElement":[{"@type":"ListItem","position":1,"name":"In\u00edcio","item":"https:\/\/rsalog.com\/es\/"},{"@type":"ListItem","position":2,"name":"Facturas y Lista de carga"}]},{"@type":"WebSite","@id":"https:\/\/rsalog.com\/es\/#website","url":"https:\/\/rsalog.com\/es\/","name":"RSA Log\u00edstica Internacional","description":"Logistica Internacional","publisher":{"@id":"https:\/\/rsalog.com\/es\/#organization"},"alternateName":"RSA Log\u00edstica","potentialAction":[{"@type":"SearchAction","target":{"@type":"EntryPoint","urlTemplate":"https:\/\/rsalog.com\/es\/?s={search_term_string}"},"query-input":{"@type":"PropertyValueSpecification","valueRequired":true,"valueName":"search_term_string"}}],"inLanguage":"es"},{"@type":"Organization","@id":"https:\/\/rsalog.com\/es\/#organization","name":"RSA Log\u00edstica Internacional","alternateName":"RSA Log\u00edstica","url":"https:\/\/rsalog.com\/es\/","logo":{"@type":"ImageObject","inLanguage":"es","@id":"https:\/\/rsalog.com\/es\/#\/schema\/logo\/image\/","url":"https:\/\/rsalog.com\/wp-content\/uploads\/2023\/04\/rsa-logistica-3.svg","contentUrl":"https:\/\/rsalog.com\/wp-content\/uploads\/2023\/04\/rsa-logistica-3.svg","width":"1024","height":"1024","caption":"RSA Log\u00edstica Internacional"},"image":{"@id":"https:\/\/rsalog.com\/es\/#\/schema\/logo\/image\/"},"sameAs":["https:\/\/www.instagram.com\/rsalogisticsbr\/","https:\/\/www.linkedin.com\/company\/10004558\/admin\/"]}]}},"_links":{"self":[{"href":"https:\/\/rsalog.com\/es\/wp-json\/wp\/v2\/pages\/1879","targetHints":{"allow":["GET"]}}],"collection":[{"href":"https:\/\/rsalog.com\/es\/wp-json\/wp\/v2\/pages"}],"about":[{"href":"https:\/\/rsalog.com\/es\/wp-json\/wp\/v2\/types\/page"}],"author":[{"embeddable":true,"href":"https:\/\/rsalog.com\/es\/wp-json\/wp\/v2\/users\/1"}],"replies":[{"embeddable":true,"href":"https:\/\/rsalog.com\/es\/wp-json\/wp\/v2\/comments?post=1879"}],"version-history":[{"count":0,"href":"https:\/\/rsalog.com\/es\/wp-json\/wp\/v2\/pages\/1879\/revisions"}],"wp:attachment":[{"href":"https:\/\/rsalog.com\/es\/wp-json\/wp\/v2\/media?parent=1879"}],"curies":[{"name":"wp","href":"https:\/\/api.w.org\/{rel}","templated":true}]}}