{"id":1930,"date":"2023-06-12T17:30:57","date_gmt":"2023-06-12T20:30:57","guid":{"rendered":"https:\/\/rsalog.com\/solucoes\/ex-tarifario\/"},"modified":"2024-07-31T16:25:44","modified_gmt":"2024-07-31T19:25:44","slug":"ex-arancelario","status":"publish","type":"page","link":"https:\/\/rsalog.com\/es\/soluciones\/ex-arancelario\/","title":{"rendered":"Ex Arancelario"},"content":{"rendered":"<div class=\"wpb-content-wrapper\">[vc_row thb_full_width=\u00bbtrue\u00bb thb_row_padding=\u00bbtrue\u00bb thb_column_padding=\u00bbtrue\u00bb thb_shape_divider=\u00bbtrue\u00bb css=\u00bb.vc_custom_1680565235325{padding-bottom: 45px !important;background-position: center !important;background-repeat: no-repeat !important;background-size: cover !important;}\u00bb divider_shape=\u00bbtilt_v2&#8243; thb_divider_color=\u00bb#ffffff\u00bb thb_divider_height=\u00bb50&#8243; bg_gradient1=\u00bb#297ea1&#8243; bg_gradient2=\u00bb#6cc4c7&#8243;][vc_column][vc_row_inner css=\u00bb.vc_custom_1680565255274{padding-top: 60px !important;}\u00bb][vc_column_inner]\t<div id=\"thb-autotype-69f9452aa0c91\" class=\"thb-autotype \">\n\t\t\n<h1><strong><span class=\"thb-autotype-entry\" data-thb-cursor=\"\" data-thb-loop=\"\" data-strings=\"[&quot;Ex-arancelario&quot;]\" data-speed=\"50\"><\/span><\/strong><\/h1>\n\t\t\t\t<style>\n\t\t\t#thb-autotype-69f9452aa0c91 .thb-autotype-entry {\n\t\t\t\tcolor: #ffffff;\n\t\t\t}\n\t\t<\/style>\n\t\t\t<\/div>\n\n\t[\/vc_column_inner][\/vc_row_inner][\/vc_column][\/vc_row][vc_row thb_full_width=\u00bbtrue\u00bb thb_row_padding=\u00bbtrue\u00bb thb_column_padding=\u00bbtrue\u00bb content_placement=\u00bbmiddle\u00bb css=\u00bb.vc_custom_1702553821881{padding-top: 90px !important;padding-bottom: 12vh !important;background-color: #ffffff !important;}\u00bb el_class=\u00bbalign-center\u00bb][vc_column][vc_row_inner thb_column_padding=\u00bbtrue\u00bb content_placement=\u00bbmiddle\u00bb css=\u00bb.vc_custom_1702554008080{padding-bottom: 6vh !important;}\u00bb el_class=\u00bbalign-center\u00bb][vc_column_inner width=\u00bb1\/2&#8243; css=\u00bb.vc_custom_1702554033946{padding-right: 15% !important;}\u00bb]\t<div id=\"thb-gradienttype-69f9452aa0dbf\" class=\"thb-gradienttype   on-hover-\">\n\t\t\n<h4>Ex-arancelario con RSA LOG: Reducci\u00f3n eficiente de los costos en importaci\u00f3n<\/h4>\n\t\t\t<style>\n\t\t\t\t\t\t#thb-gradienttype-69f9452aa0dbf * {\n\t\t\t\tbackground:#49c2cb;background:linear-gradient( -135deg,#267da0,#49c2cb );\t}\n\t\t\t\t<\/style>\n\t<\/div>\n\n\t\t<div id=\"thb-gradienttype-69f9452aa0ef7\" class=\"thb-gradienttype   on-hover-\">\n\t\t\n<h2>Maximizando las ventajas del ex arancelario<\/h2>\n\t\t\t<style>\n\t\t\t\t\t\t#thb-gradienttype-69f9452aa0ef7 * {\n\t\t\t\tbackground:#49c2cb;background:linear-gradient( -135deg,#267da0,#49c2cb );\t}\n\t\t\t\t<\/style>\n\t<\/div>\n\n\t[vc_separator align=\u00bbalign_left\u00bb border_width=\u00bb9&#8243; el_width=\u00bb30&#8243; css=\u00bb.vc_custom_1681856434937{padding-bottom: 30px !important;}\u00bb][vc_column_text css=\u00bb\u00bb]El r\u00e9gimen especial ex-arancelario implementado por el gobierno federal es una herramienta estrat\u00e9gica para incentivar la importaci\u00f3n de bienes de capital \u2013 como maquinaria y equipo \u2013 que no cuentan con producci\u00f3n nacional equivalente. RSA LOG se especializa en orientar a su empresa a trav\u00e9s de este r\u00e9gimen, maximizando los beneficios fiscales y contribuyendo a la modernizaci\u00f3n de su industria.<\/p>\n<h3>Reducci\u00f3n Significativa de los Impuestos de Importaci\u00f3n<\/h3>\n<p>La ventaja central del ex arancelario es la reducci\u00f3n de la al\u00edcuota del impuesto de importaci\u00f3n durante un periodo determinado. Esto se traduce en una reducci\u00f3n sustancial de los costos de importaci\u00f3n, fomentando la inversi\u00f3n en tecnolog\u00eda avanzada y, en consecuencia, aumentando la productividad y competitividad de la industria nacional.[\/vc_column_text][vc_separator align=\u00bbalign_left\u00bb border_width=\u00bb9&#8243; el_width=\u00bb30&#8243; css=\u00bb.vc_custom_1681853683031{padding-top: 30px !important;}\u00bb][vc_empty_space]\t<a id=\"thb-button-69f9452aa0fb7\" class=\"btn style4 large  accent small-radius    \" href=\"\/contato\/\" target=\"_self\" role=\"button\">\n\t\t\t\t\t<span>CONT\u00c1CTENOS<\/span>\n\t\t\t<\/a>\n\t\t[\/vc_column_inner][vc_column_inner width=\u00bb1\/3&#8243;]\t<div id=\"thb-image-69f9452aa105e\" class=\"caption-style1  aligncenter full  thb_image_link wp-caption \">\n\t\t\t<div class=\"thb-image-inner size_100\">\n\t\t\t<img loading=\"lazy\" decoding=\"async\" width=\"801\" height=\"1200\" src=\"https:\/\/rsalog.com\/wp-content\/uploads\/2023\/12\/Ex-tarifario.jpeg\" class=\"thb_image retina_size medium-shadow  attachment-full\" alt=\"\" title=\"Ex-tarifa\u0301rio\" \/>\t\t\t\t\t<\/div>\n\t\t\t\t\t\t<style>\n\t\t\t\t#thb-image-69f9452aa105e,\n\t\t\t\t#thb-image-69f9452aa105e img {\n\t\t\t\t\tborder-radius: 6px;\n\t\t\t\t}\n\t\t<\/style>\n\t\t<\/div>\n\t[\/vc_column_inner][\/vc_row_inner][vc_row_inner thb_column_padding=\u00bbtrue\u00bb content_placement=\u00bbmiddle\u00bb el_class=\u00bbalign-center\u00bb css=\u00bb.vc_custom_1702554014029{padding-top: 6vh !important;}\u00bb][vc_column_inner width=\u00bb2\/3&#8243;][vc_column_text css=\u00bb\u00bb]\n<h3>Navegar \u00c1gil y Eficaz en el Proceso de Solicitud<\/h3>\n<p>Para beneficiarse de este r\u00e9gimen, es necesario presentar una solicitud a la Secretar\u00eda de Comercio Exterior (SECEX) del Ministerio de Econom\u00eda. Este proceso implica presentar detalles sobre el producto y justificar la necesidad de su importaci\u00f3n. Con RSA LOG, este proceso se vuelve m\u00e1s \u00e1gil y eficiente. Nuestro profundo conocimiento de los procedimientos y requisitos de la SECEX nos permite cumplir con todos los plazos y garantizar el marco fiscal m\u00e1s ventajoso para su empresa.<\/p>\n<h3>RSA LOG: Su Aliado en la Optimizaci\u00f3n Fiscal de las Importaciones<\/h3>\n<p>Entendemos que la obtenci\u00f3n del ex-arancelario no es autom\u00e1tica y requiere un an\u00e1lisis minucioso. Por eso, ofrecemos soporte completo a lo largo de todo el proceso, desde la preparaci\u00f3n de la solicitud hasta su aprobaci\u00f3n. Si su empresa est\u00e1 buscando explorar las oportunidades que ofrece este r\u00e9gimen especial aduanero, RSA LOG est\u00e1 lista para asistirlo en cada paso.[\/vc_column_text][vc_separator align=\u00bbalign_left\u00bb border_width=\u00bb9&#8243; el_width=\u00bb30&#8243; css=\u00bb.vc_custom_1681853683031{padding-top: 30px !important;}\u00bb][\/vc_column_inner][\/vc_row_inner][\/vc_column][\/vc_row]\n<\/div>","protected":false},"excerpt":{"rendered":"<p>[vc_row thb_full_width=\u00bbtrue\u00bb thb_row_padding=\u00bbtrue\u00bb thb_column_padding=\u00bbtrue\u00bb thb_shape_divider=\u00bbtrue\u00bb css=\u00bb.vc_custom_1680565235325{padding-bottom: 45px !important;background-position: center !important;background-repeat: no-repeat !important;background-size: cover !important;}\u00bb divider_shape=\u00bbtilt_v2&#8243; thb_divider_color=\u00bb#ffffff\u00bb thb_divider_height=\u00bb50&#8243; bg_gradient1=\u00bb#297ea1&#8243; bg_gradient2=\u00bb#6cc4c7&#8243;][vc_column][vc_row_inner css=\u00bb.vc_custom_1680565255274{padding-top: 60px !important;}\u00bb][vc_column_inner][\/vc_column_inner][\/vc_row_inner][\/vc_column][\/vc_row][vc_row thb_full_width=\u00bbtrue\u00bb thb_row_padding=\u00bbtrue\u00bb thb_column_padding=\u00bbtrue\u00bb content_placement=\u00bbmiddle\u00bb css=\u00bb.vc_custom_1702553821881{padding-top: 90px !important;padding-bottom: 12vh !important;background-color: #ffffff !important;}\u00bb el_class=\u00bbalign-center\u00bb][vc_column][vc_row_inner thb_column_padding=\u00bbtrue\u00bb content_placement=\u00bbmiddle\u00bb css=\u00bb.vc_custom_1702554008080{padding-bottom: 6vh !important;}\u00bb el_class=\u00bbalign-center\u00bb][vc_column_inner width=\u00bb1\/2&#8243; css=\u00bb.vc_custom_1702554033946{padding-right: 15% !important;}\u00bb][vc_separator align=\u00bbalign_left\u00bb border_width=\u00bb9&#8243; el_width=\u00bb30&#8243; css=\u00bb.vc_custom_1681856434937{padding-bottom: 30px !important;}\u00bb][vc_column_text css=\u00bb\u00bb]El r\u00e9gimen especial ex-arancelario implementado&hellip;<\/p>\n","protected":false},"author":1,"featured_media":0,"parent":1810,"menu_order":0,"comment_status":"closed","ping_status":"closed","template":"","meta":{"footnotes":""},"class_list":["post-1930","page","type-page","status-publish","hentry"],"yoast_head":"<!-- This site is optimized with the Yoast SEO plugin v26.7 - https:\/\/yoast.com\/wordpress\/plugins\/seo\/ -->\n<title>Ex Arancelario - RSA<\/title>\n<meta name=\"robots\" content=\"index, follow, max-snippet:-1, max-image-preview:large, max-video-preview:-1\" \/>\n<link rel=\"canonical\" href=\"https:\/\/rsalog.com\/es\/soluciones\/ex-arancelario\/\" \/>\n<meta property=\"og:locale\" content=\"es_ES\" \/>\n<meta property=\"og:type\" content=\"article\" \/>\n<meta property=\"og:title\" content=\"Ex Arancelario - RSA\" \/>\n<meta property=\"og:description\" content=\"[vc_row thb_full_width=\u00bbtrue\u00bb thb_row_padding=\u00bbtrue\u00bb thb_column_padding=\u00bbtrue\u00bb thb_shape_divider=\u00bbtrue\u00bb css=\u00bb.vc_custom_1680565235325{padding-bottom: 45px !important;background-position: center !important;background-repeat: no-repeat !important;background-size: cover !important;}\u00bb divider_shape=\u00bbtilt_v2&#8243; thb_divider_color=\u00bb#ffffff\u00bb thb_divider_height=\u00bb50&#8243; bg_gradient1=\u00bb#297ea1&#8243; bg_gradient2=\u00bb#6cc4c7&#8243;][vc_column][vc_row_inner css=\u00bb.vc_custom_1680565255274{padding-top: 60px !important;}\u00bb][vc_column_inner][\/vc_column_inner][\/vc_row_inner][\/vc_column][\/vc_row][vc_row thb_full_width=\u00bbtrue\u00bb thb_row_padding=\u00bbtrue\u00bb thb_column_padding=\u00bbtrue\u00bb content_placement=\u00bbmiddle\u00bb css=\u00bb.vc_custom_1702553821881{padding-top: 90px !important;padding-bottom: 12vh !important;background-color: #ffffff !important;}\u00bb el_class=\u00bbalign-center\u00bb][vc_column][vc_row_inner thb_column_padding=\u00bbtrue\u00bb content_placement=\u00bbmiddle\u00bb css=\u00bb.vc_custom_1702554008080{padding-bottom: 6vh !important;}\u00bb el_class=\u00bbalign-center\u00bb][vc_column_inner width=\u00bb1\/2&#8243; css=\u00bb.vc_custom_1702554033946{padding-right: 15% !important;}\u00bb][vc_separator align=\u00bbalign_left\u00bb border_width=\u00bb9&#8243; el_width=\u00bb30&#8243; css=\u00bb.vc_custom_1681856434937{padding-bottom: 30px !important;}\u00bb][vc_column_text css=\u00bb\u00bb]El r\u00e9gimen especial ex-arancelario implementado&hellip;\" \/>\n<meta property=\"og:url\" content=\"https:\/\/rsalog.com\/es\/soluciones\/ex-arancelario\/\" \/>\n<meta property=\"og:site_name\" content=\"RSA\" \/>\n<meta property=\"article:modified_time\" content=\"2024-07-31T19:25:44+00:00\" \/>\n<meta property=\"og:image\" content=\"https:\/\/rsalog.com\/wp-content\/uploads\/2023\/11\/rsafooter.webp\" \/>\n\t<meta property=\"og:image:width\" content=\"1600\" \/>\n\t<meta property=\"og:image:height\" content=\"1300\" \/>\n\t<meta property=\"og:image:type\" content=\"image\/webp\" \/>\n<meta name=\"twitter:card\" content=\"summary_large_image\" \/>\n<meta name=\"twitter:label1\" content=\"Tiempo de lectura\" \/>\n\t<meta name=\"twitter:data1\" content=\"3 minutos\" \/>\n<script type=\"application\/ld+json\" class=\"yoast-schema-graph\">{\"@context\":\"https:\/\/schema.org\",\"@graph\":[{\"@type\":\"WebPage\",\"@id\":\"https:\/\/rsalog.com\/es\/soluciones\/ex-arancelario\/\",\"url\":\"https:\/\/rsalog.com\/es\/soluciones\/ex-arancelario\/\",\"name\":\"Ex Arancelario - RSA\",\"isPartOf\":{\"@id\":\"https:\/\/rsalog.com\/es\/#website\"},\"datePublished\":\"2023-06-12T20:30:57+00:00\",\"dateModified\":\"2024-07-31T19:25:44+00:00\",\"breadcrumb\":{\"@id\":\"https:\/\/rsalog.com\/es\/soluciones\/ex-arancelario\/#breadcrumb\"},\"inLanguage\":\"es\",\"potentialAction\":[{\"@type\":\"ReadAction\",\"target\":[\"https:\/\/rsalog.com\/es\/soluciones\/ex-arancelario\/\"]}]},{\"@type\":\"BreadcrumbList\",\"@id\":\"https:\/\/rsalog.com\/es\/soluciones\/ex-arancelario\/#breadcrumb\",\"itemListElement\":[{\"@type\":\"ListItem\",\"position\":1,\"name\":\"In\u00edcio\",\"item\":\"https:\/\/rsalog.com\/es\/\"},{\"@type\":\"ListItem\",\"position\":2,\"name\":\"Soluciones\",\"item\":\"https:\/\/rsalog.com\/es\/soluciones\/\"},{\"@type\":\"ListItem\",\"position\":3,\"name\":\"Ex Arancelario\"}]},{\"@type\":\"WebSite\",\"@id\":\"https:\/\/rsalog.com\/es\/#website\",\"url\":\"https:\/\/rsalog.com\/es\/\",\"name\":\"RSA Log\u00edstica Internacional\",\"description\":\"Logistica Internacional\",\"publisher\":{\"@id\":\"https:\/\/rsalog.com\/es\/#organization\"},\"alternateName\":\"RSA Log\u00edstica\",\"potentialAction\":[{\"@type\":\"SearchAction\",\"target\":{\"@type\":\"EntryPoint\",\"urlTemplate\":\"https:\/\/rsalog.com\/es\/?s={search_term_string}\"},\"query-input\":{\"@type\":\"PropertyValueSpecification\",\"valueRequired\":true,\"valueName\":\"search_term_string\"}}],\"inLanguage\":\"es\"},{\"@type\":\"Organization\",\"@id\":\"https:\/\/rsalog.com\/es\/#organization\",\"name\":\"RSA Log\u00edstica Internacional\",\"alternateName\":\"RSA Log\u00edstica\",\"url\":\"https:\/\/rsalog.com\/es\/\",\"logo\":{\"@type\":\"ImageObject\",\"inLanguage\":\"es\",\"@id\":\"https:\/\/rsalog.com\/es\/#\/schema\/logo\/image\/\",\"url\":\"https:\/\/rsalog.com\/wp-content\/uploads\/2023\/04\/rsa-logistica-3.svg\",\"contentUrl\":\"https:\/\/rsalog.com\/wp-content\/uploads\/2023\/04\/rsa-logistica-3.svg\",\"width\":\"1024\",\"height\":\"1024\",\"caption\":\"RSA Log\u00edstica Internacional\"},\"image\":{\"@id\":\"https:\/\/rsalog.com\/es\/#\/schema\/logo\/image\/\"},\"sameAs\":[\"https:\/\/www.instagram.com\/rsalogisticsbr\/\",\"https:\/\/www.linkedin.com\/company\/10004558\/admin\/\"]}]}<\/script>\n<!-- \/ Yoast SEO plugin. -->","yoast_head_json":{"title":"Ex Arancelario - RSA","robots":{"index":"index","follow":"follow","max-snippet":"max-snippet:-1","max-image-preview":"max-image-preview:large","max-video-preview":"max-video-preview:-1"},"canonical":"https:\/\/rsalog.com\/es\/soluciones\/ex-arancelario\/","og_locale":"es_ES","og_type":"article","og_title":"Ex Arancelario - RSA","og_description":"[vc_row thb_full_width=\u00bbtrue\u00bb thb_row_padding=\u00bbtrue\u00bb thb_column_padding=\u00bbtrue\u00bb thb_shape_divider=\u00bbtrue\u00bb css=\u00bb.vc_custom_1680565235325{padding-bottom: 45px !important;background-position: center !important;background-repeat: no-repeat !important;background-size: cover !important;}\u00bb divider_shape=\u00bbtilt_v2&#8243; thb_divider_color=\u00bb#ffffff\u00bb thb_divider_height=\u00bb50&#8243; bg_gradient1=\u00bb#297ea1&#8243; bg_gradient2=\u00bb#6cc4c7&#8243;][vc_column][vc_row_inner css=\u00bb.vc_custom_1680565255274{padding-top: 60px !important;}\u00bb][vc_column_inner][\/vc_column_inner][\/vc_row_inner][\/vc_column][\/vc_row][vc_row thb_full_width=\u00bbtrue\u00bb thb_row_padding=\u00bbtrue\u00bb thb_column_padding=\u00bbtrue\u00bb content_placement=\u00bbmiddle\u00bb css=\u00bb.vc_custom_1702553821881{padding-top: 90px !important;padding-bottom: 12vh !important;background-color: #ffffff !important;}\u00bb el_class=\u00bbalign-center\u00bb][vc_column][vc_row_inner thb_column_padding=\u00bbtrue\u00bb content_placement=\u00bbmiddle\u00bb css=\u00bb.vc_custom_1702554008080{padding-bottom: 6vh !important;}\u00bb el_class=\u00bbalign-center\u00bb][vc_column_inner width=\u00bb1\/2&#8243; css=\u00bb.vc_custom_1702554033946{padding-right: 15% !important;}\u00bb][vc_separator align=\u00bbalign_left\u00bb border_width=\u00bb9&#8243; el_width=\u00bb30&#8243; css=\u00bb.vc_custom_1681856434937{padding-bottom: 30px !important;}\u00bb][vc_column_text css=\u00bb\u00bb]El r\u00e9gimen especial ex-arancelario implementado&hellip;","og_url":"https:\/\/rsalog.com\/es\/soluciones\/ex-arancelario\/","og_site_name":"RSA","article_modified_time":"2024-07-31T19:25:44+00:00","og_image":[{"width":1600,"height":1300,"url":"https:\/\/rsalog.com\/wp-content\/uploads\/2023\/11\/rsafooter.webp","type":"image\/webp"}],"twitter_card":"summary_large_image","twitter_misc":{"Tiempo de lectura":"3 minutos"},"schema":{"@context":"https:\/\/schema.org","@graph":[{"@type":"WebPage","@id":"https:\/\/rsalog.com\/es\/soluciones\/ex-arancelario\/","url":"https:\/\/rsalog.com\/es\/soluciones\/ex-arancelario\/","name":"Ex Arancelario - RSA","isPartOf":{"@id":"https:\/\/rsalog.com\/es\/#website"},"datePublished":"2023-06-12T20:30:57+00:00","dateModified":"2024-07-31T19:25:44+00:00","breadcrumb":{"@id":"https:\/\/rsalog.com\/es\/soluciones\/ex-arancelario\/#breadcrumb"},"inLanguage":"es","potentialAction":[{"@type":"ReadAction","target":["https:\/\/rsalog.com\/es\/soluciones\/ex-arancelario\/"]}]},{"@type":"BreadcrumbList","@id":"https:\/\/rsalog.com\/es\/soluciones\/ex-arancelario\/#breadcrumb","itemListElement":[{"@type":"ListItem","position":1,"name":"In\u00edcio","item":"https:\/\/rsalog.com\/es\/"},{"@type":"ListItem","position":2,"name":"Soluciones","item":"https:\/\/rsalog.com\/es\/soluciones\/"},{"@type":"ListItem","position":3,"name":"Ex Arancelario"}]},{"@type":"WebSite","@id":"https:\/\/rsalog.com\/es\/#website","url":"https:\/\/rsalog.com\/es\/","name":"RSA Log\u00edstica Internacional","description":"Logistica Internacional","publisher":{"@id":"https:\/\/rsalog.com\/es\/#organization"},"alternateName":"RSA Log\u00edstica","potentialAction":[{"@type":"SearchAction","target":{"@type":"EntryPoint","urlTemplate":"https:\/\/rsalog.com\/es\/?s={search_term_string}"},"query-input":{"@type":"PropertyValueSpecification","valueRequired":true,"valueName":"search_term_string"}}],"inLanguage":"es"},{"@type":"Organization","@id":"https:\/\/rsalog.com\/es\/#organization","name":"RSA Log\u00edstica Internacional","alternateName":"RSA Log\u00edstica","url":"https:\/\/rsalog.com\/es\/","logo":{"@type":"ImageObject","inLanguage":"es","@id":"https:\/\/rsalog.com\/es\/#\/schema\/logo\/image\/","url":"https:\/\/rsalog.com\/wp-content\/uploads\/2023\/04\/rsa-logistica-3.svg","contentUrl":"https:\/\/rsalog.com\/wp-content\/uploads\/2023\/04\/rsa-logistica-3.svg","width":"1024","height":"1024","caption":"RSA Log\u00edstica Internacional"},"image":{"@id":"https:\/\/rsalog.com\/es\/#\/schema\/logo\/image\/"},"sameAs":["https:\/\/www.instagram.com\/rsalogisticsbr\/","https:\/\/www.linkedin.com\/company\/10004558\/admin\/"]}]}},"_links":{"self":[{"href":"https:\/\/rsalog.com\/es\/wp-json\/wp\/v2\/pages\/1930","targetHints":{"allow":["GET"]}}],"collection":[{"href":"https:\/\/rsalog.com\/es\/wp-json\/wp\/v2\/pages"}],"about":[{"href":"https:\/\/rsalog.com\/es\/wp-json\/wp\/v2\/types\/page"}],"author":[{"embeddable":true,"href":"https:\/\/rsalog.com\/es\/wp-json\/wp\/v2\/users\/1"}],"replies":[{"embeddable":true,"href":"https:\/\/rsalog.com\/es\/wp-json\/wp\/v2\/comments?post=1930"}],"version-history":[{"count":0,"href":"https:\/\/rsalog.com\/es\/wp-json\/wp\/v2\/pages\/1930\/revisions"}],"up":[{"embeddable":true,"href":"https:\/\/rsalog.com\/es\/wp-json\/wp\/v2\/pages\/1810"}],"wp:attachment":[{"href":"https:\/\/rsalog.com\/es\/wp-json\/wp\/v2\/media?parent=1930"}],"curies":[{"name":"wp","href":"https:\/\/api.w.org\/{rel}","templated":true}]}}