{"id":1939,"date":"2023-06-12T16:55:23","date_gmt":"2023-06-12T19:55:23","guid":{"rendered":"https:\/\/rsalog.com\/solucoes\/drawback\/"},"modified":"2024-06-27T11:08:55","modified_gmt":"2024-06-27T14:08:55","slug":"drawback","status":"publish","type":"page","link":"https:\/\/rsalog.com\/es\/soluciones\/drawback\/","title":{"rendered":"Drawback"},"content":{"rendered":"<div class=\"wpb-content-wrapper\">[vc_row thb_full_width=\u00bbtrue\u00bb thb_row_padding=\u00bbtrue\u00bb thb_column_padding=\u00bbtrue\u00bb thb_shape_divider=\u00bbtrue\u00bb css=\u00bb.vc_custom_1680565235325{padding-bottom: 45px !important;background-position: center !important;background-repeat: no-repeat !important;background-size: cover !important;}\u00bb divider_shape=\u00bbtilt_v2&#8243; thb_divider_color=\u00bb#ffffff\u00bb thb_divider_height=\u00bb50&#8243; bg_gradient1=\u00bb#297ea1&#8243; bg_gradient2=\u00bb#6cc4c7&#8243;][vc_column][vc_row_inner css=\u00bb.vc_custom_1680565255274{padding-top: 60px !important;}\u00bb][vc_column_inner]\t<div id=\"thb-autotype-69ee2cacb1180\" class=\"thb-autotype \">\n\t\t\n<h1><strong><span class=\"thb-autotype-entry\" data-thb-cursor=\"\" data-thb-loop=\"\" data-strings=\"[&quot;Drawback&quot;]\" data-speed=\"50\"><\/span><\/strong><\/h1>\n\t\t\t\t<style>\n\t\t\t#thb-autotype-69ee2cacb1180 .thb-autotype-entry {\n\t\t\t\tcolor: #ffffff;\n\t\t\t}\n\t\t<\/style>\n\t\t\t<\/div>\n\n\t[\/vc_column_inner][\/vc_row_inner][\/vc_column][\/vc_row][vc_row thb_full_width=\u00bbtrue\u00bb thb_row_padding=\u00bbtrue\u00bb thb_column_padding=\u00bbtrue\u00bb content_placement=\u00bbmiddle\u00bb css=\u00bb.vc_custom_1702553821881{padding-top: 90px !important;padding-bottom: 12vh !important;background-color: #ffffff !important;}\u00bb el_class=\u00bbalign-center\u00bb][vc_column][vc_row_inner thb_column_padding=\u00bbtrue\u00bb content_placement=\u00bbmiddle\u00bb css=\u00bb.vc_custom_1702554008080{padding-bottom: 6vh !important;}\u00bb el_class=\u00bbalign-center\u00bb][vc_column_inner width=\u00bb1\/2&#8243; css=\u00bb.vc_custom_1702554033946{padding-right: 15% !important;}\u00bb]\t<div id=\"thb-gradienttype-69ee2cacb1326\" class=\"thb-gradienttype   on-hover-\">\n\t\t\n<h4>Drawback con RSA LOG: Impulsionando su competitividad global<\/h4>\n\t\t\t<style>\n\t\t\t\t\t\t#thb-gradienttype-69ee2cacb1326 * {\n\t\t\t\tbackground:#49c2cb;background:linear-gradient( -135deg,#267da0,#49c2cb );\t}\n\t\t\t\t<\/style>\n\t<\/div>\n\n\t\t<div id=\"thb-gradienttype-69ee2cacb1428\" class=\"thb-gradienttype   on-hover-\">\n\t\t\n<h2>Acceso Facilitado a Insumos y Materias Primas<\/h2>\n\t\t\t<style>\n\t\t\t\t\t\t#thb-gradienttype-69ee2cacb1428 * {\n\t\t\t\tbackground:#49c2cb;background:linear-gradient( -135deg,#267da0,#49c2cb );\t}\n\t\t\t\t<\/style>\n\t<\/div>\n\n\t[vc_separator align=\u00bbalign_left\u00bb border_width=\u00bb9&#8243; el_width=\u00bb30&#8243; css=\u00bb.vc_custom_1681856434937{padding-bottom: 30px !important;}\u00bb][vc_column_text css=\u00bb\u00bb]El r\u00e9gimen de drawback, uno de los reg\u00edmenes especiales aduaneros m\u00e1s vitales, est\u00e1 especializado para empresas que buscan una ventaja competitiva en el mercado mundial. En RSA LOG, reconocemos la importancia cr\u00edtica de este r\u00e9gimen para las empresas que importan insumos o materias primas destinados a la producci\u00f3n de bienes para la exportaci\u00f3n.<\/p>\n<h3>Ventajas Estrat\u00e9gicas del Drawback<\/h3>\n<p>El objetivo del drawback es proporcionar una serie de ventajas significativas: reducci\u00f3n de costos, aumento de la competitividad internacional, exenci\u00f3n de impuestos sobre los insumos y mayor flexibilidad en la gesti\u00f3n de la producci\u00f3n. Entendemos, sin embargo, que solicitar el acta de concesi\u00f3n para disfrutar de estos beneficios puede ser un proceso desafiante.[\/vc_column_text][vc_separator align=\u00bbalign_left\u00bb border_width=\u00bb9&#8243; el_width=\u00bb30&#8243; css=\u00bb.vc_custom_1681853683031{padding-top: 30px !important;}\u00bb][vc_empty_space]\t<a id=\"thb-button-69ee2cacb1504\" class=\"btn style4 large  accent small-radius    \" href=\"\/contato\/\" target=\"_self\" role=\"button\">\n\t\t\t\t\t<span>CONT\u00c1CTENOS<\/span>\n\t\t\t<\/a>\n\t\t[\/vc_column_inner][vc_column_inner width=\u00bb1\/3&#8243;]\t<div id=\"thb-image-69ee2cacb1632\" class=\"caption-style1  aligncenter full  thb_image_link wp-caption \">\n\t\t\t<div class=\"thb-image-inner size_100\">\n\t\t\t<img loading=\"lazy\" decoding=\"async\" width=\"800\" height=\"1200\" src=\"https:\/\/rsalog.com\/wp-content\/uploads\/2023\/12\/drawback.jpeg\" class=\"thb_image retina_size medium-shadow  attachment-full\" alt=\"\" title=\"drawback\" \/>\t\t\t\t\t<\/div>\n\t\t\t\t\t\t<style>\n\t\t\t\t#thb-image-69ee2cacb1632,\n\t\t\t\t#thb-image-69ee2cacb1632 img {\n\t\t\t\t\tborder-radius: 6px;\n\t\t\t\t}\n\t\t<\/style>\n\t\t<\/div>\n\t[\/vc_column_inner][\/vc_row_inner][vc_row_inner thb_column_padding=\u00bbtrue\u00bb content_placement=\u00bbmiddle\u00bb el_class=\u00bbalign-center\u00bb css=\u00bb.vc_custom_1702554014029{padding-top: 6vh !important;}\u00bb][vc_column_inner width=\u00bb2\/3&#8243;][vc_column_text css=\u00bb\u00bb]\n<h3>Especializaci\u00f3n y Soporte Total con RSA LOG<\/h3>\n<p>RSA LOG est\u00e1 perfectamente situada para apoyar a su empresa en este proceso. Nuestro equipo de expertos conoce a fondo todos los requisitos necesarios para solicitar el acta de concesi\u00f3n. Adem\u00e1s, tenemos un compromiso inquebrantable con el cumplimiento de los plazos y una comprensi\u00f3n profunda de los matices de las normas aduaneras.<\/p>\n<h3>Cubrimos Todos los Reg\u00edmenes de Drawback<\/h3>\n<p>Ya sea en el r\u00e9gimen de suspensi\u00f3n, exenci\u00f3n o devoluci\u00f3n, RSA LOG est\u00e1 lista para ofrecer asistencia completa. Nuestra especializaci\u00f3n y experiencia son las piedras angulares para asegurar que su empresa aproveche al m\u00e1ximo el r\u00e9gimen de drawback, simplificando los procesos y asegurando el cumplimiento efectivo de todos los requisitos gubernamentales.[\/vc_column_text][vc_separator align=\u00bbalign_left\u00bb border_width=\u00bb9&#8243; el_width=\u00bb30&#8243; css=\u00bb.vc_custom_1681853683031{padding-top: 30px !important;}\u00bb][vc_empty_space height=\u00bb45px\u00bb]\t<div id=\"thb-gradienttype-69ee2cacb3a8d\" class=\"thb-gradienttype   on-hover-\">\n\t\t\n<h2>RSA LOG: Su Socio Estrat\u00e9gico en Drawback<\/h2>\n\t\t\t<style>\n\t\t\t\t\t\t#thb-gradienttype-69ee2cacb3a8d * {\n\t\t\t\tbackground:#49c2cb;background:linear-gradient( -135deg,#267da0,#49c2cb );\t}\n\t\t\t\t<\/style>\n\t<\/div>\n\n\t[vc_column_text css=\u00bb\u00bb]Con RSA LOG, su empresa gana un aliado estrat\u00e9gico para hacer frente a las complejidades del comercio internacional, transformando los retos en oportunidades.[\/vc_column_text][vc_empty_space][vc_separator align=\u00bbalign_left\u00bb border_width=\u00bb9&#8243; el_width=\u00bb30&#8243; css=\u00bb.vc_custom_1681856434937{padding-bottom: 30px !important;}\u00bb][\/vc_column_inner][\/vc_row_inner][\/vc_column][\/vc_row]\n<\/div>","protected":false},"excerpt":{"rendered":"<p>[vc_row thb_full_width=\u00bbtrue\u00bb thb_row_padding=\u00bbtrue\u00bb thb_column_padding=\u00bbtrue\u00bb thb_shape_divider=\u00bbtrue\u00bb css=\u00bb.vc_custom_1680565235325{padding-bottom: 45px !important;background-position: center !important;background-repeat: no-repeat !important;background-size: cover !important;}\u00bb divider_shape=\u00bbtilt_v2&#8243; thb_divider_color=\u00bb#ffffff\u00bb thb_divider_height=\u00bb50&#8243; bg_gradient1=\u00bb#297ea1&#8243; bg_gradient2=\u00bb#6cc4c7&#8243;][vc_column][vc_row_inner css=\u00bb.vc_custom_1680565255274{padding-top: 60px !important;}\u00bb][vc_column_inner][\/vc_column_inner][\/vc_row_inner][\/vc_column][\/vc_row][vc_row thb_full_width=\u00bbtrue\u00bb thb_row_padding=\u00bbtrue\u00bb thb_column_padding=\u00bbtrue\u00bb content_placement=\u00bbmiddle\u00bb css=\u00bb.vc_custom_1702553821881{padding-top: 90px !important;padding-bottom: 12vh !important;background-color: #ffffff !important;}\u00bb el_class=\u00bbalign-center\u00bb][vc_column][vc_row_inner thb_column_padding=\u00bbtrue\u00bb content_placement=\u00bbmiddle\u00bb css=\u00bb.vc_custom_1702554008080{padding-bottom: 6vh !important;}\u00bb el_class=\u00bbalign-center\u00bb][vc_column_inner width=\u00bb1\/2&#8243; css=\u00bb.vc_custom_1702554033946{padding-right: 15% !important;}\u00bb][vc_separator align=\u00bbalign_left\u00bb border_width=\u00bb9&#8243; el_width=\u00bb30&#8243; css=\u00bb.vc_custom_1681856434937{padding-bottom: 30px !important;}\u00bb][vc_column_text css=\u00bb\u00bb]El r\u00e9gimen de drawback, uno&hellip;<\/p>\n","protected":false},"author":1,"featured_media":0,"parent":1810,"menu_order":0,"comment_status":"closed","ping_status":"closed","template":"","meta":{"footnotes":""},"class_list":["post-1939","page","type-page","status-publish","hentry"],"yoast_head":"<!-- This site is optimized with the Yoast SEO plugin v26.7 - https:\/\/yoast.com\/wordpress\/plugins\/seo\/ -->\n<title>Drawback - RSA<\/title>\n<meta name=\"robots\" content=\"index, follow, max-snippet:-1, max-image-preview:large, max-video-preview:-1\" \/>\n<link rel=\"canonical\" href=\"https:\/\/rsalog.com\/es\/soluciones\/drawback\/\" \/>\n<meta property=\"og:locale\" content=\"es_ES\" \/>\n<meta property=\"og:type\" content=\"article\" \/>\n<meta property=\"og:title\" content=\"Drawback - RSA\" \/>\n<meta property=\"og:description\" content=\"[vc_row thb_full_width=\u00bbtrue\u00bb thb_row_padding=\u00bbtrue\u00bb thb_column_padding=\u00bbtrue\u00bb thb_shape_divider=\u00bbtrue\u00bb css=\u00bb.vc_custom_1680565235325{padding-bottom: 45px !important;background-position: center !important;background-repeat: no-repeat !important;background-size: cover !important;}\u00bb divider_shape=\u00bbtilt_v2&#8243; thb_divider_color=\u00bb#ffffff\u00bb thb_divider_height=\u00bb50&#8243; bg_gradient1=\u00bb#297ea1&#8243; bg_gradient2=\u00bb#6cc4c7&#8243;][vc_column][vc_row_inner css=\u00bb.vc_custom_1680565255274{padding-top: 60px !important;}\u00bb][vc_column_inner][\/vc_column_inner][\/vc_row_inner][\/vc_column][\/vc_row][vc_row thb_full_width=\u00bbtrue\u00bb thb_row_padding=\u00bbtrue\u00bb thb_column_padding=\u00bbtrue\u00bb content_placement=\u00bbmiddle\u00bb css=\u00bb.vc_custom_1702553821881{padding-top: 90px !important;padding-bottom: 12vh !important;background-color: #ffffff !important;}\u00bb el_class=\u00bbalign-center\u00bb][vc_column][vc_row_inner thb_column_padding=\u00bbtrue\u00bb content_placement=\u00bbmiddle\u00bb css=\u00bb.vc_custom_1702554008080{padding-bottom: 6vh !important;}\u00bb el_class=\u00bbalign-center\u00bb][vc_column_inner width=\u00bb1\/2&#8243; css=\u00bb.vc_custom_1702554033946{padding-right: 15% !important;}\u00bb][vc_separator align=\u00bbalign_left\u00bb border_width=\u00bb9&#8243; el_width=\u00bb30&#8243; css=\u00bb.vc_custom_1681856434937{padding-bottom: 30px !important;}\u00bb][vc_column_text css=\u00bb\u00bb]El r\u00e9gimen de drawback, uno&hellip;\" \/>\n<meta property=\"og:url\" content=\"https:\/\/rsalog.com\/es\/soluciones\/drawback\/\" \/>\n<meta property=\"og:site_name\" content=\"RSA\" \/>\n<meta property=\"article:modified_time\" content=\"2024-06-27T14:08:55+00:00\" \/>\n<meta property=\"og:image\" content=\"https:\/\/rsalog.com\/wp-content\/uploads\/2023\/11\/rsafooter.webp\" \/>\n\t<meta property=\"og:image:width\" content=\"1600\" \/>\n\t<meta property=\"og:image:height\" content=\"1300\" \/>\n\t<meta property=\"og:image:type\" content=\"image\/webp\" \/>\n<meta name=\"twitter:card\" content=\"summary_large_image\" \/>\n<meta name=\"twitter:label1\" content=\"Tiempo de lectura\" \/>\n\t<meta name=\"twitter:data1\" content=\"3 minutos\" \/>\n<script type=\"application\/ld+json\" class=\"yoast-schema-graph\">{\"@context\":\"https:\/\/schema.org\",\"@graph\":[{\"@type\":\"WebPage\",\"@id\":\"https:\/\/rsalog.com\/es\/soluciones\/drawback\/\",\"url\":\"https:\/\/rsalog.com\/es\/soluciones\/drawback\/\",\"name\":\"Drawback - RSA\",\"isPartOf\":{\"@id\":\"https:\/\/rsalog.com\/es\/#website\"},\"datePublished\":\"2023-06-12T19:55:23+00:00\",\"dateModified\":\"2024-06-27T14:08:55+00:00\",\"breadcrumb\":{\"@id\":\"https:\/\/rsalog.com\/es\/soluciones\/drawback\/#breadcrumb\"},\"inLanguage\":\"es\",\"potentialAction\":[{\"@type\":\"ReadAction\",\"target\":[\"https:\/\/rsalog.com\/es\/soluciones\/drawback\/\"]}]},{\"@type\":\"BreadcrumbList\",\"@id\":\"https:\/\/rsalog.com\/es\/soluciones\/drawback\/#breadcrumb\",\"itemListElement\":[{\"@type\":\"ListItem\",\"position\":1,\"name\":\"In\u00edcio\",\"item\":\"https:\/\/rsalog.com\/es\/\"},{\"@type\":\"ListItem\",\"position\":2,\"name\":\"Soluciones\",\"item\":\"https:\/\/rsalog.com\/es\/soluciones\/\"},{\"@type\":\"ListItem\",\"position\":3,\"name\":\"Drawback\"}]},{\"@type\":\"WebSite\",\"@id\":\"https:\/\/rsalog.com\/es\/#website\",\"url\":\"https:\/\/rsalog.com\/es\/\",\"name\":\"RSA Log\u00edstica Internacional\",\"description\":\"Logistica Internacional\",\"publisher\":{\"@id\":\"https:\/\/rsalog.com\/es\/#organization\"},\"alternateName\":\"RSA Log\u00edstica\",\"potentialAction\":[{\"@type\":\"SearchAction\",\"target\":{\"@type\":\"EntryPoint\",\"urlTemplate\":\"https:\/\/rsalog.com\/es\/?s={search_term_string}\"},\"query-input\":{\"@type\":\"PropertyValueSpecification\",\"valueRequired\":true,\"valueName\":\"search_term_string\"}}],\"inLanguage\":\"es\"},{\"@type\":\"Organization\",\"@id\":\"https:\/\/rsalog.com\/es\/#organization\",\"name\":\"RSA Log\u00edstica Internacional\",\"alternateName\":\"RSA Log\u00edstica\",\"url\":\"https:\/\/rsalog.com\/es\/\",\"logo\":{\"@type\":\"ImageObject\",\"inLanguage\":\"es\",\"@id\":\"https:\/\/rsalog.com\/es\/#\/schema\/logo\/image\/\",\"url\":\"https:\/\/rsalog.com\/wp-content\/uploads\/2023\/04\/rsa-logistica-3.svg\",\"contentUrl\":\"https:\/\/rsalog.com\/wp-content\/uploads\/2023\/04\/rsa-logistica-3.svg\",\"width\":\"1024\",\"height\":\"1024\",\"caption\":\"RSA Log\u00edstica Internacional\"},\"image\":{\"@id\":\"https:\/\/rsalog.com\/es\/#\/schema\/logo\/image\/\"},\"sameAs\":[\"https:\/\/www.instagram.com\/rsalogisticsbr\/\",\"https:\/\/www.linkedin.com\/company\/10004558\/admin\/\"]}]}<\/script>\n<!-- \/ Yoast SEO plugin. -->","yoast_head_json":{"title":"Drawback - RSA","robots":{"index":"index","follow":"follow","max-snippet":"max-snippet:-1","max-image-preview":"max-image-preview:large","max-video-preview":"max-video-preview:-1"},"canonical":"https:\/\/rsalog.com\/es\/soluciones\/drawback\/","og_locale":"es_ES","og_type":"article","og_title":"Drawback - RSA","og_description":"[vc_row thb_full_width=\u00bbtrue\u00bb thb_row_padding=\u00bbtrue\u00bb thb_column_padding=\u00bbtrue\u00bb thb_shape_divider=\u00bbtrue\u00bb css=\u00bb.vc_custom_1680565235325{padding-bottom: 45px !important;background-position: center !important;background-repeat: no-repeat !important;background-size: cover !important;}\u00bb divider_shape=\u00bbtilt_v2&#8243; thb_divider_color=\u00bb#ffffff\u00bb thb_divider_height=\u00bb50&#8243; bg_gradient1=\u00bb#297ea1&#8243; bg_gradient2=\u00bb#6cc4c7&#8243;][vc_column][vc_row_inner css=\u00bb.vc_custom_1680565255274{padding-top: 60px !important;}\u00bb][vc_column_inner][\/vc_column_inner][\/vc_row_inner][\/vc_column][\/vc_row][vc_row thb_full_width=\u00bbtrue\u00bb thb_row_padding=\u00bbtrue\u00bb thb_column_padding=\u00bbtrue\u00bb content_placement=\u00bbmiddle\u00bb css=\u00bb.vc_custom_1702553821881{padding-top: 90px !important;padding-bottom: 12vh !important;background-color: #ffffff !important;}\u00bb el_class=\u00bbalign-center\u00bb][vc_column][vc_row_inner thb_column_padding=\u00bbtrue\u00bb content_placement=\u00bbmiddle\u00bb css=\u00bb.vc_custom_1702554008080{padding-bottom: 6vh !important;}\u00bb el_class=\u00bbalign-center\u00bb][vc_column_inner width=\u00bb1\/2&#8243; css=\u00bb.vc_custom_1702554033946{padding-right: 15% !important;}\u00bb][vc_separator align=\u00bbalign_left\u00bb border_width=\u00bb9&#8243; el_width=\u00bb30&#8243; css=\u00bb.vc_custom_1681856434937{padding-bottom: 30px !important;}\u00bb][vc_column_text css=\u00bb\u00bb]El r\u00e9gimen de drawback, uno&hellip;","og_url":"https:\/\/rsalog.com\/es\/soluciones\/drawback\/","og_site_name":"RSA","article_modified_time":"2024-06-27T14:08:55+00:00","og_image":[{"width":1600,"height":1300,"url":"https:\/\/rsalog.com\/wp-content\/uploads\/2023\/11\/rsafooter.webp","type":"image\/webp"}],"twitter_card":"summary_large_image","twitter_misc":{"Tiempo de lectura":"3 minutos"},"schema":{"@context":"https:\/\/schema.org","@graph":[{"@type":"WebPage","@id":"https:\/\/rsalog.com\/es\/soluciones\/drawback\/","url":"https:\/\/rsalog.com\/es\/soluciones\/drawback\/","name":"Drawback - RSA","isPartOf":{"@id":"https:\/\/rsalog.com\/es\/#website"},"datePublished":"2023-06-12T19:55:23+00:00","dateModified":"2024-06-27T14:08:55+00:00","breadcrumb":{"@id":"https:\/\/rsalog.com\/es\/soluciones\/drawback\/#breadcrumb"},"inLanguage":"es","potentialAction":[{"@type":"ReadAction","target":["https:\/\/rsalog.com\/es\/soluciones\/drawback\/"]}]},{"@type":"BreadcrumbList","@id":"https:\/\/rsalog.com\/es\/soluciones\/drawback\/#breadcrumb","itemListElement":[{"@type":"ListItem","position":1,"name":"In\u00edcio","item":"https:\/\/rsalog.com\/es\/"},{"@type":"ListItem","position":2,"name":"Soluciones","item":"https:\/\/rsalog.com\/es\/soluciones\/"},{"@type":"ListItem","position":3,"name":"Drawback"}]},{"@type":"WebSite","@id":"https:\/\/rsalog.com\/es\/#website","url":"https:\/\/rsalog.com\/es\/","name":"RSA Log\u00edstica Internacional","description":"Logistica Internacional","publisher":{"@id":"https:\/\/rsalog.com\/es\/#organization"},"alternateName":"RSA Log\u00edstica","potentialAction":[{"@type":"SearchAction","target":{"@type":"EntryPoint","urlTemplate":"https:\/\/rsalog.com\/es\/?s={search_term_string}"},"query-input":{"@type":"PropertyValueSpecification","valueRequired":true,"valueName":"search_term_string"}}],"inLanguage":"es"},{"@type":"Organization","@id":"https:\/\/rsalog.com\/es\/#organization","name":"RSA Log\u00edstica Internacional","alternateName":"RSA Log\u00edstica","url":"https:\/\/rsalog.com\/es\/","logo":{"@type":"ImageObject","inLanguage":"es","@id":"https:\/\/rsalog.com\/es\/#\/schema\/logo\/image\/","url":"https:\/\/rsalog.com\/wp-content\/uploads\/2023\/04\/rsa-logistica-3.svg","contentUrl":"https:\/\/rsalog.com\/wp-content\/uploads\/2023\/04\/rsa-logistica-3.svg","width":"1024","height":"1024","caption":"RSA Log\u00edstica Internacional"},"image":{"@id":"https:\/\/rsalog.com\/es\/#\/schema\/logo\/image\/"},"sameAs":["https:\/\/www.instagram.com\/rsalogisticsbr\/","https:\/\/www.linkedin.com\/company\/10004558\/admin\/"]}]}},"_links":{"self":[{"href":"https:\/\/rsalog.com\/es\/wp-json\/wp\/v2\/pages\/1939","targetHints":{"allow":["GET"]}}],"collection":[{"href":"https:\/\/rsalog.com\/es\/wp-json\/wp\/v2\/pages"}],"about":[{"href":"https:\/\/rsalog.com\/es\/wp-json\/wp\/v2\/types\/page"}],"author":[{"embeddable":true,"href":"https:\/\/rsalog.com\/es\/wp-json\/wp\/v2\/users\/1"}],"replies":[{"embeddable":true,"href":"https:\/\/rsalog.com\/es\/wp-json\/wp\/v2\/comments?post=1939"}],"version-history":[{"count":0,"href":"https:\/\/rsalog.com\/es\/wp-json\/wp\/v2\/pages\/1939\/revisions"}],"up":[{"embeddable":true,"href":"https:\/\/rsalog.com\/es\/wp-json\/wp\/v2\/pages\/1810"}],"wp:attachment":[{"href":"https:\/\/rsalog.com\/es\/wp-json\/wp\/v2\/media?parent=1939"}],"curies":[{"name":"wp","href":"https:\/\/api.w.org\/{rel}","templated":true}]}}