{"id":1972,"date":"2023-06-12T16:02:07","date_gmt":"2023-06-12T19:02:07","guid":{"rendered":"https:\/\/rsalog.com\/solucoes\/desembaraco-aduaneiro\/"},"modified":"2024-07-31T17:01:25","modified_gmt":"2024-07-31T20:01:25","slug":"douaneafhandeling","status":"publish","type":"page","link":"https:\/\/rsalog.com\/nl\/oplossingen\/douaneafhandeling\/","title":{"rendered":"Douaneafhandeling"},"content":{"rendered":"<div class=\"wpb-content-wrapper\">[vc_row thb_full_width=&#8221;true&#8221; thb_row_padding=&#8221;true&#8221; thb_column_padding=&#8221;true&#8221; thb_shape_divider=&#8221;true&#8221; css=&#8221;.vc_custom_1680565235325{padding-bottom: 45px !important;background-position: center !important;background-repeat: no-repeat !important;background-size: cover !important;}&#8221; divider_shape=&#8221;tilt_v2&#8243; thb_divider_color=&#8221;#ffffff&#8221; thb_divider_height=&#8221;50&#8243; bg_gradient1=&#8221;#297ea1&#8243; bg_gradient2=&#8221;#6cc4c7&#8243;][vc_column][vc_row_inner css=&#8221;.vc_custom_1680565255274{padding-top: 60px !important;}&#8221;][vc_column_inner]\t<div id=\"thb-autotype-69e6378984349\" class=\"thb-autotype \">\n\t\t\n<h1><strong><span class=\"thb-autotype-entry\" data-thb-cursor=\"\" data-thb-loop=\"\" data-strings=\"[&quot;Douaneafhandeling&quot;]\" data-speed=\"50\"><\/span><\/strong><\/h1>\n\t\t\t\t<style>\n\t\t\t#thb-autotype-69e6378984349 .thb-autotype-entry {\n\t\t\t\tcolor: #ffffff;\n\t\t\t}\n\t\t<\/style>\n\t\t\t<\/div>\n\n\t[\/vc_column_inner][\/vc_row_inner][\/vc_column][\/vc_row][vc_row thb_full_width=&#8221;true&#8221; thb_row_padding=&#8221;true&#8221; thb_column_padding=&#8221;true&#8221; content_placement=&#8221;middle&#8221; css=&#8221;.vc_custom_1702553821881{padding-top: 90px !important;padding-bottom: 12vh !important;background-color: #ffffff !important;}&#8221; el_class=&#8221;align-center&#8221;][vc_column][vc_row_inner thb_column_padding=&#8221;true&#8221; content_placement=&#8221;middle&#8221; css=&#8221;.vc_custom_1702554008080{padding-bottom: 6vh !important;}&#8221; el_class=&#8221;align-center&#8221;][vc_column_inner width=&#8221;1\/2&#8243; css=&#8221;.vc_custom_1702554033946{padding-right: 15% !important;}&#8221;]\t<div id=\"thb-gradienttype-69e63789844a8\" class=\"thb-gradienttype   on-hover-\">\n\t\t\n<h4>Douane-inklaring met RSA LOG: Effici\u00ebntie en Betrouwbaarheid in Internationale<\/h4>\n\t\t\t<style>\n\t\t\t\t\t\t#thb-gradienttype-69e63789844a8 * {\n\t\t\t\tbackground:#49c2cb;background:linear-gradient( -135deg,#267da0,#49c2cb );\t}\n\t\t\t\t<\/style>\n\t<\/div>\n\n\t\t<div id=\"thb-gradienttype-69e63789845c7\" class=\"thb-gradienttype   on-hover-\">\n\t\t\n<h2>Handel Versnel Uw<br \/>\nImport- en Exportoperaties<\/h2>\n\t\t\t<style>\n\t\t\t\t\t\t#thb-gradienttype-69e63789845c7 * {\n\t\t\t\tbackground:#49c2cb;background:linear-gradient( -135deg,#267da0,#49c2cb );\t}\n\t\t\t\t<\/style>\n\t<\/div>\n\n\t[vc_separator align=&#8221;align_left&#8221; border_width=&#8221;9&#8243; el_width=&#8221;30&#8243; css=&#8221;.vc_custom_1681856434937{padding-bottom: 30px !important;}&#8221;][vc_column_text css=&#8221;&#8221;]Bij RSA LOG begrijpen we het cruciale belang van douane-inklaring in de wereld van buitenlandse handel. Onze 15 jaar ervaring hebben ons experts gemaakt in het vereenvoudigen en versnellen van het in- en uitvoerproces van goederen uit Brazili\u00eb, waarbij we ervoor zorgen dat uw operaties met maximale effici\u00ebntie en naleving worden uitgevoerd.<\/p>\n<h3>Ervaring die Grenzen Overstijgt<\/h3>\n<p>Douane-inklaring is de sleutel tot een succesvolle buitenlandse handelsoperatie. We kennen elk detail van dit vitale proces en zorgen ervoor dat uw goederen zonder complicaties grenzen passeren. Met RSA LOG is uw bedrijf uitgerust met de expertise die nodig is om elke douane-uitdaging aan te gaan, waardoor onzekerheden en verrassingen worden ge\u00eblimineerd.[\/vc_column_text][vc_separator align=&#8221;align_left&#8221; border_width=&#8221;9&#8243; el_width=&#8221;30&#8243; css=&#8221;.vc_custom_1681853683031{padding-top: 30px !important;}&#8221;][vc_empty_space]\t<a id=\"thb-button-69e6378984703\" class=\"btn style4 large  accent small-radius    \" href=\"\/contato\/\" target=\"_self\" role=\"button\">\n\t\t\t\t\t<span>NEEM CONTACT MET ONS OP<\/span>\n\t\t\t<\/a>\n\t\t[\/vc_column_inner][vc_column_inner width=&#8221;1\/3&#8243;]\t<div id=\"thb-image-69e63789847c7\" class=\"caption-style1  aligncenter full  thb_image_link wp-caption \">\n\t\t\t<div class=\"thb-image-inner size_100\">\n\t\t\t<img loading=\"lazy\" decoding=\"async\" width=\"970\" height=\"1400\" src=\"https:\/\/rsalog.com\/wp-content\/uploads\/2023\/12\/Desembaraco-Aduaneiro-RSA.jpg\" class=\"thb_image retina_size medium-shadow  attachment-full\" alt=\"\" title=\"Foreman control loading Containers box from Cargo freight ship for import export.\" \/>\t\t\t\t\t<\/div>\n\t\t\t\t\t\t<style>\n\t\t\t\t#thb-image-69e63789847c7,\n\t\t\t\t#thb-image-69e63789847c7 img {\n\t\t\t\t\tborder-radius: 6px;\n\t\t\t\t}\n\t\t<\/style>\n\t\t<\/div>\n\t[\/vc_column_inner][\/vc_row_inner][vc_row_inner thb_column_padding=&#8221;true&#8221; content_placement=&#8221;middle&#8221; el_class=&#8221;align-center&#8221; css=&#8221;.vc_custom_1702554014029{padding-top: 6vh !important;}&#8221;][vc_column_inner width=&#8221;2\/3&#8243;][vc_column_text css=&#8221;&#8221;]\n<h3>Parceiro Confi\u00e1vel para seu Neg\u00f3cio Global<\/h3>\n<p>Escolher a RSA LOG significa optar por um parceiro que valoriza a confian\u00e7a e a transpar\u00eancia. Nossos despachantes aduaneiros s\u00e3o profissionais altamente qualificados, dedicados a encontrar solu\u00e7\u00f5es efetivas para qualquer obst\u00e1culo alfandeg\u00e1rio. Com a RSA LOG, voc\u00ea tem a garantia de que cada etapa do seu processo de importa\u00e7\u00e3o ou exporta\u00e7\u00e3o ser\u00e1 tratada com o m\u00e1ximo de profissionalismo e aten\u00e7\u00e3o aos detalhes.[\/vc_column_text][vc_separator align=&#8221;align_left&#8221; border_width=&#8221;9&#8243; el_width=&#8221;30&#8243; css=&#8221;.vc_custom_1681853683031{padding-top: 30px !important;}&#8221;][vc_empty_space height=&#8221;45px&#8221;]\t<div id=\"thb-gradienttype-69e637898ceb7\" class=\"thb-gradienttype   on-hover-\">\n\t\t\n<h2>RSA LOG: Simplificando o Complexo, Maximizando seu Sucesso no Com\u00e9rcio Exterior<\/h2>\n\t\t\t<style>\n\t\t\t\t\t\t#thb-gradienttype-69e637898ceb7 * {\n\t\t\t\tbackground:#49c2cb;background:linear-gradient( -135deg,#267da0,#49c2cb );\t}\n\t\t\t\t<\/style>\n\t<\/div>\n\n\t[vc_separator align=&#8221;align_left&#8221; border_width=&#8221;9&#8243; el_width=&#8221;30&#8243; css=&#8221;.vc_custom_1681856434937{padding-bottom: 30px !important;}&#8221;][\/vc_column_inner][\/vc_row_inner][\/vc_column][\/vc_row]\n<\/div>","protected":false},"excerpt":{"rendered":"<p>[vc_row thb_full_width=&#8221;true&#8221; thb_row_padding=&#8221;true&#8221; thb_column_padding=&#8221;true&#8221; thb_shape_divider=&#8221;true&#8221; css=&#8221;.vc_custom_1680565235325{padding-bottom: 45px !important;background-position: center !important;background-repeat: no-repeat !important;background-size: cover !important;}&#8221; divider_shape=&#8221;tilt_v2&#8243; thb_divider_color=&#8221;#ffffff&#8221; thb_divider_height=&#8221;50&#8243; bg_gradient1=&#8221;#297ea1&#8243; bg_gradient2=&#8221;#6cc4c7&#8243;][vc_column][vc_row_inner css=&#8221;.vc_custom_1680565255274{padding-top: 60px !important;}&#8221;][vc_column_inner][\/vc_column_inner][\/vc_row_inner][\/vc_column][\/vc_row][vc_row thb_full_width=&#8221;true&#8221; thb_row_padding=&#8221;true&#8221; thb_column_padding=&#8221;true&#8221; content_placement=&#8221;middle&#8221; css=&#8221;.vc_custom_1702553821881{padding-top: 90px !important;padding-bottom: 12vh !important;background-color: #ffffff !important;}&#8221; el_class=&#8221;align-center&#8221;][vc_column][vc_row_inner thb_column_padding=&#8221;true&#8221; content_placement=&#8221;middle&#8221; css=&#8221;.vc_custom_1702554008080{padding-bottom: 6vh !important;}&#8221; el_class=&#8221;align-center&#8221;][vc_column_inner width=&#8221;1\/2&#8243; css=&#8221;.vc_custom_1702554033946{padding-right: 15% !important;}&#8221;][vc_separator align=&#8221;align_left&#8221; border_width=&#8221;9&#8243; el_width=&#8221;30&#8243; css=&#8221;.vc_custom_1681856434937{padding-bottom: 30px !important;}&#8221;][vc_column_text css=&#8221;&#8221;]Bij RSA LOG begrijpen we&hellip;<\/p>\n","protected":false},"author":1,"featured_media":0,"parent":1808,"menu_order":0,"comment_status":"closed","ping_status":"closed","template":"","meta":{"footnotes":""},"class_list":["post-1972","page","type-page","status-publish","hentry"],"yoast_head":"<!-- This site is optimized with the Yoast SEO plugin v26.7 - https:\/\/yoast.com\/wordpress\/plugins\/seo\/ -->\n<title>Douaneafhandeling - RSA<\/title>\n<meta name=\"robots\" content=\"index, follow, max-snippet:-1, max-image-preview:large, max-video-preview:-1\" \/>\n<link rel=\"canonical\" href=\"https:\/\/rsalog.com\/nl\/oplossingen\/douaneafhandeling\/\" \/>\n<meta property=\"og:locale\" content=\"nl_NL\" \/>\n<meta property=\"og:type\" content=\"article\" \/>\n<meta property=\"og:title\" content=\"Douaneafhandeling - RSA\" \/>\n<meta property=\"og:description\" content=\"[vc_row thb_full_width=&#8221;true&#8221; thb_row_padding=&#8221;true&#8221; thb_column_padding=&#8221;true&#8221; thb_shape_divider=&#8221;true&#8221; css=&#8221;.vc_custom_1680565235325{padding-bottom: 45px !important;background-position: center !important;background-repeat: no-repeat !important;background-size: cover !important;}&#8221; divider_shape=&#8221;tilt_v2&#8243; thb_divider_color=&#8221;#ffffff&#8221; thb_divider_height=&#8221;50&#8243; bg_gradient1=&#8221;#297ea1&#8243; bg_gradient2=&#8221;#6cc4c7&#8243;][vc_column][vc_row_inner css=&#8221;.vc_custom_1680565255274{padding-top: 60px !important;}&#8221;][vc_column_inner][\/vc_column_inner][\/vc_row_inner][\/vc_column][\/vc_row][vc_row thb_full_width=&#8221;true&#8221; thb_row_padding=&#8221;true&#8221; thb_column_padding=&#8221;true&#8221; content_placement=&#8221;middle&#8221; css=&#8221;.vc_custom_1702553821881{padding-top: 90px !important;padding-bottom: 12vh !important;background-color: #ffffff !important;}&#8221; el_class=&#8221;align-center&#8221;][vc_column][vc_row_inner thb_column_padding=&#8221;true&#8221; content_placement=&#8221;middle&#8221; css=&#8221;.vc_custom_1702554008080{padding-bottom: 6vh !important;}&#8221; el_class=&#8221;align-center&#8221;][vc_column_inner width=&#8221;1\/2&#8243; css=&#8221;.vc_custom_1702554033946{padding-right: 15% !important;}&#8221;][vc_separator align=&#8221;align_left&#8221; border_width=&#8221;9&#8243; el_width=&#8221;30&#8243; css=&#8221;.vc_custom_1681856434937{padding-bottom: 30px !important;}&#8221;][vc_column_text css=&#8221;&#8221;]Bij RSA LOG begrijpen we&hellip;\" \/>\n<meta property=\"og:url\" content=\"https:\/\/rsalog.com\/nl\/oplossingen\/douaneafhandeling\/\" \/>\n<meta property=\"og:site_name\" content=\"RSA\" \/>\n<meta property=\"article:modified_time\" content=\"2024-07-31T20:01:25+00:00\" \/>\n<meta property=\"og:image\" content=\"https:\/\/rsalog.com\/wp-content\/uploads\/2023\/11\/rsafooter.webp\" \/>\n\t<meta property=\"og:image:width\" content=\"1600\" \/>\n\t<meta property=\"og:image:height\" content=\"1300\" \/>\n\t<meta property=\"og:image:type\" content=\"image\/webp\" \/>\n<meta name=\"twitter:card\" content=\"summary_large_image\" \/>\n<meta name=\"twitter:label1\" content=\"Geschatte leestijd\" \/>\n\t<meta name=\"twitter:data1\" content=\"2 minuten\" \/>\n<script type=\"application\/ld+json\" class=\"yoast-schema-graph\">{\"@context\":\"https:\/\/schema.org\",\"@graph\":[{\"@type\":\"WebPage\",\"@id\":\"https:\/\/rsalog.com\/nl\/oplossingen\/douaneafhandeling\/\",\"url\":\"https:\/\/rsalog.com\/nl\/oplossingen\/douaneafhandeling\/\",\"name\":\"Douaneafhandeling - RSA\",\"isPartOf\":{\"@id\":\"https:\/\/rsalog.com\/nl\/#website\"},\"datePublished\":\"2023-06-12T19:02:07+00:00\",\"dateModified\":\"2024-07-31T20:01:25+00:00\",\"breadcrumb\":{\"@id\":\"https:\/\/rsalog.com\/nl\/oplossingen\/douaneafhandeling\/#breadcrumb\"},\"inLanguage\":\"nl-NL\",\"potentialAction\":[{\"@type\":\"ReadAction\",\"target\":[\"https:\/\/rsalog.com\/nl\/oplossingen\/douaneafhandeling\/\"]}]},{\"@type\":\"BreadcrumbList\",\"@id\":\"https:\/\/rsalog.com\/nl\/oplossingen\/douaneafhandeling\/#breadcrumb\",\"itemListElement\":[{\"@type\":\"ListItem\",\"position\":1,\"name\":\"In\u00edcio\",\"item\":\"https:\/\/rsalog.com\/nl\/\"},{\"@type\":\"ListItem\",\"position\":2,\"name\":\"Oplossingen\",\"item\":\"https:\/\/rsalog.com\/nl\/oplossingen\/\"},{\"@type\":\"ListItem\",\"position\":3,\"name\":\"Douaneafhandeling\"}]},{\"@type\":\"WebSite\",\"@id\":\"https:\/\/rsalog.com\/nl\/#website\",\"url\":\"https:\/\/rsalog.com\/nl\/\",\"name\":\"RSA Log\u00edstica Internacional\",\"description\":\"Logistica Internacional\",\"publisher\":{\"@id\":\"https:\/\/rsalog.com\/nl\/#organization\"},\"alternateName\":\"RSA Log\u00edstica\",\"potentialAction\":[{\"@type\":\"SearchAction\",\"target\":{\"@type\":\"EntryPoint\",\"urlTemplate\":\"https:\/\/rsalog.com\/nl\/?s={search_term_string}\"},\"query-input\":{\"@type\":\"PropertyValueSpecification\",\"valueRequired\":true,\"valueName\":\"search_term_string\"}}],\"inLanguage\":\"nl-NL\"},{\"@type\":\"Organization\",\"@id\":\"https:\/\/rsalog.com\/nl\/#organization\",\"name\":\"RSA Log\u00edstica Internacional\",\"alternateName\":\"RSA Log\u00edstica\",\"url\":\"https:\/\/rsalog.com\/nl\/\",\"logo\":{\"@type\":\"ImageObject\",\"inLanguage\":\"nl-NL\",\"@id\":\"https:\/\/rsalog.com\/nl\/#\/schema\/logo\/image\/\",\"url\":\"https:\/\/rsalog.com\/wp-content\/uploads\/2023\/04\/rsa-logistica-3.svg\",\"contentUrl\":\"https:\/\/rsalog.com\/wp-content\/uploads\/2023\/04\/rsa-logistica-3.svg\",\"width\":\"1024\",\"height\":\"1024\",\"caption\":\"RSA Log\u00edstica Internacional\"},\"image\":{\"@id\":\"https:\/\/rsalog.com\/nl\/#\/schema\/logo\/image\/\"},\"sameAs\":[\"https:\/\/www.instagram.com\/rsalogisticsbr\/\",\"https:\/\/www.linkedin.com\/company\/10004558\/admin\/\"]}]}<\/script>\n<!-- \/ Yoast SEO plugin. -->","yoast_head_json":{"title":"Douaneafhandeling - RSA","robots":{"index":"index","follow":"follow","max-snippet":"max-snippet:-1","max-image-preview":"max-image-preview:large","max-video-preview":"max-video-preview:-1"},"canonical":"https:\/\/rsalog.com\/nl\/oplossingen\/douaneafhandeling\/","og_locale":"nl_NL","og_type":"article","og_title":"Douaneafhandeling - RSA","og_description":"[vc_row thb_full_width=&#8221;true&#8221; thb_row_padding=&#8221;true&#8221; thb_column_padding=&#8221;true&#8221; thb_shape_divider=&#8221;true&#8221; css=&#8221;.vc_custom_1680565235325{padding-bottom: 45px !important;background-position: center !important;background-repeat: no-repeat !important;background-size: cover !important;}&#8221; divider_shape=&#8221;tilt_v2&#8243; thb_divider_color=&#8221;#ffffff&#8221; thb_divider_height=&#8221;50&#8243; bg_gradient1=&#8221;#297ea1&#8243; bg_gradient2=&#8221;#6cc4c7&#8243;][vc_column][vc_row_inner css=&#8221;.vc_custom_1680565255274{padding-top: 60px !important;}&#8221;][vc_column_inner][\/vc_column_inner][\/vc_row_inner][\/vc_column][\/vc_row][vc_row thb_full_width=&#8221;true&#8221; thb_row_padding=&#8221;true&#8221; thb_column_padding=&#8221;true&#8221; content_placement=&#8221;middle&#8221; css=&#8221;.vc_custom_1702553821881{padding-top: 90px !important;padding-bottom: 12vh !important;background-color: #ffffff !important;}&#8221; el_class=&#8221;align-center&#8221;][vc_column][vc_row_inner thb_column_padding=&#8221;true&#8221; content_placement=&#8221;middle&#8221; css=&#8221;.vc_custom_1702554008080{padding-bottom: 6vh !important;}&#8221; el_class=&#8221;align-center&#8221;][vc_column_inner width=&#8221;1\/2&#8243; css=&#8221;.vc_custom_1702554033946{padding-right: 15% !important;}&#8221;][vc_separator align=&#8221;align_left&#8221; border_width=&#8221;9&#8243; el_width=&#8221;30&#8243; css=&#8221;.vc_custom_1681856434937{padding-bottom: 30px !important;}&#8221;][vc_column_text css=&#8221;&#8221;]Bij RSA LOG begrijpen we&hellip;","og_url":"https:\/\/rsalog.com\/nl\/oplossingen\/douaneafhandeling\/","og_site_name":"RSA","article_modified_time":"2024-07-31T20:01:25+00:00","og_image":[{"width":1600,"height":1300,"url":"https:\/\/rsalog.com\/wp-content\/uploads\/2023\/11\/rsafooter.webp","type":"image\/webp"}],"twitter_card":"summary_large_image","twitter_misc":{"Geschatte leestijd":"2 minuten"},"schema":{"@context":"https:\/\/schema.org","@graph":[{"@type":"WebPage","@id":"https:\/\/rsalog.com\/nl\/oplossingen\/douaneafhandeling\/","url":"https:\/\/rsalog.com\/nl\/oplossingen\/douaneafhandeling\/","name":"Douaneafhandeling - RSA","isPartOf":{"@id":"https:\/\/rsalog.com\/nl\/#website"},"datePublished":"2023-06-12T19:02:07+00:00","dateModified":"2024-07-31T20:01:25+00:00","breadcrumb":{"@id":"https:\/\/rsalog.com\/nl\/oplossingen\/douaneafhandeling\/#breadcrumb"},"inLanguage":"nl-NL","potentialAction":[{"@type":"ReadAction","target":["https:\/\/rsalog.com\/nl\/oplossingen\/douaneafhandeling\/"]}]},{"@type":"BreadcrumbList","@id":"https:\/\/rsalog.com\/nl\/oplossingen\/douaneafhandeling\/#breadcrumb","itemListElement":[{"@type":"ListItem","position":1,"name":"In\u00edcio","item":"https:\/\/rsalog.com\/nl\/"},{"@type":"ListItem","position":2,"name":"Oplossingen","item":"https:\/\/rsalog.com\/nl\/oplossingen\/"},{"@type":"ListItem","position":3,"name":"Douaneafhandeling"}]},{"@type":"WebSite","@id":"https:\/\/rsalog.com\/nl\/#website","url":"https:\/\/rsalog.com\/nl\/","name":"RSA Log\u00edstica Internacional","description":"Logistica Internacional","publisher":{"@id":"https:\/\/rsalog.com\/nl\/#organization"},"alternateName":"RSA Log\u00edstica","potentialAction":[{"@type":"SearchAction","target":{"@type":"EntryPoint","urlTemplate":"https:\/\/rsalog.com\/nl\/?s={search_term_string}"},"query-input":{"@type":"PropertyValueSpecification","valueRequired":true,"valueName":"search_term_string"}}],"inLanguage":"nl-NL"},{"@type":"Organization","@id":"https:\/\/rsalog.com\/nl\/#organization","name":"RSA Log\u00edstica Internacional","alternateName":"RSA Log\u00edstica","url":"https:\/\/rsalog.com\/nl\/","logo":{"@type":"ImageObject","inLanguage":"nl-NL","@id":"https:\/\/rsalog.com\/nl\/#\/schema\/logo\/image\/","url":"https:\/\/rsalog.com\/wp-content\/uploads\/2023\/04\/rsa-logistica-3.svg","contentUrl":"https:\/\/rsalog.com\/wp-content\/uploads\/2023\/04\/rsa-logistica-3.svg","width":"1024","height":"1024","caption":"RSA Log\u00edstica Internacional"},"image":{"@id":"https:\/\/rsalog.com\/nl\/#\/schema\/logo\/image\/"},"sameAs":["https:\/\/www.instagram.com\/rsalogisticsbr\/","https:\/\/www.linkedin.com\/company\/10004558\/admin\/"]}]}},"_links":{"self":[{"href":"https:\/\/rsalog.com\/nl\/wp-json\/wp\/v2\/pages\/1972","targetHints":{"allow":["GET"]}}],"collection":[{"href":"https:\/\/rsalog.com\/nl\/wp-json\/wp\/v2\/pages"}],"about":[{"href":"https:\/\/rsalog.com\/nl\/wp-json\/wp\/v2\/types\/page"}],"author":[{"embeddable":true,"href":"https:\/\/rsalog.com\/nl\/wp-json\/wp\/v2\/users\/1"}],"replies":[{"embeddable":true,"href":"https:\/\/rsalog.com\/nl\/wp-json\/wp\/v2\/comments?post=1972"}],"version-history":[{"count":0,"href":"https:\/\/rsalog.com\/nl\/wp-json\/wp\/v2\/pages\/1972\/revisions"}],"up":[{"embeddable":true,"href":"https:\/\/rsalog.com\/nl\/wp-json\/wp\/v2\/pages\/1808"}],"wp:attachment":[{"href":"https:\/\/rsalog.com\/nl\/wp-json\/wp\/v2\/media?parent=1972"}],"curies":[{"name":"wp","href":"https:\/\/api.w.org\/{rel}","templated":true}]}}