{"id":1986,"date":"2023-06-12T16:07:01","date_gmt":"2023-06-12T19:07:01","guid":{"rendered":"https:\/\/rsalog.com\/solucoes\/logistica-internacional\/"},"modified":"2024-07-31T16:59:18","modified_gmt":"2024-07-31T19:59:18","slug":"internationale-logistiek","status":"publish","type":"page","link":"https:\/\/rsalog.com\/nl\/oplossingen\/internationale-logistiek\/","title":{"rendered":"Internationale Logistiek"},"content":{"rendered":"<div class=\"wpb-content-wrapper\">[vc_row thb_full_width=&#8221;true&#8221; thb_row_padding=&#8221;true&#8221; thb_column_padding=&#8221;true&#8221; thb_shape_divider=&#8221;true&#8221; css=&#8221;.vc_custom_1680565235325{padding-bottom: 45px !important;background-position: center !important;background-repeat: no-repeat !important;background-size: cover !important;}&#8221; divider_shape=&#8221;tilt_v2&#8243; thb_divider_color=&#8221;#ffffff&#8221; thb_divider_height=&#8221;50&#8243; bg_gradient1=&#8221;#297ea1&#8243; bg_gradient2=&#8221;#6cc4c7&#8243;][vc_column][vc_row_inner css=&#8221;.vc_custom_1680565255274{padding-top: 60px !important;}&#8221;][vc_column_inner]\t<div id=\"thb-autotype-69d4caf7592c9\" class=\"thb-autotype \">\n\t\t\n<h1><strong><span class=\"thb-autotype-entry\" data-thb-cursor=\"\" data-thb-loop=\"\" data-strings=\"[&quot;Internationale Logistiek&quot;]\" data-speed=\"50\"><\/span><\/strong><\/h1>\n\t\t\t\t<style>\n\t\t\t#thb-autotype-69d4caf7592c9 .thb-autotype-entry {\n\t\t\t\tcolor: #ffffff;\n\t\t\t}\n\t\t<\/style>\n\t\t\t<\/div>\n\n\t[\/vc_column_inner][\/vc_row_inner][\/vc_column][\/vc_row][vc_row thb_full_width=&#8221;true&#8221; thb_row_padding=&#8221;true&#8221; thb_column_padding=&#8221;true&#8221; content_placement=&#8221;middle&#8221; css=&#8221;.vc_custom_1702553821881{padding-top: 90px !important;padding-bottom: 12vh !important;background-color: #ffffff !important;}&#8221; el_class=&#8221;align-center&#8221;][vc_column][vc_row_inner thb_column_padding=&#8221;true&#8221; content_placement=&#8221;middle&#8221; css=&#8221;.vc_custom_1702554008080{padding-bottom: 6vh !important;}&#8221; el_class=&#8221;align-center&#8221;][vc_column_inner width=&#8221;1\/2&#8243; css=&#8221;.vc_custom_1702554033946{padding-right: 15% !important;}&#8221;]\t<div id=\"thb-gradienttype-69d4caf759429\" class=\"thb-gradienttype   on-hover-\">\n\t\t\n<h4>Internationale Logistiek RSA LOG: Complete Oplossingen voor een Wereld Zonder Grenzen<\/h4>\n\t\t\t<style>\n\t\t\t\t\t\t#thb-gradienttype-69d4caf759429 * {\n\t\t\t\tbackground:#49c2cb;background:linear-gradient( -135deg,#267da0,#49c2cb );\t}\n\t\t\t\t<\/style>\n\t<\/div>\n\n\t\t<div id=\"thb-gradienttype-69d4caf759519\" class=\"thb-gradienttype   on-hover-\">\n\t\t\n<h2>De Uitdaging van Door-to-Door Omarmen<\/h2>\n\t\t\t<style>\n\t\t\t\t\t\t#thb-gradienttype-69d4caf759519 * {\n\t\t\t\tbackground:#49c2cb;background:linear-gradient( -135deg,#267da0,#49c2cb );\t}\n\t\t\t\t<\/style>\n\t<\/div>\n\n\t[vc_separator align=&#8221;align_left&#8221; border_width=&#8221;9&#8243; el_width=&#8221;30&#8243; css=&#8221;.vc_custom_1681856434937{padding-bottom: 30px !important;}&#8221;][vc_column_text css=&#8221;&#8221;]Bij RSA LOG transformeren we de complexiteit van internationale logistiek in een vloeiend en transparant proces. Onze exclusieve door-to-door operatieservice betekent dat we elk detail van uw logistieke keten verzorgen. Van de eerste verzameling tot de uiteindelijke levering, elke stap wordt zorgvuldig gepland en uitgevoerd met maximale effici\u00ebntie.<\/p>\n<h3>Een Integrale Visie op Wereldwijd Transport Wat<\/h3>\n<p>Ons onderscheidt op de internationale logistieke markt is onze holistische benadering. We beperken ons niet tot een enkele transportmodaliteit; we dekken de volledige logistieke keten. Of het nu via de lucht, zee, weg of spoor is, we selecteren de beste opties om de ideale balans tussen kosten en voordelen te garanderen, altijd rekening houdend met de specificaties van elke processtap.[\/vc_column_text][vc_separator align=&#8221;align_left&#8221; border_width=&#8221;9&#8243; el_width=&#8221;30&#8243; css=&#8221;.vc_custom_1681853683031{padding-top: 30px !important;}&#8221;][vc_empty_space]\t<a id=\"thb-button-69d4caf75960e\" class=\"btn style4 large  accent small-radius    \" href=\"\/contato\/\" target=\"_self\" role=\"button\">\n\t\t\t\t\t<span>ENTRE EM CONTATO<\/span>\n\t\t\t<\/a>\n\t\t[\/vc_column_inner][vc_column_inner width=&#8221;1\/3&#8243;]\t<div id=\"thb-image-69d4caf7596d1\" class=\"caption-style1  aligncenter full  thb_image_link wp-caption \">\n\t\t\t<div class=\"thb-image-inner size_100\">\n\t\t\t<img loading=\"lazy\" decoding=\"async\" width=\"800\" height=\"1200\" src=\"https:\/\/rsalog.com\/wp-content\/uploads\/2023\/12\/logistica-internacional.jpeg\" class=\"thb_image retina_size medium-shadow  attachment-full\" alt=\"\" title=\"logistica-internacional\" \/>\t\t\t\t\t<\/div>\n\t\t\t\t\t\t<style>\n\t\t\t\t#thb-image-69d4caf7596d1,\n\t\t\t\t#thb-image-69d4caf7596d1 img {\n\t\t\t\t\tborder-radius: 6px;\n\t\t\t\t}\n\t\t<\/style>\n\t\t<\/div>\n\t[\/vc_column_inner][\/vc_row_inner][vc_row_inner thb_column_padding=&#8221;true&#8221; content_placement=&#8221;middle&#8221; el_class=&#8221;align-center&#8221; css=&#8221;.vc_custom_1702554014029{padding-top: 6vh !important;}&#8221;][vc_column_inner width=&#8221;2\/3&#8243;][vc_column_text css=&#8221;&#8221;]\n<h3>De Uitdagingen van Transport met Meesterschap Navigeren<\/h3>\n<p>Wij begrijpen dat een van de grootste uitdagingen van internationale logistiek het veilig, effici\u00ebnt en economisch transporteren van goederen is. Onze ervaring stelt ons in staat om niet alleen de meest geschikte vervoerswijzen te kiezen, maar ook strategische routes en oplossingen voor opslag en distributie te plannen, obstakels te overwinnen en tijd en kosten te optimaliseren.<\/p>\n<h3>Document- en Douanebeheer: Onze Specialiteit<\/h3>\n<p>De complexiteit van douaneregelgeving en documentbeheer varieert aanzienlijk tussen landen. Bij RSA LOG wordt dit cruciale aspect met diepgaande kennis en nauwgezette aandacht voor details behandeld, zodat aan alle voorschriften wordt voldaan en de processen worden versneld.<\/p>\n<h2>Kwaliteit, Veiligheid en Transparantie: Onze Pijlers<\/h2>\n<p>Met jarenlange ervaring in internationale logistiek, zet RSA LOG zich in voor het bieden van niet alleen een kwaliteitsvolle en veilige service, maar ook concurrerende prijzen en duidelijke, transparante communicatie. Ons doel is om meer te zijn dan een dienstverlener; we willen de strategische partner zijn die het succes van uw bedrijf op het wereldtoneel stimuleert.ador de servi\u00e7os; queremos ser o parceiro estrat\u00e9gico que impulsiona o sucesso de seus neg\u00f3cios no cen\u00e1rio global.[\/vc_column_text][vc_separator align=&#8221;align_left&#8221; border_width=&#8221;9&#8243; el_width=&#8221;30&#8243; css=&#8221;.vc_custom_1681853683031{padding-top: 30px !important;}&#8221;][\/vc_column_inner][\/vc_row_inner][\/vc_column][\/vc_row]\n<\/div>","protected":false},"excerpt":{"rendered":"<p>[vc_row thb_full_width=&#8221;true&#8221; thb_row_padding=&#8221;true&#8221; thb_column_padding=&#8221;true&#8221; thb_shape_divider=&#8221;true&#8221; css=&#8221;.vc_custom_1680565235325{padding-bottom: 45px !important;background-position: center !important;background-repeat: no-repeat !important;background-size: cover !important;}&#8221; divider_shape=&#8221;tilt_v2&#8243; thb_divider_color=&#8221;#ffffff&#8221; thb_divider_height=&#8221;50&#8243; bg_gradient1=&#8221;#297ea1&#8243; bg_gradient2=&#8221;#6cc4c7&#8243;][vc_column][vc_row_inner css=&#8221;.vc_custom_1680565255274{padding-top: 60px !important;}&#8221;][vc_column_inner][\/vc_column_inner][\/vc_row_inner][\/vc_column][\/vc_row][vc_row thb_full_width=&#8221;true&#8221; thb_row_padding=&#8221;true&#8221; thb_column_padding=&#8221;true&#8221; content_placement=&#8221;middle&#8221; css=&#8221;.vc_custom_1702553821881{padding-top: 90px !important;padding-bottom: 12vh !important;background-color: #ffffff !important;}&#8221; el_class=&#8221;align-center&#8221;][vc_column][vc_row_inner thb_column_padding=&#8221;true&#8221; content_placement=&#8221;middle&#8221; css=&#8221;.vc_custom_1702554008080{padding-bottom: 6vh !important;}&#8221; el_class=&#8221;align-center&#8221;][vc_column_inner width=&#8221;1\/2&#8243; css=&#8221;.vc_custom_1702554033946{padding-right: 15% !important;}&#8221;][vc_separator align=&#8221;align_left&#8221; border_width=&#8221;9&#8243; el_width=&#8221;30&#8243; css=&#8221;.vc_custom_1681856434937{padding-bottom: 30px !important;}&#8221;][vc_column_text css=&#8221;&#8221;]Bij RSA LOG transformeren we&hellip;<\/p>\n","protected":false},"author":1,"featured_media":0,"parent":1808,"menu_order":0,"comment_status":"closed","ping_status":"closed","template":"","meta":{"footnotes":""},"class_list":["post-1986","page","type-page","status-publish","hentry"],"yoast_head":"<!-- This site is optimized with the Yoast SEO plugin v26.7 - https:\/\/yoast.com\/wordpress\/plugins\/seo\/ -->\n<title>Internationale Logistiek - RSA<\/title>\n<meta name=\"robots\" content=\"index, follow, max-snippet:-1, max-image-preview:large, max-video-preview:-1\" \/>\n<link rel=\"canonical\" href=\"https:\/\/rsalog.com\/nl\/oplossingen\/internationale-logistiek\/\" \/>\n<meta property=\"og:locale\" content=\"nl_NL\" \/>\n<meta property=\"og:type\" content=\"article\" \/>\n<meta property=\"og:title\" content=\"Internationale Logistiek - RSA\" \/>\n<meta property=\"og:description\" content=\"[vc_row thb_full_width=&#8221;true&#8221; thb_row_padding=&#8221;true&#8221; thb_column_padding=&#8221;true&#8221; thb_shape_divider=&#8221;true&#8221; css=&#8221;.vc_custom_1680565235325{padding-bottom: 45px !important;background-position: center !important;background-repeat: no-repeat !important;background-size: cover !important;}&#8221; divider_shape=&#8221;tilt_v2&#8243; thb_divider_color=&#8221;#ffffff&#8221; thb_divider_height=&#8221;50&#8243; bg_gradient1=&#8221;#297ea1&#8243; bg_gradient2=&#8221;#6cc4c7&#8243;][vc_column][vc_row_inner css=&#8221;.vc_custom_1680565255274{padding-top: 60px !important;}&#8221;][vc_column_inner][\/vc_column_inner][\/vc_row_inner][\/vc_column][\/vc_row][vc_row thb_full_width=&#8221;true&#8221; thb_row_padding=&#8221;true&#8221; thb_column_padding=&#8221;true&#8221; content_placement=&#8221;middle&#8221; css=&#8221;.vc_custom_1702553821881{padding-top: 90px !important;padding-bottom: 12vh !important;background-color: #ffffff !important;}&#8221; el_class=&#8221;align-center&#8221;][vc_column][vc_row_inner thb_column_padding=&#8221;true&#8221; content_placement=&#8221;middle&#8221; css=&#8221;.vc_custom_1702554008080{padding-bottom: 6vh !important;}&#8221; el_class=&#8221;align-center&#8221;][vc_column_inner width=&#8221;1\/2&#8243; css=&#8221;.vc_custom_1702554033946{padding-right: 15% !important;}&#8221;][vc_separator align=&#8221;align_left&#8221; border_width=&#8221;9&#8243; el_width=&#8221;30&#8243; css=&#8221;.vc_custom_1681856434937{padding-bottom: 30px !important;}&#8221;][vc_column_text css=&#8221;&#8221;]Bij RSA LOG transformeren we&hellip;\" \/>\n<meta property=\"og:url\" content=\"https:\/\/rsalog.com\/nl\/oplossingen\/internationale-logistiek\/\" \/>\n<meta property=\"og:site_name\" content=\"RSA\" \/>\n<meta property=\"article:modified_time\" content=\"2024-07-31T19:59:18+00:00\" \/>\n<meta property=\"og:image\" content=\"https:\/\/rsalog.com\/wp-content\/uploads\/2023\/11\/rsafooter.webp\" \/>\n\t<meta property=\"og:image:width\" content=\"1600\" \/>\n\t<meta property=\"og:image:height\" content=\"1300\" \/>\n\t<meta property=\"og:image:type\" content=\"image\/webp\" \/>\n<meta name=\"twitter:card\" content=\"summary_large_image\" \/>\n<meta name=\"twitter:label1\" content=\"Geschatte leestijd\" \/>\n\t<meta name=\"twitter:data1\" content=\"3 minuten\" \/>\n<script type=\"application\/ld+json\" class=\"yoast-schema-graph\">{\"@context\":\"https:\/\/schema.org\",\"@graph\":[{\"@type\":\"WebPage\",\"@id\":\"https:\/\/rsalog.com\/nl\/oplossingen\/internationale-logistiek\/\",\"url\":\"https:\/\/rsalog.com\/nl\/oplossingen\/internationale-logistiek\/\",\"name\":\"Internationale Logistiek - RSA\",\"isPartOf\":{\"@id\":\"https:\/\/rsalog.com\/nl\/#website\"},\"datePublished\":\"2023-06-12T19:07:01+00:00\",\"dateModified\":\"2024-07-31T19:59:18+00:00\",\"breadcrumb\":{\"@id\":\"https:\/\/rsalog.com\/nl\/oplossingen\/internationale-logistiek\/#breadcrumb\"},\"inLanguage\":\"nl-NL\",\"potentialAction\":[{\"@type\":\"ReadAction\",\"target\":[\"https:\/\/rsalog.com\/nl\/oplossingen\/internationale-logistiek\/\"]}]},{\"@type\":\"BreadcrumbList\",\"@id\":\"https:\/\/rsalog.com\/nl\/oplossingen\/internationale-logistiek\/#breadcrumb\",\"itemListElement\":[{\"@type\":\"ListItem\",\"position\":1,\"name\":\"In\u00edcio\",\"item\":\"https:\/\/rsalog.com\/nl\/\"},{\"@type\":\"ListItem\",\"position\":2,\"name\":\"Oplossingen\",\"item\":\"https:\/\/rsalog.com\/nl\/oplossingen\/\"},{\"@type\":\"ListItem\",\"position\":3,\"name\":\"Internationale Logistiek\"}]},{\"@type\":\"WebSite\",\"@id\":\"https:\/\/rsalog.com\/nl\/#website\",\"url\":\"https:\/\/rsalog.com\/nl\/\",\"name\":\"RSA Log\u00edstica Internacional\",\"description\":\"Logistica Internacional\",\"publisher\":{\"@id\":\"https:\/\/rsalog.com\/nl\/#organization\"},\"alternateName\":\"RSA Log\u00edstica\",\"potentialAction\":[{\"@type\":\"SearchAction\",\"target\":{\"@type\":\"EntryPoint\",\"urlTemplate\":\"https:\/\/rsalog.com\/nl\/?s={search_term_string}\"},\"query-input\":{\"@type\":\"PropertyValueSpecification\",\"valueRequired\":true,\"valueName\":\"search_term_string\"}}],\"inLanguage\":\"nl-NL\"},{\"@type\":\"Organization\",\"@id\":\"https:\/\/rsalog.com\/nl\/#organization\",\"name\":\"RSA Log\u00edstica Internacional\",\"alternateName\":\"RSA Log\u00edstica\",\"url\":\"https:\/\/rsalog.com\/nl\/\",\"logo\":{\"@type\":\"ImageObject\",\"inLanguage\":\"nl-NL\",\"@id\":\"https:\/\/rsalog.com\/nl\/#\/schema\/logo\/image\/\",\"url\":\"https:\/\/rsalog.com\/wp-content\/uploads\/2023\/04\/rsa-logistica-3.svg\",\"contentUrl\":\"https:\/\/rsalog.com\/wp-content\/uploads\/2023\/04\/rsa-logistica-3.svg\",\"width\":\"1024\",\"height\":\"1024\",\"caption\":\"RSA Log\u00edstica Internacional\"},\"image\":{\"@id\":\"https:\/\/rsalog.com\/nl\/#\/schema\/logo\/image\/\"},\"sameAs\":[\"https:\/\/www.instagram.com\/rsalogisticsbr\/\",\"https:\/\/www.linkedin.com\/company\/10004558\/admin\/\"]}]}<\/script>\n<!-- \/ Yoast SEO plugin. -->","yoast_head_json":{"title":"Internationale Logistiek - RSA","robots":{"index":"index","follow":"follow","max-snippet":"max-snippet:-1","max-image-preview":"max-image-preview:large","max-video-preview":"max-video-preview:-1"},"canonical":"https:\/\/rsalog.com\/nl\/oplossingen\/internationale-logistiek\/","og_locale":"nl_NL","og_type":"article","og_title":"Internationale Logistiek - RSA","og_description":"[vc_row thb_full_width=&#8221;true&#8221; thb_row_padding=&#8221;true&#8221; thb_column_padding=&#8221;true&#8221; thb_shape_divider=&#8221;true&#8221; css=&#8221;.vc_custom_1680565235325{padding-bottom: 45px !important;background-position: center !important;background-repeat: no-repeat !important;background-size: cover !important;}&#8221; divider_shape=&#8221;tilt_v2&#8243; thb_divider_color=&#8221;#ffffff&#8221; thb_divider_height=&#8221;50&#8243; bg_gradient1=&#8221;#297ea1&#8243; bg_gradient2=&#8221;#6cc4c7&#8243;][vc_column][vc_row_inner css=&#8221;.vc_custom_1680565255274{padding-top: 60px !important;}&#8221;][vc_column_inner][\/vc_column_inner][\/vc_row_inner][\/vc_column][\/vc_row][vc_row thb_full_width=&#8221;true&#8221; thb_row_padding=&#8221;true&#8221; thb_column_padding=&#8221;true&#8221; content_placement=&#8221;middle&#8221; css=&#8221;.vc_custom_1702553821881{padding-top: 90px !important;padding-bottom: 12vh !important;background-color: #ffffff !important;}&#8221; el_class=&#8221;align-center&#8221;][vc_column][vc_row_inner thb_column_padding=&#8221;true&#8221; content_placement=&#8221;middle&#8221; css=&#8221;.vc_custom_1702554008080{padding-bottom: 6vh !important;}&#8221; el_class=&#8221;align-center&#8221;][vc_column_inner width=&#8221;1\/2&#8243; css=&#8221;.vc_custom_1702554033946{padding-right: 15% !important;}&#8221;][vc_separator align=&#8221;align_left&#8221; border_width=&#8221;9&#8243; el_width=&#8221;30&#8243; css=&#8221;.vc_custom_1681856434937{padding-bottom: 30px !important;}&#8221;][vc_column_text css=&#8221;&#8221;]Bij RSA LOG transformeren we&hellip;","og_url":"https:\/\/rsalog.com\/nl\/oplossingen\/internationale-logistiek\/","og_site_name":"RSA","article_modified_time":"2024-07-31T19:59:18+00:00","og_image":[{"width":1600,"height":1300,"url":"https:\/\/rsalog.com\/wp-content\/uploads\/2023\/11\/rsafooter.webp","type":"image\/webp"}],"twitter_card":"summary_large_image","twitter_misc":{"Geschatte leestijd":"3 minuten"},"schema":{"@context":"https:\/\/schema.org","@graph":[{"@type":"WebPage","@id":"https:\/\/rsalog.com\/nl\/oplossingen\/internationale-logistiek\/","url":"https:\/\/rsalog.com\/nl\/oplossingen\/internationale-logistiek\/","name":"Internationale Logistiek - RSA","isPartOf":{"@id":"https:\/\/rsalog.com\/nl\/#website"},"datePublished":"2023-06-12T19:07:01+00:00","dateModified":"2024-07-31T19:59:18+00:00","breadcrumb":{"@id":"https:\/\/rsalog.com\/nl\/oplossingen\/internationale-logistiek\/#breadcrumb"},"inLanguage":"nl-NL","potentialAction":[{"@type":"ReadAction","target":["https:\/\/rsalog.com\/nl\/oplossingen\/internationale-logistiek\/"]}]},{"@type":"BreadcrumbList","@id":"https:\/\/rsalog.com\/nl\/oplossingen\/internationale-logistiek\/#breadcrumb","itemListElement":[{"@type":"ListItem","position":1,"name":"In\u00edcio","item":"https:\/\/rsalog.com\/nl\/"},{"@type":"ListItem","position":2,"name":"Oplossingen","item":"https:\/\/rsalog.com\/nl\/oplossingen\/"},{"@type":"ListItem","position":3,"name":"Internationale Logistiek"}]},{"@type":"WebSite","@id":"https:\/\/rsalog.com\/nl\/#website","url":"https:\/\/rsalog.com\/nl\/","name":"RSA Log\u00edstica Internacional","description":"Logistica Internacional","publisher":{"@id":"https:\/\/rsalog.com\/nl\/#organization"},"alternateName":"RSA Log\u00edstica","potentialAction":[{"@type":"SearchAction","target":{"@type":"EntryPoint","urlTemplate":"https:\/\/rsalog.com\/nl\/?s={search_term_string}"},"query-input":{"@type":"PropertyValueSpecification","valueRequired":true,"valueName":"search_term_string"}}],"inLanguage":"nl-NL"},{"@type":"Organization","@id":"https:\/\/rsalog.com\/nl\/#organization","name":"RSA Log\u00edstica Internacional","alternateName":"RSA Log\u00edstica","url":"https:\/\/rsalog.com\/nl\/","logo":{"@type":"ImageObject","inLanguage":"nl-NL","@id":"https:\/\/rsalog.com\/nl\/#\/schema\/logo\/image\/","url":"https:\/\/rsalog.com\/wp-content\/uploads\/2023\/04\/rsa-logistica-3.svg","contentUrl":"https:\/\/rsalog.com\/wp-content\/uploads\/2023\/04\/rsa-logistica-3.svg","width":"1024","height":"1024","caption":"RSA Log\u00edstica Internacional"},"image":{"@id":"https:\/\/rsalog.com\/nl\/#\/schema\/logo\/image\/"},"sameAs":["https:\/\/www.instagram.com\/rsalogisticsbr\/","https:\/\/www.linkedin.com\/company\/10004558\/admin\/"]}]}},"_links":{"self":[{"href":"https:\/\/rsalog.com\/nl\/wp-json\/wp\/v2\/pages\/1986","targetHints":{"allow":["GET"]}}],"collection":[{"href":"https:\/\/rsalog.com\/nl\/wp-json\/wp\/v2\/pages"}],"about":[{"href":"https:\/\/rsalog.com\/nl\/wp-json\/wp\/v2\/types\/page"}],"author":[{"embeddable":true,"href":"https:\/\/rsalog.com\/nl\/wp-json\/wp\/v2\/users\/1"}],"replies":[{"embeddable":true,"href":"https:\/\/rsalog.com\/nl\/wp-json\/wp\/v2\/comments?post=1986"}],"version-history":[{"count":0,"href":"https:\/\/rsalog.com\/nl\/wp-json\/wp\/v2\/pages\/1986\/revisions"}],"up":[{"embeddable":true,"href":"https:\/\/rsalog.com\/nl\/wp-json\/wp\/v2\/pages\/1808"}],"wp:attachment":[{"href":"https:\/\/rsalog.com\/nl\/wp-json\/wp\/v2\/media?parent=1986"}],"curies":[{"name":"wp","href":"https:\/\/api.w.org\/{rel}","templated":true}]}}